{"id":3185,"date":"2020-01-13T21:55:36","date_gmt":"2020-01-14T05:55:36","guid":{"rendered":"https:\/\/www.linncasa.org\/empresas-patrocinadoras-y-donantes\/"},"modified":"2025-04-29T23:34:55","modified_gmt":"2025-04-30T06:34:55","slug":"empresas-patrocinadoras-y-donantes","status":"publish","type":"page","link":"https:\/\/www.linncasa.org\/es\/empresas-patrocinadoras-y-donantes\/","title":{"rendered":"Empresas patrocinadoras y donantes"},"content":{"rendered":"<p>[et_pb_section fb_built=\u00bb1&#8243; admin_label=\u00bbHeader\u00bb _builder_version=\u00bb4.24.0&#8243; use_background_color_gradient=\u00bbon\u00bb background_color_gradient_stops=\u00bbrgba(0,68,124,0.69) 0%|#00447c 85%\u00bb background_color_gradient_overlays_image=\u00bbon\u00bb background_image=\u00bbhttps:\/\/www.linncasa.org\/wp-content\/uploads\/2023\/02\/bigstock-sponsors-welcome-76795322.jpg\u00bb parallax=\u00bbon\u00bb width=\u00bb100%\u00bb height=\u00bb1000px\u00bb max_height=\u00bb1000px\u00bb custom_padding=\u00bb6vw||6vw||true|false\u00bb hover_enabled=\u00bb0&#8243; locked=\u00bboff\u00bb global_colors_info=\u00bb{}\u00bb theme_builder_area=\u00bbpost_content\u00bb title_text=\u00bbSponsors Welcome\u00bb sticky_enabled=\u00bb0&#8243;][et_pb_row column_structure=\u00bb3_5,2_5&#8243; custom_padding_last_edited=\u00bbon|desktop\u00bb _builder_version=\u00bb4.24.0&#8243; _module_preset=\u00bbdefault\u00bb max_width=\u00bb2560px\u00bb custom_padding=\u00bb135px||||false|false\u00bb custom_padding_tablet=\u00bb135px||||false|false\u00bb custom_padding_phone=\u00bb135px||||false|false\u00bb global_colors_info=\u00bb{}\u00bb theme_builder_area=\u00bbpost_content\u00bb][et_pb_column type=\u00bb3_5&#8243; _builder_version=\u00bb4.24.0&#8243; _module_preset=\u00bbdefault\u00bb global_colors_info=\u00bb{}\u00bb theme_builder_area=\u00bbpost_content\u00bb][et_pb_text _builder_version=\u00bb4.24.0&#8243; _module_preset=\u00bbdefault\u00bb text_font=\u00bbPoppins|200|||||||\u00bb text_text_color=\u00bb#FFFFFF\u00bb text_font_size=\u00bb25px\u00bb header_font=\u00bbPoppins|700|||||||\u00bb header_text_color=\u00bb#FFFFFF\u00bb header_font_size=\u00bb90px\u00bb header_line_height=\u00bb1.2em\u00bb hover_enabled=\u00bb0&#8243; header_text_shadow_style=\u00bbpreset1&#8243; header_text_shadow_color=\u00bbrgba(0,0,0,0.34)\u00bb global_colors_info=\u00bb{}\u00bb theme_builder_area=\u00bbpost_content\u00bb sticky_enabled=\u00bb0&#8243; text_line_height=\u00bb1.8em\u00bb]<\/p>\n<h1>Empresas patrocinadoras y donantes<\/h1>\n<p>Estamos muy agradecidos a nuestra comunidad que apoya desinteresadamente nuestra misi\u00f3n de CASA mediante donaciones econ\u00f3micas y en especie. \u00a1Gracias a nuestros patrocinadores y donantes corporativos! <\/p>\n<p>[\/et_pb_text][\/et_pb_column][et_pb_column type=\u00bb2_5&#8243; _builder_version=\u00bb4.24.0&#8243; _module_preset=\u00bbdefault\u00bb global_colors_info=\u00bb{}\u00bb theme_builder_area=\u00bbpost_content\u00bb][\/et_pb_column][\/et_pb_row][\/et_pb_section][et_pb_section fb_built=\u00bb1&#8243; admin_label=\u00bbVideo\u00bb _builder_version=\u00bb4.24.0&#8243; use_background_color_gradient=\u00bbon\u00bb background_color_gradient_direction=\u00bb90deg\u00bb background_color_gradient_stops=\u00bbrgba(0,0,0,0) 30%|#ee3124 30%\u00bb background_color_gradient_start=\u00bbrgba(0,0,0,0)\u00bb background_color_gradient_start_position=\u00bb30%\u00bb background_color_gradient_end=\u00bb#004e43&#8243; background_color_gradient_end_position=\u00bb0%\u00bb global_colors_info=\u00bb{}\u00bb theme_builder_area=\u00bbpost_content\u00bb][\/et_pb_section][et_pb_section fb_built=\u00bb1&#8243; admin_label=\u00bbCategories\u00bb _builder_version=\u00bb4.24.0&#8243; background_color=\u00bb#FFFFFF\u00bb global_colors_info=\u00bb{}\u00bb theme_builder_area=\u00bbpost_content\u00bb][et_pb_row use_custom_gutter=\u00bbon\u00bb gutter_width=\u00bb2&#8243; custom_padding_last_edited=\u00bbon|phone\u00bb _builder_version=\u00bb4.24.0&#8243; width=\u00bb75%\u00bb max_width=\u00bb2560px\u00bb custom_padding=\u00bb15px||15px||true|false\u00bb custom_padding_tablet=\u00bb\u00bb custom_padding_phone=\u00bb15px||15px||true|false\u00bb global_colors_info=\u00bb{}\u00bb column_structure=\u00bb1_2,1_2&#8243; theme_builder_area=\u00bbpost_content\u00bb][et_pb_column type=\u00bb1_2&#8243; _builder_version=\u00bb4.16&#8243; global_colors_info=\u00bb{}\u00bb theme_builder_area=\u00bbpost_content\u00bb][et_pb_text _builder_version=\u00bb4.24.0&#8243; text_text_color=\u00bb#00447C\u00bb header_font=\u00bbPoppins|700|||||||\u00bb header_text_align=\u00bbcenter\u00bb header_line_height=\u00bb1.5em\u00bb header_2_font=\u00bbPoppins|700|||||||\u00bb header_2_text_color=\u00bb#000000&#8243; header_2_font_size=\u00bb80px\u00bb header_2_line_height=\u00bb1.2em\u00bb module_alignment=\u00bbcenter\u00bb hover_enabled=\u00bb0&#8243; header_2_font_size_tablet=\u00bb32px\u00bb header_2_font_size_phone=\u00bb18px\u00bb header_2_font_size_last_edited=\u00bbon|phone\u00bb locked=\u00bboff\u00bb global_colors_info=\u00bb{}\u00bb theme_builder_area=\u00bbpost_content\u00bb sticky_enabled=\u00bb0&#8243;]<\/p>\n<h1>Gracias a nuestro Patrocinador de Apoyo para nuestro Almuerzo 2023 Yo Estoy por la Infancia<\/h1>\n<p>[\/et_pb_text][\/et_pb_column][et_pb_column type=\u00bb1_2&#8243; _builder_version=\u00bb4.16&#8243; global_colors_info=\u00bb{}\u00bb theme_builder_area=\u00bbpost_content\u00bb][et_pb_image src=\u00bbhttps:\/\/www.linncasa.org\/wp-content\/uploads\/2023\/04\/WR-grace.png\u00bb _builder_version=\u00bb4.24.0&#8243; _module_preset=\u00bbdefault\u00bb theme_builder_area=\u00bbpost_content\u00bb title_text=\u00bbWR-grace\u00bb hover_enabled=\u00bb0&#8243; sticky_enabled=\u00bb0&#8243; width=\u00bb60%\u00bb][\/et_pb_image][\/et_pb_column][\/et_pb_row][\/et_pb_section][et_pb_section fb_built=\u00bb1&#8243; _builder_version=\u00bb4.24.0&#8243; _module_preset=\u00bbdefault\u00bb background_enable_color=\u00bboff\u00bb use_background_color_gradient=\u00bbon\u00bb background_color_gradient_direction=\u00bb90deg\u00bb background_color_gradient_stops=\u00bb#ffffff 40%|#00447c 40%\u00bb hover_enabled=\u00bb0&#8243; global_colors_info=\u00bb{}\u00bb theme_builder_area=\u00bbpost_content\u00bb sticky_enabled=\u00bb0&#8243;][et_pb_row column_structure=\u00bb1_2,1_2&#8243; use_custom_gutter=\u00bbon\u00bb custom_padding_last_edited=\u00bbon|phone\u00bb _builder_version=\u00bb4.24.0&#8243; width=\u00bb75%\u00bb max_width=\u00bb2560px\u00bb module_alignment=\u00bbleft\u00bb custom_padding=\u00bb15px||15px|110px|true|false\u00bb custom_padding_tablet=\u00bb\u00bb custom_padding_phone=\u00bb15px||15px||true|false\u00bb global_colors_info=\u00bb{}\u00bb theme_builder_area=\u00bbpost_content\u00bb][et_pb_column type=\u00bb1_2&#8243; _builder_version=\u00bb4.16&#8243; global_colors_info=\u00bb{}\u00bb theme_builder_area=\u00bbpost_content\u00bb][et_pb_image src=\u00bbhttps:\/\/www.linncasa.org\/wp-content\/uploads\/2023\/04\/table-website-sponsors.jpg\u00bb _builder_version=\u00bb4.24.0&#8243; _module_preset=\u00bbdefault\u00bb theme_builder_area=\u00bbpost_content\u00bb title_text=\u00bbtabla-sitio-patrocinadores\u00bb hover_enabled=\u00bb0&#8243; sticky_enabled=\u00bb0&#8243;][\/et_pb_image][\/et_pb_column][et_pb_column type=\u00bb1_2&#8243; _builder_version=\u00bb4.16&#8243; global_colors_info=\u00bb{}\u00bb theme_builder_area=\u00bbpost_content\u00bb][et_pb_text _builder_version=\u00bb4.24.0&#8243; text_text_color=\u00bb#00447C\u00bb header_font=\u00bbPoppins|700|||||||\u00bb header_text_align=\u00bbleft\u00bb header_text_color=\u00bb#FFFFFF\u00bb header_line_height=\u00bb1.5em\u00bb header_2_font=\u00bbPoppins|700|||||||\u00bb header_2_text_color=\u00bb#000000&#8243; header_2_font_size=\u00bb80px\u00bb header_2_line_height=\u00bb1.2em\u00bb module_alignment=\u00bbcenter\u00bb hover_enabled=\u00bb0&#8243; header_2_font_size_tablet=\u00bb32px\u00bb header_2_font_size_phone=\u00bb18px\u00bb header_2_font_size_last_edited=\u00bbon|phone\u00bb locked=\u00bboff\u00bb global_colors_info=\u00bb{}\u00bb theme_builder_area=\u00bbpost_content\u00bb sticky_enabled=\u00bb0&#8243;]<\/p>\n<h1>Gracias a nuestros patrocinadores de mesa para nuestro Almuerzo 2023 Yo Soy Para el Ni\u00f1o<\/h1>\n<p>[\/et_pb_text][\/et_pb_column][\/et_pb_row][\/et_pb_section][et_pb_section fb_built=\u00bb1&#8243; _builder_version=\u00bb4.24.0&#8243; _module_preset=\u00bbdefault\u00bb background_color=\u00bb#FFFFFF\u00bb hover_enabled=\u00bb0&#8243; global_colors_info=\u00bb{}\u00bb theme_builder_area=\u00bbpost_content\u00bb sticky_enabled=\u00bb0&#8243;][et_pb_row _builder_version=\u00bb4.24.0&#8243; _module_preset=\u00bbdefault\u00bb global_colors_info=\u00bb{}\u00bb theme_builder_area=\u00bbpost_content\u00bb][et_pb_column type=\u00bb4_4&#8243; _builder_version=\u00bb4.24.0&#8243; _module_preset=\u00bbdefault\u00bb global_colors_info=\u00bb{}\u00bb theme_builder_area=\u00bbpost_content\u00bb][et_pb_text _builder_version=\u00bb4.24.0&#8243; text_text_color=\u00bb#00447C\u00bb header_font=\u00bbPoppins|700|||||||\u00bb header_text_align=\u00bbcenter\u00bb header_text_color=\u00bb#EE3124&#8243; header_line_height=\u00bb1.5em\u00bb header_2_font=\u00bbPoppins|700|||||||\u00bb header_2_text_color=\u00bb#000000&#8243; header_2_font_size=\u00bb80px\u00bb header_2_line_height=\u00bb1.2em\u00bb module_alignment=\u00bbcenter\u00bb hover_enabled=\u00bb0&#8243; header_2_font_size_tablet=\u00bb32px\u00bb header_2_font_size_phone=\u00bb18px\u00bb header_2_font_size_last_edited=\u00bbon|phone\u00bb locked=\u00bboff\u00bb global_colors_info=\u00bb{}\u00bb theme_builder_area=\u00bbpost_content\u00bb sticky_enabled=\u00bb0&#8243;]<\/p>\n<h1>Gracias a nuestros patrocinadores de nuestro 2023 Brews &amp; BBQ<\/h1>\n<p>[\/et_pb_text][et_pb_image src=\u00bbhttps:\/\/www.linncasa.org\/wp-content\/uploads\/2023\/04\/Sponsors-for-website.jpg\u00bb _builder_version=\u00bb4.24.0&#8243; _module_preset=\u00bbdefault\u00bb theme_builder_area=\u00bbpost_content\u00bb title_text=\u00bbPatrocinadores para el sitio web\u00bb hover_enabled=\u00bb0&#8243; sticky_enabled=\u00bb0&#8243;][\/et_pb_image][\/et_pb_column][\/et_pb_row][et_pb_row _builder_version=\u00bb4.24.0&#8243; _module_preset=\u00bbdefault\u00bb theme_builder_area=\u00bbpost_content\u00bb hover_enabled=\u00bb0&#8243; sticky_enabled=\u00bb0&#8243;][et_pb_column _builder_version=\u00bb4.24.0&#8243; _module_preset=\u00bbdefault\u00bb type=\u00bb4_4&#8243; theme_builder_area=\u00bbpost_content\u00bb][et_pb_divider _builder_version=\u00bb4.24.0&#8243; _module_preset=\u00bbdefault\u00bb theme_builder_area=\u00bbpost_content\u00bb color=\u00bb#00447C\u00bb divider_weight=\u00bb3px\u00bb hover_enabled=\u00bb0&#8243; sticky_enabled=\u00bb0&#8243; divider_position=\u00bbcenter\u00bb][\/et_pb_divider][\/et_pb_column][\/et_pb_row][et_pb_row _builder_version=\u00bb4.24.0&#8243; _module_preset=\u00bbdefault\u00bb global_colors_info=\u00bb{}\u00bb theme_builder_area=\u00bbpost_content\u00bb][et_pb_column type=\u00bb4_4&#8243; _builder_version=\u00bb4.24.0&#8243; _module_preset=\u00bbdefault\u00bb global_colors_info=\u00bb{}\u00bb theme_builder_area=\u00bbpost_content\u00bb][et_pb_text _builder_version=\u00bb4.24.0&#8243; text_text_color=\u00bb#00447C\u00bb header_font=\u00bbPoppins|700|||||||\u00bb header_text_align=\u00bbcenter\u00bb header_text_color=\u00bb#EE3124&#8243; header_line_height=\u00bb1.5em\u00bb header_2_font=\u00bbPoppins|700|||||||\u00bb header_2_text_color=\u00bb#000000&#8243; header_2_font_size=\u00bb80px\u00bb header_2_line_height=\u00bb1.2em\u00bb module_alignment=\u00bbcenter\u00bb hover_enabled=\u00bb0&#8243; header_2_font_size_tablet=\u00bb32px\u00bb header_2_font_size_phone=\u00bb18px\u00bb header_2_font_size_last_edited=\u00bbon|phone\u00bb locked=\u00bboff\u00bb global_colors_info=\u00bb{}\u00bb theme_builder_area=\u00bbpost_content\u00bb sticky_enabled=\u00bb0&#8243;]<\/p>\n<h1>Gracias a nuestros patrocinadores para nuestro Bingo del Pavo 2023<\/h1>\n<p>[\/et_pb_text][et_pb_image src=\u00bbhttps:\/\/www.linncasa.org\/wp-content\/uploads\/2023\/04\/Budget-Blinds.jpg\u00bb _builder_version=\u00bb4.24.0&#8243; _module_preset=\u00bbdefault\u00bb theme_builder_area=\u00bbpost_content\u00bb title_text=\u00bbPresupuesto-Blinds\u00bb hover_enabled=\u00bb0&#8243; sticky_enabled=\u00bb0&#8243; width=\u00bb60%\u00bb module_alignment=\u00bbcenter\u00bb][\/et_pb_image][\/et_pb_column][\/et_pb_row][\/et_pb_section][et_pb_section fb_built=\u00bb1&#8243; theme_builder_area=\u00bbpost_content\u00bb _builder_version=\u00bb4.24.0&#8243; _module_preset=\u00bbdefault\u00bb][et_pb_row _builder_version=\u00bb4.24.0&#8243; _module_preset=\u00bbdefault\u00bb theme_builder_area=\u00bbpost_content\u00bb hover_enabled=\u00bb0&#8243; sticky_enabled=\u00bb0&#8243;][et_pb_column _builder_version=\u00bb4.24.0&#8243; _module_preset=\u00bbdefault\u00bb type=\u00bb4_4&#8243; theme_builder_area=\u00bbpost_content\u00bb][et_pb_divider _builder_version=\u00bb4.24.0&#8243; _module_preset=\u00bbdefault\u00bb theme_builder_area=\u00bbpost_content\u00bb color=\u00bb#00447C\u00bb divider_weight=\u00bb3px\u00bb hover_enabled=\u00bb0&#8243; sticky_enabled=\u00bb0&#8243; divider_position=\u00bbcenter\u00bb][\/et_pb_divider][\/et_pb_column][\/et_pb_row][\/et_pb_section][et_pb_section fb_built=\u00bb1&#8243; theme_builder_area=\u00bbpost_content\u00bb _builder_version=\u00bb4.24.0&#8243; _module_preset=\u00bbdefault\u00bb][et_pb_row _builder_version=\u00bb4.24.0&#8243; _module_preset=\u00bbdefault\u00bb global_colors_info=\u00bb{}\u00bb theme_builder_area=\u00bbpost_content\u00bb][et_pb_column type=\u00bb4_4&#8243; _builder_version=\u00bb4.24.0&#8243; _module_preset=\u00bbdefault\u00bb global_colors_info=\u00bb{}\u00bb theme_builder_area=\u00bbpost_content\u00bb][et_pb_text _builder_version=\u00bb4.24.0&#8243; text_text_color=\u00bb#00447C\u00bb header_font=\u00bbPoppins|700|||||||\u00bb header_text_align=\u00bbcenter\u00bb header_text_color=\u00bb#EE3124&#8243; header_line_height=\u00bb1.5em\u00bb header_2_font=\u00bbPoppins|700|||||||\u00bb header_2_text_color=\u00bb#000000&#8243; header_2_font_size=\u00bb80px\u00bb header_2_line_height=\u00bb1.2em\u00bb module_alignment=\u00bbcenter\u00bb hover_enabled=\u00bb0&#8243; header_2_font_size_tablet=\u00bb32px\u00bb header_2_font_size_phone=\u00bb18px\u00bb header_2_font_size_last_edited=\u00bbon|phone\u00bb locked=\u00bboff\u00bb global_colors_info=\u00bb{}\u00bb theme_builder_area=\u00bbpost_content\u00bb sticky_enabled=\u00bb0&#8243;]<\/p>\n<h1>Gracias a nuestros patrocinadores anteriores<\/h1>\n<p>[\/et_pb_text][et_pb_image src=\u00bbhttps:\/\/www.linncasa.org\/wp-content\/uploads\/2020\/01\/Sponsors-1.png\u00bb _builder_version=\u00bb4.24.0&#8243; _module_preset=\u00bbdefault\u00bb theme_builder_area=\u00bbpost_content\u00bb title_text=\u00bbPatrocinadores-1&#8243; hover_enabled=\u00bb0&#8243; sticky_enabled=\u00bb0&#8243; module_alignment=\u00bbcenter\u00bb][\/et_pb_image][\/et_pb_column][\/et_pb_row][\/et_pb_section][et_pb_section fb_built=\u00bb1&#8243; custom_padding_last_edited=\u00bboff|desktop\u00bb admin_label=\u00bbCTA\u00bb _builder_version=\u00bb4.24.0&#8243; background_color=\u00bb#00447C\u00bb background_enable_image=\u00bboff\u00bb parallax=\u00bbon\u00bb custom_padding=\u00bb10vw||10vw||true|false\u00bb custom_padding_tablet=\u00bb80px||300px||false|false\u00bb custom_padding_phone=\u00bb50px||200px||false|false\u00bb saved_tabs=\u00bball\u00bb locked=\u00bboff\u00bb global_colors_info=\u00bb{}\u00bb theme_builder_area=\u00bbpost_content\u00bb][et_pb_row _builder_version=\u00bb4.16&#8243; global_colors_info=\u00bb{}\u00bb theme_builder_area=\u00bbpost_content\u00bb][et_pb_column type=\u00bb4_4&#8243; _builder_version=\u00bb4.16&#8243; global_colors_info=\u00bb{}\u00bb theme_builder_area=\u00bbpost_content\u00bb][et_pb_text _builder_version=\u00bb4.24.0&#8243; text_font=\u00bbPoppins|300|||||||\u00bb text_text_color=\u00bb#FFFFFF\u00bb text_font_size=\u00bb16px\u00bb header_2_font=\u00bbPoppins|700||on|||||\u00bb header_2_text_color=\u00bb#FFFFFF\u00bb header_2_font_size=\u00bb75px\u00bb header_2_letter_spacing=\u00bb3px\u00bb header_2_line_height=\u00bb1.2em\u00bb text_orientation=\u00bbcenter\u00bb header_2_font_size_tablet=\u00bb32px\u00bb header_2_font_size_phone=\u00bb18px\u00bb header_2_font_size_last_edited=\u00bbon|phone\u00bb locked=\u00bboff\u00bb global_colors_info=\u00bb{}\u00bb theme_builder_area=\u00bbpost_content\u00bb]<\/p>\n<h2>Mantente en contacto<\/h2>\n<p>\u00danete a nuestra lista de correo electr\u00f3nico. Mira c\u00f3mo CASA del Condado de Linn marca la diferencia en la vida de los ni\u00f1os. <\/p>\n<p>[\/et_pb_text][\/et_pb_column][\/et_pb_row][et_pb_row _builder_version=\u00bb4.24.0&#8243; _module_preset=\u00bbdefault\u00bb custom_margin_tablet=\u00bb\u00bb custom_margin_phone=\u00bb\u00bb custom_margin_last_edited=\u00bbon|desktop\u00bb custom_padding=\u00bb0px||0px||true|false\u00bb global_colors_info=\u00bb{}\u00bb theme_builder_area=\u00bbpost_content\u00bb][et_pb_column type=\u00bb4_4&#8243; _builder_version=\u00bb4.24.0&#8243; _module_preset=\u00bbdefault\u00bb global_colors_info=\u00bb{}\u00bb theme_builder_area=\u00bbpost_content\u00bb][et_pb_signup layout=\u00bbtop_bottom\u00bb first_name_field=\u00bboff\u00bb last_name_field=\u00bboff\u00bb email_fullwidth=\u00bboff\u00bb _builder_version=\u00bb4.24.0&#8243; _module_preset=\u00bbdefault\u00bb form_field_background_color=\u00bb#FFFFFF\u00bb form_field_text_color=\u00bb#00447C\u00bb form_field_focus_background_color=\u00bbRGBA(255,255,255,0)\u00bb form_field_focus_text_color=\u00bb#FFFFFF\u00bb background_color=\u00bbRGBA(255,255,255,0)\u00bb custom_button=\u00bbon\u00bb button_text_color=\u00bb#FFFFFF\u00bb button_bg_color=\u00bb#EE3124&#8243; button_border_radius=\u00bb100px\u00bb button_font=\u00bbPoppins|300||on|||||\u00bb button_use_icon=\u00bboff\u00bb custom_margin_tablet=\u00bb\u00bb custom_margin_phone=\u00bb\u00bb custom_margin_last_edited=\u00bbon|desktop\u00bb custom_padding=\u00bb0px||0px||true|false\u00bb border_radii_fields=\u00bbon|53px|53px|53px|53px\u00bb border_width_all_fields=\u00bb2px\u00bb border_color_all_fields=\u00bb#EE3124&#8243; global_colors_info=\u00bb{}\u00bb form_field_text_color__hover_enabled=\u00bbon|hover\u00bb form_field_text_color__hover=\u00bb#FFFFFF\u00bb button_bg_color__hover_enabled=\u00bbon|hover\u00bb button_bg_color__hover=\u00bbRGBA(255,255,255,0)\u00bb button_bg_enable_color__hover=\u00bbon\u00bb button_border_color__hover_enabled=\u00bbon|desktop\u00bb button_border_color__hover=\u00bb#EE3124&#8243; theme_builder_area=\u00bbpost_content\u00bb][\/et_pb_signup][\/et_pb_column][\/et_pb_row][\/et_pb_section]<\/p>\n","protected":false},"excerpt":{"rendered":"<p>Empresas patrocinadoras y donantes Estamos muy agradecidos a nuestra comunidad que apoya desinteresadamente nuestra misi\u00f3n de CASA mediante donaciones econ\u00f3micas y en especie. \u00a1Gracias a nuestros patrocinadores y donantes corporativos! Gracias a nuestro Patrocinador de Apoyo para nuestro Almuerzo 2023 Yo Estoy por la InfanciaGracias a nuestros patrocinadores de mesa para nuestro Almuerzo 2023 Yo [&hellip;]<\/p>\n","protected":false},"author":5,"featured_media":0,"parent":0,"menu_order":0,"comment_status":"closed","ping_status":"closed","template":"","meta":{"_et_pb_use_builder":"on","_et_pb_old_content":"","_et_gb_content_width":"","footnotes":""},"class_list":["post-3185","page","type-page","status-publish","hentry"],"yoast_head":"<!-- This site is optimized with the Yoast SEO plugin v27.2 - https:\/\/yoast.com\/product\/yoast-seo-wordpress\/ -->\n<title>Empresas patrocinadoras y donantes - Casa of Linn County, Oregon<\/title>\n<meta name=\"description\" content=\"Nuestros patrocinadores y donantes corporativos significan el mundo para nosotros en CASA del Condado de Linn\" \/>\n<meta name=\"robots\" content=\"index, follow, max-snippet:-1, max-image-preview:large, max-video-preview:-1\" \/>\n<link rel=\"canonical\" href=\"https:\/\/www.linncasa.org\/es\/empresas-patrocinadoras-y-donantes\/\" \/>\n<meta property=\"og:locale\" content=\"es_ES\" \/>\n<meta property=\"og:type\" content=\"article\" \/>\n<meta property=\"og:title\" content=\"Empresas patrocinadoras y donantes - Casa of Linn County, Oregon\" \/>\n<meta property=\"og:description\" content=\"Nuestros patrocinadores y donantes corporativos significan el mundo para nosotros en CASA del Condado de Linn\" \/>\n<meta property=\"og:url\" content=\"https:\/\/www.linncasa.org\/es\/empresas-patrocinadoras-y-donantes\/\" \/>\n<meta property=\"og:site_name\" content=\"Casa of Linn County, Oregon\" \/>\n<meta property=\"article:publisher\" content=\"https:\/\/www.facebook.com\/CasaOfLinnCounty\/\" \/>\n<meta property=\"article:modified_time\" content=\"2025-04-30T06:34:55+00:00\" \/>\n<meta name=\"twitter:card\" content=\"summary_large_image\" \/>\n<meta name=\"twitter:label1\" content=\"Tiempo de lectura\" \/>\n\t<meta name=\"twitter:data1\" content=\"9 minutos\" \/>\n<script type=\"application\/ld+json\" class=\"yoast-schema-graph\">{\"@context\":\"https:\/\/schema.org\",\"@graph\":[{\"@type\":\"WebPage\",\"@id\":\"https:\/\/www.linncasa.org\/es\/empresas-patrocinadoras-y-donantes\/\",\"url\":\"https:\/\/www.linncasa.org\/es\/empresas-patrocinadoras-y-donantes\/\",\"name\":\"Empresas patrocinadoras y donantes - Casa of Linn County, Oregon\",\"isPartOf\":{\"@id\":\"https:\/\/www.linncasa.org\/es\/#website\"},\"datePublished\":\"2020-01-14T05:55:36+00:00\",\"dateModified\":\"2025-04-30T06:34:55+00:00\",\"description\":\"Nuestros patrocinadores y donantes corporativos significan el mundo para nosotros en CASA del Condado de Linn\",\"breadcrumb\":{\"@id\":\"https:\/\/www.linncasa.org\/es\/empresas-patrocinadoras-y-donantes\/#breadcrumb\"},\"inLanguage\":\"es\",\"potentialAction\":[{\"@type\":\"ReadAction\",\"target\":[\"https:\/\/www.linncasa.org\/es\/empresas-patrocinadoras-y-donantes\/\"]}]},{\"@type\":\"BreadcrumbList\",\"@id\":\"https:\/\/www.linncasa.org\/es\/empresas-patrocinadoras-y-donantes\/#breadcrumb\",\"itemListElement\":[{\"@type\":\"ListItem\",\"position\":1,\"name\":\"Home\",\"item\":\"https:\/\/www.linncasa.org\/es\/\"},{\"@type\":\"ListItem\",\"position\":2,\"name\":\"Empresas patrocinadoras y donantes\"}]},{\"@type\":\"WebSite\",\"@id\":\"https:\/\/www.linncasa.org\/es\/#website\",\"url\":\"https:\/\/www.linncasa.org\/es\/\",\"name\":\"CASA of Linn County\",\"description\":\"Change a Child&#039;s Story\u2122\",\"publisher\":{\"@id\":\"https:\/\/www.linncasa.org\/es\/#organization\"},\"potentialAction\":[{\"@type\":\"SearchAction\",\"target\":{\"@type\":\"EntryPoint\",\"urlTemplate\":\"https:\/\/www.linncasa.org\/es\/?s={search_term_string}\"},\"query-input\":{\"@type\":\"PropertyValueSpecification\",\"valueRequired\":true,\"valueName\":\"search_term_string\"}}],\"inLanguage\":\"es\"},{\"@type\":\"Organization\",\"@id\":\"https:\/\/www.linncasa.org\/es\/#organization\",\"name\":\"CASA of Linn County\",\"url\":\"https:\/\/www.linncasa.org\/es\/\",\"logo\":{\"@type\":\"ImageObject\",\"inLanguage\":\"es\",\"@id\":\"https:\/\/www.linncasa.org\/es\/#\/schema\/logo\/image\/\",\"url\":\"https:\/\/www.linncasa.org\/wp-content\/uploads\/2024\/03\/LINNCOUNTY_v_RedBlue.png\",\"contentUrl\":\"https:\/\/www.linncasa.org\/wp-content\/uploads\/2024\/03\/LINNCOUNTY_v_RedBlue.png\",\"width\":623,\"height\":630,\"caption\":\"CASA of Linn County\"},\"image\":{\"@id\":\"https:\/\/www.linncasa.org\/es\/#\/schema\/logo\/image\/\"},\"sameAs\":[\"https:\/\/www.facebook.com\/CasaOfLinnCounty\/\"]}]}<\/script>\n<!-- \/ Yoast SEO plugin. -->","yoast_head_json":{"title":"Empresas patrocinadoras y donantes - Casa of Linn County, Oregon","description":"Nuestros patrocinadores y donantes corporativos significan el mundo para nosotros en CASA del Condado de Linn","robots":{"index":"index","follow":"follow","max-snippet":"max-snippet:-1","max-image-preview":"max-image-preview:large","max-video-preview":"max-video-preview:-1"},"canonical":"https:\/\/www.linncasa.org\/es\/empresas-patrocinadoras-y-donantes\/","og_locale":"es_ES","og_type":"article","og_title":"Empresas patrocinadoras y donantes - Casa of Linn County, Oregon","og_description":"Nuestros patrocinadores y donantes corporativos significan el mundo para nosotros en CASA del Condado de Linn","og_url":"https:\/\/www.linncasa.org\/es\/empresas-patrocinadoras-y-donantes\/","og_site_name":"Casa of Linn County, Oregon","article_publisher":"https:\/\/www.facebook.com\/CasaOfLinnCounty\/","article_modified_time":"2025-04-30T06:34:55+00:00","twitter_card":"summary_large_image","twitter_misc":{"Tiempo de lectura":"9 minutos"},"schema":{"@context":"https:\/\/schema.org","@graph":[{"@type":"WebPage","@id":"https:\/\/www.linncasa.org\/es\/empresas-patrocinadoras-y-donantes\/","url":"https:\/\/www.linncasa.org\/es\/empresas-patrocinadoras-y-donantes\/","name":"Empresas patrocinadoras y donantes - Casa of Linn County, Oregon","isPartOf":{"@id":"https:\/\/www.linncasa.org\/es\/#website"},"datePublished":"2020-01-14T05:55:36+00:00","dateModified":"2025-04-30T06:34:55+00:00","description":"Nuestros patrocinadores y donantes corporativos significan el mundo para nosotros en CASA del Condado de Linn","breadcrumb":{"@id":"https:\/\/www.linncasa.org\/es\/empresas-patrocinadoras-y-donantes\/#breadcrumb"},"inLanguage":"es","potentialAction":[{"@type":"ReadAction","target":["https:\/\/www.linncasa.org\/es\/empresas-patrocinadoras-y-donantes\/"]}]},{"@type":"BreadcrumbList","@id":"https:\/\/www.linncasa.org\/es\/empresas-patrocinadoras-y-donantes\/#breadcrumb","itemListElement":[{"@type":"ListItem","position":1,"name":"Home","item":"https:\/\/www.linncasa.org\/es\/"},{"@type":"ListItem","position":2,"name":"Empresas patrocinadoras y donantes"}]},{"@type":"WebSite","@id":"https:\/\/www.linncasa.org\/es\/#website","url":"https:\/\/www.linncasa.org\/es\/","name":"CASA of Linn County","description":"Change a Child&#039;s Story\u2122","publisher":{"@id":"https:\/\/www.linncasa.org\/es\/#organization"},"potentialAction":[{"@type":"SearchAction","target":{"@type":"EntryPoint","urlTemplate":"https:\/\/www.linncasa.org\/es\/?s={search_term_string}"},"query-input":{"@type":"PropertyValueSpecification","valueRequired":true,"valueName":"search_term_string"}}],"inLanguage":"es"},{"@type":"Organization","@id":"https:\/\/www.linncasa.org\/es\/#organization","name":"CASA of Linn County","url":"https:\/\/www.linncasa.org\/es\/","logo":{"@type":"ImageObject","inLanguage":"es","@id":"https:\/\/www.linncasa.org\/es\/#\/schema\/logo\/image\/","url":"https:\/\/www.linncasa.org\/wp-content\/uploads\/2024\/03\/LINNCOUNTY_v_RedBlue.png","contentUrl":"https:\/\/www.linncasa.org\/wp-content\/uploads\/2024\/03\/LINNCOUNTY_v_RedBlue.png","width":623,"height":630,"caption":"CASA of Linn County"},"image":{"@id":"https:\/\/www.linncasa.org\/es\/#\/schema\/logo\/image\/"},"sameAs":["https:\/\/www.facebook.com\/CasaOfLinnCounty\/"]}]}},"_links":{"self":[{"href":"https:\/\/www.linncasa.org\/es\/wp-json\/wp\/v2\/pages\/3185","targetHints":{"allow":["GET"]}}],"collection":[{"href":"https:\/\/www.linncasa.org\/es\/wp-json\/wp\/v2\/pages"}],"about":[{"href":"https:\/\/www.linncasa.org\/es\/wp-json\/wp\/v2\/types\/page"}],"author":[{"embeddable":true,"href":"https:\/\/www.linncasa.org\/es\/wp-json\/wp\/v2\/users\/5"}],"replies":[{"embeddable":true,"href":"https:\/\/www.linncasa.org\/es\/wp-json\/wp\/v2\/comments?post=3185"}],"version-history":[{"count":2,"href":"https:\/\/www.linncasa.org\/es\/wp-json\/wp\/v2\/pages\/3185\/revisions"}],"predecessor-version":[{"id":3191,"href":"https:\/\/www.linncasa.org\/es\/wp-json\/wp\/v2\/pages\/3185\/revisions\/3191"}],"wp:attachment":[{"href":"https:\/\/www.linncasa.org\/es\/wp-json\/wp\/v2\/media?parent=3185"}],"curies":[{"name":"wp","href":"https:\/\/api.w.org\/{rel}","templated":true}]}}