{"id":3200,"date":"2020-01-13T20:05:37","date_gmt":"2020-01-14T04:05:37","guid":{"rendered":"https:\/\/www.linncasa.org\/dona\/"},"modified":"2025-10-14T10:19:41","modified_gmt":"2025-10-14T17:19:41","slug":"dona","status":"publish","type":"page","link":"https:\/\/www.linncasa.org\/es\/dona\/","title":{"rendered":"Dona"},"content":{"rendered":"<p>[et_pb_section fb_built=\u00bb1&#8243; custom_padding_last_edited=\u00bbon|phone\u00bb admin_label=\u00bbsection\u00bb _builder_version=\u00bb4.27.4&#8243; custom_padding_tablet=\u00bb\u00bb custom_padding_phone=\u00bb0px||0px||true|false\u00bb global_colors_info=\u00bb{}\u00bb][et_pb_row admin_label=\u00bbfila\u00bb _builder_version=\u00bb4.27.4&#8243; background_size=\u00bbinitial\u00bb background_position=\u00bbtop_left\u00bb background_repeat=\u00bbrepeat\u00bb width_tablet=\u00bb90%\u00bb width_phone=\u00bb90%\u00bb width_last_edited=\u00bbon|tablet\u00bb max_width_tablet=\u00bb\u00bb max_width_phone=\u00bb\u00bb max_width_last_edited=\u00bbon|tablet\u00bb global_colors_info=\u00bb{}\u00bb][et_pb_column type=\u00bb4_4&#8243; _builder_version=\u00bb4.16&#8243; custom_padding=\u00bb|||\u00bb global_colors_info=\u00bb{}\u00bb custom_padding__hover=\u00bb|||\u00bb][et_pb_text admin_label=\u00bbText\u00bb _builder_version=\u00bb4.27.4&#8243; header_font=\u00bb&#8211;et_global_heading_font|700|||||||\u00bb header_text_color=\u00bb#EE3124&#8243; header_font_size=\u00bb3em\u00bb background_size=\u00bbinitial\u00bb background_position=\u00bbtop_left\u00bb background_repeat=\u00bbrepeat\u00bb header_font_size_tablet=\u00bb2.3em\u00bb header_font_size_phone=\u00bb2em\u00bb header_font_size_last_edited=\u00bbon|tablet\u00bb global_colors_info=\u00bb{}\u00bb]<\/p>\n<div class=\"wp-block-media-text alignwide is-stacked-on-mobile\">\n<h1 class=\"wp-block-media-text__media\">Dona y apoya a CASA del condado de Linn<\/h1>\n<div class=\"wp-block-media-text__content\">\n<\/div>\n<\/div>\n<\/p>\n<p>[\/et_pb_text][et_pb_code _builder_version=\u00bb4.27.4&#8243; _module_preset=\u00bbdefault\u00bb global_colors_info=\u00bb{}\u00bb]<\/p>\n<div style=\"position:relative;overflow:hidden;height:600px;width:100%;\"><iframe title=\"Formulario de donaci\u00f3n desarrollado por Zeffy\" style=\"position: absolute; border: 0; top:0;left:0;bottom:0;right:0;width:100%;height:100%\" src=\"https:\/\/www.zeffy.com\/embed\/donation-form\/donate-to-change-lives-4059\" allowpaymentrequest=\"\" allowtransparency=\"true\"><\/iframe><\/div>\n<p>[\/et_pb_code][et_pb_text admin_label=\u00bbText\u00bb _builder_version=\u00bb4.27.4&#8243; header_font=\u00bb&#8211;et_global_heading_font|700|||||||\u00bb header_text_color=\u00bb#EE3124&#8243; header_font_size=\u00bb3em\u00bb background_size=\u00bbinitial\u00bb background_position=\u00bbtop_left\u00bb background_repeat=\u00bbrepeat\u00bb global_colors_info=\u00bb{}\u00bb]<\/p>\n<p><span style=\"font-size: 14px;\">Los donativos permiten la captaci\u00f3n, formaci\u00f3n y gesti\u00f3n constante de voluntarios de CASA que defienden a los ni\u00f1os m\u00e1s vulnerables de nuestra comunidad. Nuestros voluntarios ser\u00e1n asignados a los casos m\u00e1s complicados de maltrato y abandono infantil, desempe\u00f1ando un papel fundamental para garantizar que ning\u00fan ni\u00f1o se escape de las grietas de un sistema sobrecargado. Nuestros voluntarios act\u00faan como los ojos y los o\u00eddos del tribunal, ofreciendo a los jueces, que en \u00faltima instancia decidir\u00e1n la colocaci\u00f3n permanente de un ni\u00f1o, la oportunidad de tomar esas decisiones bas\u00e1ndose en toda la informaci\u00f3n. Quiz\u00e1, lo m\u00e1s importante, nuestros voluntarios sean un adulto atento y constante en la vida de un ni\u00f1o hasta que \u00e9ste sea devuelto a casa o adoptado en un hogar seguro y permanente con una familia cari\u00f1osa.   <\/span><\/p>\n<div class=\"wp-block-media-text alignwide is-stacked-on-mobile\">\n<div class=\"wp-block-media-text__content\">\n<\/div>\n<\/div>\n<\/p>\n<p>Cada a\u00f1o, CASA del Condado de Linn ayuda a los ni\u00f1os que han entrado en hogares de acogida. Por desgracia, sigue habiendo un vac\u00edo en la ayuda que CASA puede prestar. Hay una lista de espera debido al d\u00e9ficit de financiaci\u00f3n y a la necesidad de m\u00e1s voluntarios. Tus donativos nos ayudan a reducir esa brecha y a centrarnos en el sue\u00f1o de colmarla y dar a todos los ni\u00f1os que se encuentran en esta situaci\u00f3n esperanza, apoyo y orientaci\u00f3n. Tu ayuda fortalece nuestra comunidad local construyendo una vida hogare\u00f1a y un futuro mejores para la pr\u00f3xima generaci\u00f3n.    <\/p>\n<\/p>\n<p>Tambi\u00e9n puedes donar comprando art\u00edculos de nuestra lista de deseos de Amazon.<\/p>\n<\/p>\n<p>[\/et_pb_text][et_pb_button button_url=\u00bbhttps:\/\/www.zeffy.com\/en-US\/donation-form\/coaster-campaign-donation\u00bb url_new_window=\u00bbon\u00bb button_text=\u00bbApoya la Campa\u00f1a del Posavasos\u00bb button_alignment=\u00bbcenter\u00bb _builder_version=\u00bb4.27.4&#8243; _module_preset=\u00bbdefault\u00bb custom_button=\u00bbon\u00bb button_text_size=\u00bb18px\u00bb button_text_color=\u00bb#FFFFFF\u00bb button_bg_color=\u00bb#EE3124&#8243; button_border_width=\u00bb3px\u00bb button_border_color=\u00bb#EE3124&#8243; button_border_radius=\u00bb100px\u00bb button_letter_spacing=\u00bb2px\u00bb button_font=\u00bbPoppins|||on|||||\u00bb button_use_icon=\u00bboff\u00bb custom_padding=\u00bb10px|65px|10px|65px|true|true\u00bb hover_enabled=\u00bb0&#8243; button_text_size_tablet=\u00bb18px\u00bb button_text_size_phone=\u00bb15px\u00bb button_text_size_last_edited=\u00bbon|phone\u00bb global_colors_info=\u00bb{}\u00bb button_bg_color__hover_enabled=\u00bbon|hover\u00bb button_bg_color__hover=\u00bbRGBA(255,255,255,0)\u00bb button_bg_enable_color__hover=\u00bbon\u00bb button_letter_spacing__hover_enabled=\u00bboff|hover\u00bb button_letter_spacing__hover=\u00bb2px\u00bb button_border_color__hover_enabled=\u00bbon|desktop\u00bb button_border_color__hover=\u00bb#00447C\u00bb button_border_width__hover_enabled=\u00bbon|desktop\u00bb button_border_width__hover=\u00bb3px\u00bb button_text_color__hover_enabled=\u00bbon|desktop\u00bb button_text_color__hover=\u00bb#00447C\u00bb sticky_enabled=\u00bb0&#8243;][\/et_pb_button][et_pb_button button_url=\u00bbhttps:\/\/www.amazon.com\/hz\/wishlist\/ls\/9GFNFNI8GY5I?ref_=wl_share\u00bb url_new_window=\u00bbon\u00bb button_text=\u00bbLista de deseos de Amazon\u00bb button_alignment=\u00bbcenter\u00bb _builder_version=\u00bb4.27.4&#8243; _module_preset=\u00bbdefault\u00bb custom_button=\u00bbon\u00bb button_text_size=\u00bb18px\u00bb button_text_color=\u00bb#FFFFFF\u00bb button_bg_color=\u00bb#EE3124&#8243; button_border_width=\u00bb3px\u00bb button_border_color=\u00bb#EE3124&#8243; button_border_radius=\u00bb100px\u00bb button_letter_spacing=\u00bb2px\u00bb button_font=\u00bbPoppins|||on|||||\u00bb button_use_icon=\u00bboff\u00bb custom_padding=\u00bb10px|65px|10px|65px|true|true\u00bb hover_enabled=\u00bb0&#8243; button_text_size_tablet=\u00bb18px\u00bb button_text_size_phone=\u00bb15px\u00bb button_text_size_last_edited=\u00bbon|phone\u00bb global_colors_info=\u00bb{}\u00bb button_bg_color__hover_enabled=\u00bbon|hover\u00bb button_bg_color__hover=\u00bbRGBA(255,255,255,0)\u00bb button_bg_enable_color__hover=\u00bbon\u00bb button_letter_spacing__hover_enabled=\u00bboff|hover\u00bb button_letter_spacing__hover=\u00bb2px\u00bb button_border_color__hover_enabled=\u00bbon|desktop\u00bb button_border_color__hover=\u00bb#00447C\u00bb button_border_width__hover_enabled=\u00bbon|desktop\u00bb button_border_width__hover=\u00bb3px\u00bb button_text_color__hover_enabled=\u00bbon|desktop\u00bb button_text_color__hover=\u00bb#00447C\u00bb sticky_enabled=\u00bb0&#8243;][\/et_pb_button][et_pb_text _builder_version=\u00bb4.27.4&#8243; _module_preset=\u00bbdefault\u00bb global_colors_info=\u00bb{}\u00bb]<\/p>\n<p><strong>\u00bfLas donaciones a CASA son deducibles de impuestos?<\/strong>  CASA del Condado de Linn es una organizaci\u00f3n sin \u00e1nimo de lucro 501(c)(3). Tus donativos son deducibles de impuestos hasta el m\u00e1ximo permitido por la ley. Cuando recibamos cualquier donaci\u00f3n, te enviaremos por correo una carta de confirmaci\u00f3n y agradecimiento para que la conserves en tus archivos.  <\/p>\n<p><strong>Donaciones mensuales automatizadas:<\/strong> Puedes hacer un donativo mensual automatizado a CASA con tu tarjeta de cr\u00e9dito haciendo clic en el bot\u00f3n de donativo de arriba. Se te cargar\u00e1 la cantidad que elijas y luego otra vez, cada mes en la fecha de aniversario de la primera donaci\u00f3n. <\/p>\n<p><strong>Donaciones planificadas:<\/strong> Puedes apoyar a CASA del condado de Linn con donaciones planificadas en el futuro de tu testamento o fideicomiso, plan de jubilaci\u00f3n, donaciones de acciones o activos apreciados, o con donaciones de seguros de vida.<\/p>\n<p>[\/et_pb_text][\/et_pb_column][\/et_pb_row][\/et_pb_section]<\/p>\n","protected":false},"excerpt":{"rendered":"<p>Dona y apoya a CASA del condado de Linn Los donativos permiten la captaci\u00f3n, formaci\u00f3n y gesti\u00f3n constante de voluntarios de CASA que defienden a los ni\u00f1os m\u00e1s vulnerables de nuestra comunidad. Nuestros voluntarios ser\u00e1n asignados a los casos m\u00e1s complicados de maltrato y abandono infantil, desempe\u00f1ando un papel fundamental para garantizar que ning\u00fan ni\u00f1o [&hellip;]<\/p>\n","protected":false},"author":5,"featured_media":0,"parent":0,"menu_order":0,"comment_status":"closed","ping_status":"closed","template":"","meta":{"_et_pb_use_builder":"on","_et_pb_old_content":"","_et_gb_content_width":"","footnotes":""},"class_list":["post-3200","page","type-page","status-publish","hentry"],"yoast_head":"<!-- This site is optimized with the Yoast SEO plugin v27.2 - https:\/\/yoast.com\/product\/yoast-seo-wordpress\/ -->\n<title>Dona a CASA del condado de Linn | Dona ahora<\/title>\n<meta name=\"description\" content=\"Apoya el trabajo vital de CASA del Condado de Linn haciendo un donativo para ayudar a proporcionar recursos y apoyo a los ni\u00f1os maltratados y abandonados de la comunidad.\" \/>\n<meta name=\"robots\" content=\"index, follow, max-snippet:-1, max-image-preview:large, max-video-preview:-1\" \/>\n<link rel=\"canonical\" href=\"https:\/\/www.linncasa.org\/es\/dona\/\" \/>\n<meta property=\"og:locale\" content=\"es_ES\" \/>\n<meta property=\"og:type\" content=\"article\" \/>\n<meta property=\"og:title\" content=\"Dona a CASA del condado de Linn | Dona ahora\" \/>\n<meta property=\"og:description\" content=\"Apoya el trabajo vital de CASA del Condado de Linn haciendo un donativo para ayudar a proporcionar recursos y apoyo a los ni\u00f1os maltratados y abandonados de la comunidad.\" \/>\n<meta property=\"og:url\" content=\"https:\/\/www.linncasa.org\/es\/dona\/\" \/>\n<meta property=\"og:site_name\" content=\"Casa of Linn County, Oregon\" \/>\n<meta property=\"article:publisher\" content=\"https:\/\/www.facebook.com\/CasaOfLinnCounty\/\" \/>\n<meta property=\"article:modified_time\" content=\"2025-10-14T17:19:41+00:00\" \/>\n<meta name=\"twitter:card\" content=\"summary_large_image\" \/>\n<meta name=\"twitter:label1\" content=\"Tiempo de lectura\" \/>\n\t<meta name=\"twitter:data1\" content=\"5 minutos\" \/>\n<script type=\"application\/ld+json\" class=\"yoast-schema-graph\">{\"@context\":\"https:\/\/schema.org\",\"@graph\":[{\"@type\":\"WebPage\",\"@id\":\"https:\/\/www.linncasa.org\/es\/dona\/\",\"url\":\"https:\/\/www.linncasa.org\/es\/dona\/\",\"name\":\"Dona a CASA del condado de Linn | Dona ahora\",\"isPartOf\":{\"@id\":\"https:\/\/www.linncasa.org\/es\/#website\"},\"datePublished\":\"2020-01-14T04:05:37+00:00\",\"dateModified\":\"2025-10-14T17:19:41+00:00\",\"description\":\"Apoya el trabajo vital de CASA del Condado de Linn haciendo un donativo para ayudar a proporcionar recursos y apoyo a los ni\u00f1os maltratados y abandonados de la comunidad.\",\"breadcrumb\":{\"@id\":\"https:\/\/www.linncasa.org\/es\/dona\/#breadcrumb\"},\"inLanguage\":\"es\",\"potentialAction\":[{\"@type\":\"ReadAction\",\"target\":[\"https:\/\/www.linncasa.org\/es\/dona\/\"]}]},{\"@type\":\"BreadcrumbList\",\"@id\":\"https:\/\/www.linncasa.org\/es\/dona\/#breadcrumb\",\"itemListElement\":[{\"@type\":\"ListItem\",\"position\":1,\"name\":\"Home\",\"item\":\"https:\/\/www.linncasa.org\/es\/\"},{\"@type\":\"ListItem\",\"position\":2,\"name\":\"Dona\"}]},{\"@type\":\"WebSite\",\"@id\":\"https:\/\/www.linncasa.org\/es\/#website\",\"url\":\"https:\/\/www.linncasa.org\/es\/\",\"name\":\"CASA of Linn County\",\"description\":\"Change a Child&#039;s Story\u2122\",\"publisher\":{\"@id\":\"https:\/\/www.linncasa.org\/es\/#organization\"},\"potentialAction\":[{\"@type\":\"SearchAction\",\"target\":{\"@type\":\"EntryPoint\",\"urlTemplate\":\"https:\/\/www.linncasa.org\/es\/?s={search_term_string}\"},\"query-input\":{\"@type\":\"PropertyValueSpecification\",\"valueRequired\":true,\"valueName\":\"search_term_string\"}}],\"inLanguage\":\"es\"},{\"@type\":\"Organization\",\"@id\":\"https:\/\/www.linncasa.org\/es\/#organization\",\"name\":\"CASA of Linn County\",\"url\":\"https:\/\/www.linncasa.org\/es\/\",\"logo\":{\"@type\":\"ImageObject\",\"inLanguage\":\"es\",\"@id\":\"https:\/\/www.linncasa.org\/es\/#\/schema\/logo\/image\/\",\"url\":\"https:\/\/www.linncasa.org\/wp-content\/uploads\/2024\/03\/LINNCOUNTY_v_RedBlue.png\",\"contentUrl\":\"https:\/\/www.linncasa.org\/wp-content\/uploads\/2024\/03\/LINNCOUNTY_v_RedBlue.png\",\"width\":623,\"height\":630,\"caption\":\"CASA of Linn County\"},\"image\":{\"@id\":\"https:\/\/www.linncasa.org\/es\/#\/schema\/logo\/image\/\"},\"sameAs\":[\"https:\/\/www.facebook.com\/CasaOfLinnCounty\/\"]}]}<\/script>\n<!-- \/ Yoast SEO plugin. -->","yoast_head_json":{"title":"Dona a CASA del condado de Linn | Dona ahora","description":"Apoya el trabajo vital de CASA del Condado de Linn haciendo un donativo para ayudar a proporcionar recursos y apoyo a los ni\u00f1os maltratados y abandonados de la comunidad.","robots":{"index":"index","follow":"follow","max-snippet":"max-snippet:-1","max-image-preview":"max-image-preview:large","max-video-preview":"max-video-preview:-1"},"canonical":"https:\/\/www.linncasa.org\/es\/dona\/","og_locale":"es_ES","og_type":"article","og_title":"Dona a CASA del condado de Linn | Dona ahora","og_description":"Apoya el trabajo vital de CASA del Condado de Linn haciendo un donativo para ayudar a proporcionar recursos y apoyo a los ni\u00f1os maltratados y abandonados de la comunidad.","og_url":"https:\/\/www.linncasa.org\/es\/dona\/","og_site_name":"Casa of Linn County, Oregon","article_publisher":"https:\/\/www.facebook.com\/CasaOfLinnCounty\/","article_modified_time":"2025-10-14T17:19:41+00:00","twitter_card":"summary_large_image","twitter_misc":{"Tiempo de lectura":"5 minutos"},"schema":{"@context":"https:\/\/schema.org","@graph":[{"@type":"WebPage","@id":"https:\/\/www.linncasa.org\/es\/dona\/","url":"https:\/\/www.linncasa.org\/es\/dona\/","name":"Dona a CASA del condado de Linn | Dona ahora","isPartOf":{"@id":"https:\/\/www.linncasa.org\/es\/#website"},"datePublished":"2020-01-14T04:05:37+00:00","dateModified":"2025-10-14T17:19:41+00:00","description":"Apoya el trabajo vital de CASA del Condado de Linn haciendo un donativo para ayudar a proporcionar recursos y apoyo a los ni\u00f1os maltratados y abandonados de la comunidad.","breadcrumb":{"@id":"https:\/\/www.linncasa.org\/es\/dona\/#breadcrumb"},"inLanguage":"es","potentialAction":[{"@type":"ReadAction","target":["https:\/\/www.linncasa.org\/es\/dona\/"]}]},{"@type":"BreadcrumbList","@id":"https:\/\/www.linncasa.org\/es\/dona\/#breadcrumb","itemListElement":[{"@type":"ListItem","position":1,"name":"Home","item":"https:\/\/www.linncasa.org\/es\/"},{"@type":"ListItem","position":2,"name":"Dona"}]},{"@type":"WebSite","@id":"https:\/\/www.linncasa.org\/es\/#website","url":"https:\/\/www.linncasa.org\/es\/","name":"CASA of Linn County","description":"Change a Child&#039;s Story\u2122","publisher":{"@id":"https:\/\/www.linncasa.org\/es\/#organization"},"potentialAction":[{"@type":"SearchAction","target":{"@type":"EntryPoint","urlTemplate":"https:\/\/www.linncasa.org\/es\/?s={search_term_string}"},"query-input":{"@type":"PropertyValueSpecification","valueRequired":true,"valueName":"search_term_string"}}],"inLanguage":"es"},{"@type":"Organization","@id":"https:\/\/www.linncasa.org\/es\/#organization","name":"CASA of Linn County","url":"https:\/\/www.linncasa.org\/es\/","logo":{"@type":"ImageObject","inLanguage":"es","@id":"https:\/\/www.linncasa.org\/es\/#\/schema\/logo\/image\/","url":"https:\/\/www.linncasa.org\/wp-content\/uploads\/2024\/03\/LINNCOUNTY_v_RedBlue.png","contentUrl":"https:\/\/www.linncasa.org\/wp-content\/uploads\/2024\/03\/LINNCOUNTY_v_RedBlue.png","width":623,"height":630,"caption":"CASA of Linn County"},"image":{"@id":"https:\/\/www.linncasa.org\/es\/#\/schema\/logo\/image\/"},"sameAs":["https:\/\/www.facebook.com\/CasaOfLinnCounty\/"]}]}},"_links":{"self":[{"href":"https:\/\/www.linncasa.org\/es\/wp-json\/wp\/v2\/pages\/3200","targetHints":{"allow":["GET"]}}],"collection":[{"href":"https:\/\/www.linncasa.org\/es\/wp-json\/wp\/v2\/pages"}],"about":[{"href":"https:\/\/www.linncasa.org\/es\/wp-json\/wp\/v2\/types\/page"}],"author":[{"embeddable":true,"href":"https:\/\/www.linncasa.org\/es\/wp-json\/wp\/v2\/users\/5"}],"replies":[{"embeddable":true,"href":"https:\/\/www.linncasa.org\/es\/wp-json\/wp\/v2\/comments?post=3200"}],"version-history":[{"count":20,"href":"https:\/\/www.linncasa.org\/es\/wp-json\/wp\/v2\/pages\/3200\/revisions"}],"predecessor-version":[{"id":4015,"href":"https:\/\/www.linncasa.org\/es\/wp-json\/wp\/v2\/pages\/3200\/revisions\/4015"}],"wp:attachment":[{"href":"https:\/\/www.linncasa.org\/es\/wp-json\/wp\/v2\/media?parent=3200"}],"curies":[{"name":"wp","href":"https:\/\/api.w.org\/{rel}","templated":true}]}}