{"id":3201,"date":"2020-01-16T18:16:54","date_gmt":"2020-01-17T02:16:54","guid":{"rendered":"https:\/\/www.linncasa.org\/pijama-drive\/"},"modified":"2025-10-28T11:54:04","modified_gmt":"2025-10-28T18:54:04","slug":"pijama-drive","status":"publish","type":"page","link":"https:\/\/www.linncasa.org\/es\/pijama-drive\/","title":{"rendered":"Pijama Drive"},"content":{"rendered":"<p>[et_pb_section fb_built=\u00bb1&#8243; fullwidth=\u00bbon\u00bb _builder_version=\u00bb4.27.0&#8243; _module_preset=\u00bbdefault\u00bb global_colors_info=\u00bb{}\u00bb][et_pb_fullwidth_image src=\u00bbhttps:\/\/www.linncasa.org\/wp-content\/uploads\/2025\/10\/Collecting-now-until-Dec.-2nd-1.jpg\u00bb alt=\u00bbCabecera del Pijama Drive\u00bb title_text=\u00bbRecogida ahora hasta el 2 de diciembre (1)\u00bb _builder_version=\u00bb4.27.4&#8243; _module_preset=\u00bbdefault\u00bb global_colors_info=\u00bb{}\u00bb][\/et_pb_fullwidth_image][\/et_pb_section][et_pb_section fb_built=\u00bb1&#8243; _builder_version=\u00bb4.27.0&#8243; _module_preset=\u00bbdefault\u00bb background_color=\u00bb#1B5540&#8243; global_colors_info=\u00bb{}\u00bb][et_pb_row _builder_version=\u00bb4.27.4&#8243; _module_preset=\u00bbdefault\u00bb width_tablet=\u00bb90%\u00bb width_phone=\u00bb90%\u00bb width_last_edited=\u00bbon|tablet\u00bb max_width_tablet=\u00bb\u00bb max_width_phone=\u00bb\u00bb max_width_last_edited=\u00bbon|tablet\u00bb global_colors_info=\u00bb{}\u00bb][et_pb_column type=\u00bb4_4&#8243; _builder_version=\u00bb4.27.0&#8243; _module_preset=\u00bbdefault\u00bb global_colors_info=\u00bb{}\u00bb][et_pb_text _builder_version=\u00bb4.27.4&#8243; _module_preset=\u00bbdefault\u00bb header_font_size_tablet=\u00bb2em\u00bb header_font_size_phone=\u00bb1.3em\u00bb header_font_size_last_edited=\u00bbon|phone\u00bb global_colors_info=\u00bb{}\u00bb]<\/p>\n<h1 style=\"text-align: center;\"><span style=\"color: #ffffff;\">RECOGIDA DE PIJAMAS NUEVOS PARA J\u00d3VENES EN ACOGIDA DEL CONDADO DE LINN. SE NECESITAN TODAS LAS TALLAS PARA RECI\u00c9N NACIDOS &#8211; 21 A\u00d1OS. <\/span><span style=\"color: #ffffff;\"><\/span><\/h1>\n<p><span style=\"color: #ffffff;\"><\/span><\/p>\n<p>[\/et_pb_text][\/et_pb_column][\/et_pb_row][\/et_pb_section][et_pb_section fb_built=\u00bb1&#8243; _builder_version=\u00bb4.27.0&#8243; _module_preset=\u00bbdefault\u00bb background_color=\u00bb#660B16&#8243; global_colors_info=\u00bb{}\u00bb][et_pb_row _builder_version=\u00bb4.27.0&#8243; _module_preset=\u00bbdefault\u00bb global_colors_info=\u00bb{}\u00bb][et_pb_column type=\u00bb4_4&#8243; _builder_version=\u00bb4.27.0&#8243; _module_preset=\u00bbdefault\u00bb global_colors_info=\u00bb{}\u00bb][et_pb_text _builder_version=\u00bb4.27.4&#8243; _module_preset=\u00bbdefault\u00bb header_font_size_tablet=\u00bb2em\u00bb header_font_size_phone=\u00bb2em\u00bb header_font_size_last_edited=\u00bbon|phone\u00bb global_colors_info=\u00bb{}\u00bb]<\/p>\n<h1 style=\"text-align: center;\"><span style=\"color: #ffffff;\">Ubicaci\u00f3n de las Cajas en el Condado de Linn<\/span><\/h1>\n<p>[\/et_pb_text][\/et_pb_column][\/et_pb_row][\/et_pb_section][et_pb_section fb_built=\u00bb1&#8243; admin_label=\u00bbCategories\u00bb _builder_version=\u00bb4.27.0&#8243; background_color=\u00bb#FFFFFF\u00bb global_colors_info=\u00bb{}\u00bb][et_pb_row column_structure=\u00bb1_3,1_3,1_3&#8243; _builder_version=\u00bb4.27.4&#8243; _module_preset=\u00bbdefault\u00bb width_tablet=\u00bb90%\u00bb width_phone=\u00bb90%\u00bb width_last_edited=\u00bbon|tablet\u00bb max_width_tablet=\u00bb\u00bb max_width_phone=\u00bb\u00bb max_width_last_edited=\u00bbon|tablet\u00bb global_colors_info=\u00bb{}\u00bb][et_pb_column type=\u00bb1_3&#8243; _builder_version=\u00bb4.27.0&#8243; _module_preset=\u00bbdefault\u00bb global_colors_info=\u00bb{}\u00bb][et_pb_text _builder_version=\u00bb4.27.0&#8243; _module_preset=\u00bbdefault\u00bb global_colors_info=\u00bb{}\u00bb]<\/p>\n<h3 style=\"text-align: center;\">Albany<\/h3>\n<p style=\"text-align: center;\">Unidad 10 de la Legi\u00f3n Americana<\/p>\n<p style=\"text-align: center;\">Navegadores<\/p>\n<p style=\"text-align: center;\">Propiedades Premier<\/p>\n<p style=\"text-align: center;\">Centro de Recursos Humanos y Formaci\u00f3n Knife River<\/p>\n<p style=\"text-align: center;\">Edward Jones &#8211; Quinn Smith<\/p>\n<p style=\"text-align: center;\">Cl\u00ednica Infantil Samaritan Mid-Valley<\/p>\n<p style=\"text-align: center;\">Selectemp Servicios de Empleo<\/p>\n<p style=\"text-align: center;\">Banco Willamette Valley<\/p>\n<p style=\"text-align: center;\">YMCA<br \/>Hyundai<br \/>Linn-Benton Community College Main Campus<br \/>Oficina CASA del Condado de Linn<\/p>\n<p style=\"text-align: center;\">\n<p style=\"text-align: center;\">\n<p>&nbsp;<\/p>\n<p>[\/et_pb_text][\/et_pb_column][et_pb_column type=\u00bb1_3&#8243; _builder_version=\u00bb4.27.0&#8243; _module_preset=\u00bbdefault\u00bb global_colors_info=\u00bb{}\u00bb][et_pb_text _builder_version=\u00bb4.27.0&#8243; _module_preset=\u00bbdefault\u00bb global_colors_info=\u00bb{}\u00bb]<\/p>\n<h3 style=\"text-align: center;\">L\u00edbano<\/h3>\n<p style=\"text-align: center;\">  Dark Bloom Coffee Company<br \/>Boulder Falls Inn<br \/>Western Oregon University of Health Sciences<br \/>The Oaks<br \/>Departamento de Polic\u00eda de Lebanon<\/p>\n<p style=\"text-align: center;\">\n<p style=\"text-align: center;\">\n<p>[\/et_pb_text][\/et_pb_column][et_pb_column type=\u00bb1_3&#8243; _builder_version=\u00bb4.27.0&#8243; _module_preset=\u00bbdefault\u00bb global_colors_info=\u00bb{}\u00bb][et_pb_text _builder_version=\u00bb4.27.0&#8243; _module_preset=\u00bbdefault\u00bb global_colors_info=\u00bb{}\u00bb]<\/p>\n<h3 style=\"text-align: center;\">Dulce hogar  <\/h3>\n<p style=\"text-align: center;\">Country Financial<br \/>Oficina de la C\u00e1mara de Sweet Home<\/p>\n<p>&nbsp;<\/p>\n<p>[\/et_pb_text][\/et_pb_column][\/et_pb_row][\/et_pb_section][et_pb_section fb_built=\u00bb1&#8243; _builder_version=\u00bb4.27.0&#8243; _module_preset=\u00bbdefault\u00bb global_colors_info=\u00bb{}\u00bb][et_pb_row column_structure=\u00bb1_2,1_2&#8243; _builder_version=\u00bb4.27.0&#8243; _module_preset=\u00bbdefault\u00bb global_colors_info=\u00bb{}\u00bb][et_pb_column type=\u00bb1_2&#8243; _builder_version=\u00bb4.27.0&#8243; _module_preset=\u00bbdefault\u00bb global_colors_info=\u00bb{}\u00bb][et_pb_image src=\u00bbhttps:\/\/www.linncasa.org\/wp-content\/uploads\/2024\/09\/For-the-website.png\u00bb title_text=\u00bbPara el sitio web\u00bb _builder_version=\u00bb4.27.4&#8243; _module_preset=\u00bbdefault\u00bb global_colors_info=\u00bb{}\u00bb][\/et_pb_image][\/et_pb_column][et_pb_column type=\u00bb1_2&#8243; _builder_version=\u00bb4.27.0&#8243; _module_preset=\u00bbdefault\u00bb global_colors_info=\u00bb{}\u00bb][et_pb_text _builder_version=\u00bb4.27.0&#8243; _module_preset=\u00bbdefault\u00bb inline_fonts=\u00bbInder\u00bb global_colors_info=\u00bb{}\u00bb]<\/p>\n<h3 style=\"text-align: center;\"><span style=\"font-family: Inder; font-weight: normal; font-size: large; color: #660b16;\">A partir de noviembre, CASA del condado de Linn coloca cajas de donativos por todo el condado para recoger donativos para nuestra Campa\u00f1a Anual de Pijamas.  <\/span><\/h3>\n<h3 style=\"text-align: center;\"><span style=\"font-family: Inder; font-weight: normal; font-size: large; color: #660b16;\">Siempre buscamos ayuda para entregar las cajas de donativos a nuestros socios comunitarios a principios de noviembre, para recoger las cajas de donativos a principios de diciembre y para clasificar todos los maravillosos donativos.  <\/span><\/h3>\n<h3 style=\"text-align: center;\"><span style=\"font-family: Inder; font-weight: normal; font-size: large; color: #660b16;\">CASA del Condado de Linn est\u00e1 buscando socios de la comunidad para una Campa\u00f1a de Recogida de Pijamas mediante la compra de papel de regalo, bolsas de regalo medianas y grandes, y cajas de ropa que nuestros Defensores puedan utilizar cuando \u00abcompren\u00bb y envuelvan para sus j\u00f3venes.<\/span><\/h3>\n<p>[\/et_pb_text][et_pb_button button_url=\u00bbmailto:admin@linncasa.org\u00bb url_new_window=\u00bbon\u00bb button_text=\u00bb\u00bfInteresado en acoger una caja o ser voluntario?\u00bb button_alignment=\u00bbcenter\u00bb _builder_version=\u00bb4.27.0&#8243; _module_preset=\u00bbdefault\u00bb custom_button=\u00bbon\u00bb button_text_color=\u00bb#660B16&#8243; button_border_width=\u00bb2px\u00bb button_border_color=\u00bb#660b16&#8243; button_border_radius=\u00bb15px\u00bb button_font=\u00bbInter||||||||\u00bb button_use_icon=\u00bboff\u00bb box_shadow_style=\u00bbpreset1&#8243; box_shadow_color=\u00bb#bcbcbc\u00bb global_colors_info=\u00bb{}\u00bb][\/et_pb_button][\/et_pb_column][\/et_pb_row][\/et_pb_section][et_pb_section fb_built=\u00bb1&#8243; custom_padding_last_edited=\u00bboff|desktop\u00bb admin_label=\u00bbCTA\u00bb _builder_version=\u00bb4.24.0&#8243; background_color=\u00bb#00447C\u00bb background_enable_image=\u00bboff\u00bb parallax=\u00bbon\u00bb custom_padding=\u00bb10vw||10vw||true|false\u00bb custom_padding_tablet=\u00bb80px||300px||false|false\u00bb custom_padding_phone=\u00bb50px||200px||false|false\u00bb saved_tabs=\u00bball\u00bb locked=\u00bboff\u00bb global_colors_info=\u00bb{}\u00bb][et_pb_row _builder_version=\u00bb4.24.2&#8243; width_tablet=\u00bb90%\u00bb width_phone=\u00bb90%\u00bb width_last_edited=\u00bbon|tablet\u00bb max_width_tablet=\u00bb\u00bb max_width_phone=\u00bb\u00bb max_width_last_edited=\u00bbon|tablet\u00bb global_colors_info=\u00bb{}\u00bb][et_pb_column type=\u00bb4_4&#8243; _builder_version=\u00bb4.16&#8243; global_colors_info=\u00bb{}\u00bb][et_pb_text _builder_version=\u00bb4.24.0&#8243; text_font=\u00bbPoppins|300|||||||\u00bb text_text_color=\u00bb#FFFFFF\u00bb text_font_size=\u00bb16px\u00bb header_2_font=\u00bbPoppins|700||on|||||\u00bb header_2_text_color=\u00bb#FFFFFF\u00bb header_2_font_size=\u00bb75px\u00bb header_2_letter_spacing=\u00bb3px\u00bb header_2_line_height=\u00bb1.2em\u00bb text_orientation=\u00bbcenter\u00bb header_2_font_size_tablet=\u00bb32px\u00bb header_2_font_size_phone=\u00bb18px\u00bb header_2_font_size_last_edited=\u00bbon|phone\u00bb locked=\u00bboff\u00bb global_colors_info=\u00bb{}\u00bb]<\/p>\n<h2>Mantente en contacto<\/h2>\n<p>\u00danete a nuestra lista de correo electr\u00f3nico. Mira c\u00f3mo CASA del Condado de Linn marca la diferencia en la vida de los ni\u00f1os. <\/p>\n<p>[\/et_pb_text][\/et_pb_column][\/et_pb_row][et_pb_row _builder_version=\u00bb4.24.2&#8243; _module_preset=\u00bbdefault\u00bb width_tablet=\u00bb95%\u00bb width_phone=\u00bb95%\u00bb width_last_edited=\u00bbon|tablet\u00bb max_width_tablet=\u00bb\u00bb max_width_phone=\u00bb\u00bb max_width_last_edited=\u00bbon|tablet\u00bb custom_margin_tablet=\u00bb\u00bb custom_margin_phone=\u00bb\u00bb custom_margin_last_edited=\u00bbon|desktop\u00bb custom_padding=\u00bb0px||0px||true|false\u00bb global_colors_info=\u00bb{}\u00bb][et_pb_column type=\u00bb4_4&#8243; _builder_version=\u00bb4.24.0&#8243; _module_preset=\u00bbdefault\u00bb global_colors_info=\u00bb{}\u00bb][et_pb_signup layout=\u00bbtop_bottom\u00bb first_name_field=\u00bboff\u00bb last_name_field=\u00bboff\u00bb email_fullwidth=\u00bboff\u00bb email_fullwidth_tablet=\u00bboff\u00bb email_fullwidth_phone=\u00bbon\u00bb email_fullwidth_last_edited=\u00bbon|phone\u00bb _builder_version=\u00bb4.24.2&#8243; _module_preset=\u00bbdefault\u00bb form_field_background_color=\u00bb#FFFFFF\u00bb form_field_text_color=\u00bb#00447C\u00bb form_field_focus_background_color=\u00bbRGBA(255,255,255,0)\u00bb form_field_focus_text_color=\u00bb#FFFFFF\u00bb background_color=\u00bbRGBA(255,255,255,0)\u00bb custom_button=\u00bbon\u00bb button_text_color=\u00bb#FFFFFF\u00bb button_bg_color=\u00bb#EE3124&#8243; button_border_radius=\u00bb100px\u00bb button_font=\u00bbPoppins|300||on|||||\u00bb button_use_icon=\u00bboff\u00bb custom_margin_tablet=\u00bb\u00bb custom_margin_phone=\u00bb\u00bb custom_margin_last_edited=\u00bbon|desktop\u00bb custom_padding=\u00bb0px||0px||true|false\u00bb border_radii_fields=\u00bbon|53px|53px|53px|53px\u00bb border_width_all_fields=\u00bb2px\u00bb border_color_all_fields=\u00bb#EE3124&#8243; global_colors_info=\u00bb{}\u00bb form_field_text_color__hover_enabled=\u00bbon|hover\u00bb form_field_text_color__hover=\u00bb#FFFFFF\u00bb button_bg_color__hover_enabled=\u00bbon|hover\u00bb button_bg_color__hover=\u00bbRGBA(255,255,255,0)\u00bb button_bg_enable_color__hover=\u00bbon\u00bb button_border_color__hover_enabled=\u00bbon|desktop\u00bb button_border_color__hover=\u00bb#EE3124&#8243;][\/et_pb_signup][\/et_pb_column][\/et_pb_row][\/et_pb_section]<\/p>\n","protected":false},"excerpt":{"rendered":"<p>RECOGIDA DE PIJAMAS NUEVOS PARA J\u00d3VENES EN ACOGIDA DEL CONDADO DE LINN. SE NECESITAN TODAS LAS TALLAS PARA RECI\u00c9N NACIDOS &#8211; 21 A\u00d1OS. Ubicaci\u00f3n de las Cajas en el Condado de LinnAlbany Unidad 10 de la Legi\u00f3n Americana Navegadores Propiedades Premier Centro de Recursos Humanos y Formaci\u00f3n Knife River Edward Jones &#8211; Quinn Smith Cl\u00ednica [&hellip;]<\/p>\n","protected":false},"author":5,"featured_media":0,"parent":0,"menu_order":0,"comment_status":"closed","ping_status":"closed","template":"","meta":{"_et_pb_use_builder":"on","_et_pb_old_content":"","_et_gb_content_width":"","footnotes":""},"class_list":["post-3201","page","type-page","status-publish","hentry"],"yoast_head":"<!-- This site is optimized with the Yoast SEO plugin v27.2 - https:\/\/yoast.com\/product\/yoast-seo-wordpress\/ -->\n<title>Recogida de Pijamas | Recaudaci\u00f3n de Fondos para CASA del Condado de Linn<\/title>\n<meta name=\"robots\" content=\"index, follow, max-snippet:-1, max-image-preview:large, max-video-preview:-1\" \/>\n<link rel=\"canonical\" href=\"https:\/\/www.linncasa.org\/es\/pijama-drive\/\" \/>\n<meta property=\"og:locale\" content=\"es_ES\" \/>\n<meta property=\"og:type\" content=\"article\" \/>\n<meta property=\"og:title\" content=\"Recogida de Pijamas | Recaudaci\u00f3n de Fondos para CASA del Condado de Linn\" \/>\n<meta property=\"og:description\" content=\"RECOGIDA DE PIJAMAS NUEVOS PARA J\u00d3VENES EN ACOGIDA DEL CONDADO DE LINN. SE NECESITAN TODAS LAS TALLAS PARA RECI\u00c9N NACIDOS - 21 A\u00d1OS. Ubicaci\u00f3n de las Cajas en el Condado de LinnAlbany Unidad 10 de la Legi\u00f3n Americana Navegadores Propiedades Premier Centro de Recursos Humanos y Formaci\u00f3n Knife River Edward Jones - Quinn Smith Cl\u00ednica [&hellip;]\" \/>\n<meta property=\"og:url\" content=\"https:\/\/www.linncasa.org\/es\/pijama-drive\/\" \/>\n<meta property=\"og:site_name\" content=\"Casa of Linn County, Oregon\" \/>\n<meta property=\"article:publisher\" content=\"https:\/\/www.facebook.com\/CasaOfLinnCounty\/\" \/>\n<meta property=\"article:modified_time\" content=\"2025-10-28T18:54:04+00:00\" \/>\n<meta name=\"twitter:card\" content=\"summary_large_image\" \/>\n<meta name=\"twitter:label1\" content=\"Tiempo de lectura\" \/>\n\t<meta name=\"twitter:data1\" content=\"6 minutos\" \/>\n<script type=\"application\/ld+json\" class=\"yoast-schema-graph\">{\"@context\":\"https:\/\/schema.org\",\"@graph\":[{\"@type\":\"WebPage\",\"@id\":\"https:\/\/www.linncasa.org\/es\/pijama-drive\/\",\"url\":\"https:\/\/www.linncasa.org\/es\/pijama-drive\/\",\"name\":\"Recogida de Pijamas | Recaudaci\u00f3n de Fondos para CASA del Condado de Linn\",\"isPartOf\":{\"@id\":\"https:\/\/www.linncasa.org\/es\/#website\"},\"datePublished\":\"2020-01-17T02:16:54+00:00\",\"dateModified\":\"2025-10-28T18:54:04+00:00\",\"breadcrumb\":{\"@id\":\"https:\/\/www.linncasa.org\/es\/pijama-drive\/#breadcrumb\"},\"inLanguage\":\"es\",\"potentialAction\":[{\"@type\":\"ReadAction\",\"target\":[\"https:\/\/www.linncasa.org\/es\/pijama-drive\/\"]}]},{\"@type\":\"BreadcrumbList\",\"@id\":\"https:\/\/www.linncasa.org\/es\/pijama-drive\/#breadcrumb\",\"itemListElement\":[{\"@type\":\"ListItem\",\"position\":1,\"name\":\"Home\",\"item\":\"https:\/\/www.linncasa.org\/es\/\"},{\"@type\":\"ListItem\",\"position\":2,\"name\":\"Pijama Drive\"}]},{\"@type\":\"WebSite\",\"@id\":\"https:\/\/www.linncasa.org\/es\/#website\",\"url\":\"https:\/\/www.linncasa.org\/es\/\",\"name\":\"CASA of Linn County\",\"description\":\"Change a Child&#039;s Story\u2122\",\"publisher\":{\"@id\":\"https:\/\/www.linncasa.org\/es\/#organization\"},\"potentialAction\":[{\"@type\":\"SearchAction\",\"target\":{\"@type\":\"EntryPoint\",\"urlTemplate\":\"https:\/\/www.linncasa.org\/es\/?s={search_term_string}\"},\"query-input\":{\"@type\":\"PropertyValueSpecification\",\"valueRequired\":true,\"valueName\":\"search_term_string\"}}],\"inLanguage\":\"es\"},{\"@type\":\"Organization\",\"@id\":\"https:\/\/www.linncasa.org\/es\/#organization\",\"name\":\"CASA of Linn County\",\"url\":\"https:\/\/www.linncasa.org\/es\/\",\"logo\":{\"@type\":\"ImageObject\",\"inLanguage\":\"es\",\"@id\":\"https:\/\/www.linncasa.org\/es\/#\/schema\/logo\/image\/\",\"url\":\"https:\/\/www.linncasa.org\/wp-content\/uploads\/2024\/03\/LINNCOUNTY_v_RedBlue.png\",\"contentUrl\":\"https:\/\/www.linncasa.org\/wp-content\/uploads\/2024\/03\/LINNCOUNTY_v_RedBlue.png\",\"width\":623,\"height\":630,\"caption\":\"CASA of Linn County\"},\"image\":{\"@id\":\"https:\/\/www.linncasa.org\/es\/#\/schema\/logo\/image\/\"},\"sameAs\":[\"https:\/\/www.facebook.com\/CasaOfLinnCounty\/\"]}]}<\/script>\n<!-- \/ Yoast SEO plugin. -->","yoast_head_json":{"title":"Recogida de Pijamas | Recaudaci\u00f3n de Fondos para CASA del Condado de Linn","robots":{"index":"index","follow":"follow","max-snippet":"max-snippet:-1","max-image-preview":"max-image-preview:large","max-video-preview":"max-video-preview:-1"},"canonical":"https:\/\/www.linncasa.org\/es\/pijama-drive\/","og_locale":"es_ES","og_type":"article","og_title":"Recogida de Pijamas | Recaudaci\u00f3n de Fondos para CASA del Condado de Linn","og_description":"RECOGIDA DE PIJAMAS NUEVOS PARA J\u00d3VENES EN ACOGIDA DEL CONDADO DE LINN. SE NECESITAN TODAS LAS TALLAS PARA RECI\u00c9N NACIDOS - 21 A\u00d1OS. Ubicaci\u00f3n de las Cajas en el Condado de LinnAlbany Unidad 10 de la Legi\u00f3n Americana Navegadores Propiedades Premier Centro de Recursos Humanos y Formaci\u00f3n Knife River Edward Jones - Quinn Smith Cl\u00ednica [&hellip;]","og_url":"https:\/\/www.linncasa.org\/es\/pijama-drive\/","og_site_name":"Casa of Linn County, Oregon","article_publisher":"https:\/\/www.facebook.com\/CasaOfLinnCounty\/","article_modified_time":"2025-10-28T18:54:04+00:00","twitter_card":"summary_large_image","twitter_misc":{"Tiempo de lectura":"6 minutos"},"schema":{"@context":"https:\/\/schema.org","@graph":[{"@type":"WebPage","@id":"https:\/\/www.linncasa.org\/es\/pijama-drive\/","url":"https:\/\/www.linncasa.org\/es\/pijama-drive\/","name":"Recogida de Pijamas | Recaudaci\u00f3n de Fondos para CASA del Condado de Linn","isPartOf":{"@id":"https:\/\/www.linncasa.org\/es\/#website"},"datePublished":"2020-01-17T02:16:54+00:00","dateModified":"2025-10-28T18:54:04+00:00","breadcrumb":{"@id":"https:\/\/www.linncasa.org\/es\/pijama-drive\/#breadcrumb"},"inLanguage":"es","potentialAction":[{"@type":"ReadAction","target":["https:\/\/www.linncasa.org\/es\/pijama-drive\/"]}]},{"@type":"BreadcrumbList","@id":"https:\/\/www.linncasa.org\/es\/pijama-drive\/#breadcrumb","itemListElement":[{"@type":"ListItem","position":1,"name":"Home","item":"https:\/\/www.linncasa.org\/es\/"},{"@type":"ListItem","position":2,"name":"Pijama Drive"}]},{"@type":"WebSite","@id":"https:\/\/www.linncasa.org\/es\/#website","url":"https:\/\/www.linncasa.org\/es\/","name":"CASA of Linn County","description":"Change a Child&#039;s Story\u2122","publisher":{"@id":"https:\/\/www.linncasa.org\/es\/#organization"},"potentialAction":[{"@type":"SearchAction","target":{"@type":"EntryPoint","urlTemplate":"https:\/\/www.linncasa.org\/es\/?s={search_term_string}"},"query-input":{"@type":"PropertyValueSpecification","valueRequired":true,"valueName":"search_term_string"}}],"inLanguage":"es"},{"@type":"Organization","@id":"https:\/\/www.linncasa.org\/es\/#organization","name":"CASA of Linn County","url":"https:\/\/www.linncasa.org\/es\/","logo":{"@type":"ImageObject","inLanguage":"es","@id":"https:\/\/www.linncasa.org\/es\/#\/schema\/logo\/image\/","url":"https:\/\/www.linncasa.org\/wp-content\/uploads\/2024\/03\/LINNCOUNTY_v_RedBlue.png","contentUrl":"https:\/\/www.linncasa.org\/wp-content\/uploads\/2024\/03\/LINNCOUNTY_v_RedBlue.png","width":623,"height":630,"caption":"CASA of Linn County"},"image":{"@id":"https:\/\/www.linncasa.org\/es\/#\/schema\/logo\/image\/"},"sameAs":["https:\/\/www.facebook.com\/CasaOfLinnCounty\/"]}]}},"_links":{"self":[{"href":"https:\/\/www.linncasa.org\/es\/wp-json\/wp\/v2\/pages\/3201","targetHints":{"allow":["GET"]}}],"collection":[{"href":"https:\/\/www.linncasa.org\/es\/wp-json\/wp\/v2\/pages"}],"about":[{"href":"https:\/\/www.linncasa.org\/es\/wp-json\/wp\/v2\/types\/page"}],"author":[{"embeddable":true,"href":"https:\/\/www.linncasa.org\/es\/wp-json\/wp\/v2\/users\/5"}],"replies":[{"embeddable":true,"href":"https:\/\/www.linncasa.org\/es\/wp-json\/wp\/v2\/comments?post=3201"}],"version-history":[{"count":6,"href":"https:\/\/www.linncasa.org\/es\/wp-json\/wp\/v2\/pages\/3201\/revisions"}],"predecessor-version":[{"id":4033,"href":"https:\/\/www.linncasa.org\/es\/wp-json\/wp\/v2\/pages\/3201\/revisions\/4033"}],"wp:attachment":[{"href":"https:\/\/www.linncasa.org\/es\/wp-json\/wp\/v2\/media?parent=3201"}],"curies":[{"name":"wp","href":"https:\/\/api.w.org\/{rel}","templated":true}]}}