{"id":3203,"date":"2020-01-16T18:17:23","date_gmt":"2020-01-17T02:17:23","guid":{"rendered":"https:\/\/www.linncasa.org\/almuerzo-levantate-por-un-nino\/"},"modified":"2026-01-16T13:48:36","modified_gmt":"2026-01-16T21:48:36","slug":"almuerzo-levantate-por-un-nino","status":"publish","type":"page","link":"https:\/\/www.linncasa.org\/es\/almuerzo-levantate-por-un-nino\/","title":{"rendered":"Almuerzo LEV\u00c1NTATE POR UN NI\u00d1O"},"content":{"rendered":"<p>[et_pb_section fb_built=\u00bb1&#8243; fullwidth=\u00bbon\u00bb _builder_version=\u00bb4.27.0&#8243; _module_preset=\u00bbdefault\u00bb global_colors_info=\u00bb{}\u00bb][et_pb_fullwidth_image src=\u00bbhttps:\/\/www.linncasa.org\/wp-content\/uploads\/2026\/01\/STAND-UP-FOR-A-CHILD-Facebook-Cover.jpg\u00bb title_text=\u00bbLEV\u00c1NTATE POR UN NI\u00d1O Portada de Facebook\u00bb _builder_version=\u00bb4.27.0&#8243; _module_preset=\u00bbdefault\u00bb global_colors_info=\u00bb{}\u00bb][\/et_pb_fullwidth_image][\/et_pb_section][et_pb_section fb_built=\u00bb1&#8243; _builder_version=\u00bb4.27.0&#8243; _module_preset=\u00bbdefault\u00bb global_colors_info=\u00bb{}\u00bb][et_pb_row _builder_version=\u00bb4.27.4&#8243; _module_preset=\u00bbdefault\u00bb width_tablet=\u00bb90%\u00bb width_phone=\u00bb90%\u00bb width_last_edited=\u00bbon|phone\u00bb max_width_tablet=\u00bb\u00bb max_width_phone=\u00bb\u00bb max_width_last_edited=\u00bbon|phone\u00bb global_colors_info=\u00bb{}\u00bb][et_pb_column type=\u00bb4_4&#8243; _builder_version=\u00bb4.27.0&#8243; _module_preset=\u00bbdefault\u00bb global_colors_info=\u00bb{}\u00bb][et_pb_text _builder_version=\u00bb4.27.4&#8243; text_text_color=\u00bb#FFFFFF\u00bb text_font_size=\u00bb16px\u00bb text_line_height=\u00bb2em\u00bb header_2_font=\u00bbPoppins|700||on|||||\u00bb header_2_text_color=\u00bb#FFFFFF\u00bb header_2_font_size=\u00bb80px\u00bb header_2_line_height=\u00bb1.2em\u00bb custom_padding=\u00bb||0px|||\u00bb header_2_font_size_tablet=\u00bb32px\u00bb header_2_font_size_phone=\u00bb1.3em\u00bb header_2_font_size_last_edited=\u00bbon|phone\u00bb header_3_font_size_tablet=\u00bb1.3em\u00bb header_3_font_size_phone=\u00bb1em\u00bb header_3_font_size_last_edited=\u00bbon|phone\u00bb header_3_line_height_tablet=\u00bb1.5em\u00bb header_3_line_height_phone=\u00bb1.5em\u00bb header_3_line_height_last_edited=\u00bbon|tablet\u00bb locked=\u00bboff\u00bb global_colors_info=\u00bb{}\u00bb]<\/p>\n<h2 style=\"text-align: center;\"><span style=\"color: #000000;\">\u00danete a nosotros: 4 de marzo de 2026<\/span><\/h2>\n<h3 style=\"text-align: center;\"><span style=\"color: #000000;\">a nuestro almuerzo anual para escuchar c\u00f3mo los Defensores Especiales Designados por los Tribunales<strong>(CASA<\/strong>) marcan la diferencia en las vidas de los j\u00f3venes de acogida del condado de Linn y c\u00f3mo, con tu apoyo, podemos alcanzar nuestro objetivo de un <strong>CASA<\/strong> <strong>para cada ni\u00f1o<\/strong>.<\/span><\/h3>\n<p><span style=\"color: #000000;\"><\/span><\/p>\n<p>[\/et_pb_text][et_pb_text _builder_version=\u00bb4.27.4&#8243; text_font=\u00bb||||||||\u00bb text_text_color=\u00bb#000000&#8243; text_font_size=\u00bb16px\u00bb text_line_height=\u00bb2em\u00bb header_font=\u00bbPoppins|700|||||||\u00bb header_text_align=\u00bbcenter\u00bb header_text_color=\u00bb#00447C\u00bb header_line_height=\u00bb1.5em\u00bb header_2_font=\u00bbPoppins|700|||||||\u00bb header_2_text_color=\u00bb#000000&#8243; header_2_font_size=\u00bb80px\u00bb header_2_line_height=\u00bb1.2em\u00bb header_3_font=\u00bb|||||on|||\u00bb header_3_font_size=\u00bb32px\u00bb header_3_letter_spacing=\u00bb1px\u00bb header_3_line_height=\u00bb1.3em\u00bb text_orientation=\u00bbcenter\u00bb width=\u00bb45%\u00bb module_alignment=\u00bbcenter\u00bb custom_padding=\u00bb0px|||||\u00bb header_font_size_tablet=\u00bb\u00bb header_font_size_phone=\u00bb25px\u00bb header_font_size_last_edited=\u00bbon|phone\u00bb header_2_font_size_tablet=\u00bb32px\u00bb header_2_font_size_phone=\u00bb18px\u00bb header_2_font_size_last_edited=\u00bbon|phone\u00bb header_3_font_size_tablet=\u00bb32px\u00bb header_3_font_size_phone=\u00bb1.3em\u00bb header_3_font_size_last_edited=\u00bbon|phone\u00bb locked=\u00bboff\u00bb global_colors_info=\u00bb{}\u00bb]<\/p>\n<h3><\/h3>\n<h3><span style=\"color: #000000;\">12:00-13:00<\/span><\/h3>\n<h3><span style=\"color: #000000;\">Apertura de puertas a las 11:30<\/span><br \/><span style=\"color: #000000;\">El programa comienza a las 12:00<\/span><br \/><span style=\"color: #000000;\">Centro de Eventos Boulder Falls Inn<\/span><br \/><span style=\"color: #000000;\">Lebanon, Oreg\u00f3n<\/span><\/h3>\n<p>[\/et_pb_text][et_pb_text _builder_version=\u00bb4.27.4&#8243; text_font=\u00bb||||||||\u00bb text_text_color=\u00bb#000000&#8243; text_font_size=\u00bb16px\u00bb text_line_height=\u00bb2em\u00bb link_font=\u00bb|700|||on|||#00447C|\u00bb link_text_color=\u00bb#00447C\u00bb header_font=\u00bbPoppins|700|||||||\u00bb header_text_align=\u00bbcenter\u00bb header_line_height=\u00bb1.5em\u00bb header_2_font=\u00bbPoppins|700|||||||\u00bb header_2_text_color=\u00bb#000000&#8243; header_2_font_size=\u00bb80px\u00bb header_2_line_height=\u00bb1.2em\u00bb text_orientation=\u00bbcenter\u00bb width=\u00bb45%\u00bb module_alignment=\u00bbcenter\u00bb custom_padding=\u00bb0px|||||\u00bb hover_enabled=\u00bb0&#8243; header_2_font_size_tablet=\u00bb32px\u00bb header_2_font_size_phone=\u00bb18px\u00bb header_2_font_size_last_edited=\u00bbon|phone\u00bb locked=\u00bboff\u00bb global_colors_info=\u00bb{}\u00bb sticky_enabled=\u00bb0&#8243;]<\/p>\n<h3><span style=\"color: #993366;\">Para m\u00e1s informaci\u00f3n o consultas sobre la asistencia, ponte en contacto con nuestro <a href=\"mailto:shyla.malloy@linncasa.org\">Director Ejecutivo <\/a><\/span><span style=\"color: #993366;\">o el <a href=\"mailto:jennifer.cabral-ireland@linncasa.org\">Director del Programa.<\/a><\/span><\/h3>\n<p>[\/et_pb_text][\/et_pb_column][\/et_pb_row][\/et_pb_section][et_pb_section fb_built=\u00bb1&#8243; custom_padding_last_edited=\u00bboff|desktop\u00bb admin_label=\u00bbCTA\u00bb _builder_version=\u00bb4.24.0&#8243; background_color=\u00bb#00447C\u00bb background_enable_image=\u00bboff\u00bb parallax=\u00bbon\u00bb custom_padding=\u00bb10vw||10vw||true|false\u00bb custom_padding_tablet=\u00bb80px||300px||false|false\u00bb custom_padding_phone=\u00bb50px||200px||false|false\u00bb saved_tabs=\u00bball\u00bb locked=\u00bboff\u00bb global_colors_info=\u00bb{}\u00bb][et_pb_row _builder_version=\u00bb4.24.2&#8243; width_tablet=\u00bb\u00bb width_phone=\u00bb95%\u00bb width_last_edited=\u00bbon|phone\u00bb max_width_tablet=\u00bb\u00bb max_width_phone=\u00bb\u00bb max_width_last_edited=\u00bbon|phone\u00bb global_colors_info=\u00bb{}\u00bb][et_pb_column type=\u00bb4_4&#8243; _builder_version=\u00bb4.16&#8243; global_colors_info=\u00bb{}\u00bb][et_pb_text _builder_version=\u00bb4.24.0&#8243; text_font=\u00bbPoppins|300|||||||\u00bb text_text_color=\u00bb#FFFFFF\u00bb text_font_size=\u00bb16px\u00bb header_2_font=\u00bbPoppins|700||on|||||\u00bb header_2_text_color=\u00bb#FFFFFF\u00bb header_2_font_size=\u00bb75px\u00bb header_2_letter_spacing=\u00bb3px\u00bb header_2_line_height=\u00bb1.2em\u00bb text_orientation=\u00bbcenter\u00bb header_2_font_size_tablet=\u00bb32px\u00bb header_2_font_size_phone=\u00bb18px\u00bb header_2_font_size_last_edited=\u00bbon|phone\u00bb locked=\u00bboff\u00bb global_colors_info=\u00bb{}\u00bb]<\/p>\n<h2>Mantente en contacto<\/h2>\n<p>\u00danete a nuestra lista de correo electr\u00f3nico. Mira c\u00f3mo CASA del Condado de Linn marca la diferencia en la vida de los ni\u00f1os. <\/p>\n<p>[\/et_pb_text][\/et_pb_column][\/et_pb_row][et_pb_row _builder_version=\u00bb4.24.2&#8243; _module_preset=\u00bbdefault\u00bb width_tablet=\u00bb\u00bb width_phone=\u00bb98%\u00bb width_last_edited=\u00bbon|phone\u00bb max_width_tablet=\u00bb\u00bb max_width_phone=\u00bb\u00bb max_width_last_edited=\u00bbon|phone\u00bb custom_margin_tablet=\u00bb\u00bb custom_margin_phone=\u00bb\u00bb custom_margin_last_edited=\u00bbon|desktop\u00bb custom_padding=\u00bb0px||0px||true|false\u00bb global_colors_info=\u00bb{}\u00bb][et_pb_column type=\u00bb4_4&#8243; _builder_version=\u00bb4.24.0&#8243; _module_preset=\u00bbdefault\u00bb global_colors_info=\u00bb{}\u00bb][et_pb_signup layout=\u00bbtop_bottom\u00bb first_name_field=\u00bboff\u00bb last_name_field=\u00bboff\u00bb email_fullwidth=\u00bboff\u00bb email_fullwidth_tablet=\u00bboff\u00bb email_fullwidth_phone=\u00bbon\u00bb email_fullwidth_last_edited=\u00bbon|phone\u00bb _builder_version=\u00bb4.24.2&#8243; _module_preset=\u00bbdefault\u00bb form_field_background_color=\u00bb#FFFFFF\u00bb form_field_text_color=\u00bb#00447C\u00bb form_field_focus_background_color=\u00bbRGBA(255,255,255,0)\u00bb form_field_focus_text_color=\u00bb#FFFFFF\u00bb background_color=\u00bbRGBA(255,255,255,0)\u00bb custom_button=\u00bbon\u00bb button_text_color=\u00bb#FFFFFF\u00bb button_bg_color=\u00bb#EE3124&#8243; button_border_radius=\u00bb100px\u00bb button_font=\u00bbPoppins|300||on|||||\u00bb button_use_icon=\u00bboff\u00bb custom_margin_tablet=\u00bb\u00bb custom_margin_phone=\u00bb\u00bb custom_margin_last_edited=\u00bbon|desktop\u00bb custom_padding=\u00bb0px||0px||true|false\u00bb border_radii_fields=\u00bbon|53px|53px|53px|53px\u00bb border_width_all_fields=\u00bb2px\u00bb border_color_all_fields=\u00bb#EE3124&#8243; global_colors_info=\u00bb{}\u00bb form_field_text_color__hover_enabled=\u00bbon|hover\u00bb form_field_text_color__hover=\u00bb#FFFFFF\u00bb button_bg_color__hover_enabled=\u00bbon|hover\u00bb button_bg_color__hover=\u00bbRGBA(255,255,255,0)\u00bb button_bg_enable_color__hover=\u00bbon\u00bb button_border_color__hover_enabled=\u00bbon|desktop\u00bb button_border_color__hover=\u00bb#EE3124&#8243;][\/et_pb_signup][\/et_pb_column][\/et_pb_row][\/et_pb_section]<\/p>\n","protected":false},"excerpt":{"rendered":"<p>\u00danete a nosotros: 4 de marzo de 2026 a nuestro almuerzo anual para escuchar c\u00f3mo los Defensores Especiales Designados por los Tribunales(CASA) marcan la diferencia en las vidas de los j\u00f3venes de acogida del condado de Linn y c\u00f3mo, con tu apoyo, podemos alcanzar nuestro objetivo de un CASA para cada ni\u00f1o. 12:00-13:00 Apertura de [&hellip;]<\/p>\n","protected":false},"author":5,"featured_media":3105,"parent":0,"menu_order":0,"comment_status":"closed","ping_status":"closed","template":"","meta":{"_et_pb_use_builder":"on","_et_pb_old_content":"","_et_gb_content_width":"","footnotes":""},"class_list":["post-3203","page","type-page","status-publish","has-post-thumbnail","hentry"],"yoast_head":"<!-- This site is optimized with the Yoast SEO plugin v27.2 - https:\/\/yoast.com\/product\/yoast-seo-wordpress\/ -->\n<title>ALMUERZO PARA DEFENDER A UN NI\u00d1O | CASA del Condado de Linn<\/title>\n<meta name=\"description\" content=\"Apoya a CASA del condado de Linn y a nuestros numerosos eventos para recaudar fondos, entre los que se incluye &quot;Lev\u00e1ntate por un ni\u00f1o&quot;.\" \/>\n<meta name=\"robots\" content=\"index, follow, max-snippet:-1, max-image-preview:large, max-video-preview:-1\" \/>\n<link rel=\"canonical\" href=\"https:\/\/www.linncasa.org\/es\/almuerzo-levantate-por-un-nino\/\" \/>\n<meta property=\"og:locale\" content=\"es_ES\" \/>\n<meta property=\"og:type\" content=\"article\" \/>\n<meta property=\"og:title\" content=\"ALMUERZO PARA DEFENDER A UN NI\u00d1O | CASA del Condado de Linn\" \/>\n<meta property=\"og:description\" content=\"Apoya a CASA del condado de Linn y a nuestros numerosos eventos para recaudar fondos, entre los que se incluye &quot;Lev\u00e1ntate por un ni\u00f1o&quot;.\" \/>\n<meta property=\"og:url\" content=\"https:\/\/www.linncasa.org\/es\/almuerzo-levantate-por-un-nino\/\" \/>\n<meta property=\"og:site_name\" content=\"Casa of Linn County, Oregon\" \/>\n<meta property=\"article:publisher\" content=\"https:\/\/www.facebook.com\/CasaOfLinnCounty\/\" \/>\n<meta property=\"article:modified_time\" content=\"2026-01-16T21:48:36+00:00\" \/>\n<meta property=\"og:image\" content=\"https:\/\/www.linncasa.org\/wp-content\/uploads\/2024\/01\/Copy-of-Copy-of-Appreciation-Proposal-3.png\" \/>\n\t<meta property=\"og:image:width\" content=\"1100\" \/>\n\t<meta property=\"og:image:height\" content=\"550\" \/>\n\t<meta property=\"og:image:type\" content=\"image\/png\" \/>\n<meta name=\"twitter:card\" content=\"summary_large_image\" \/>\n<meta name=\"twitter:label1\" content=\"Tiempo de lectura\" \/>\n\t<meta name=\"twitter:data1\" content=\"5 minutos\" \/>\n<script type=\"application\/ld+json\" class=\"yoast-schema-graph\">{\"@context\":\"https:\/\/schema.org\",\"@graph\":[{\"@type\":\"WebPage\",\"@id\":\"https:\/\/www.linncasa.org\/es\/almuerzo-levantate-por-un-nino\/\",\"url\":\"https:\/\/www.linncasa.org\/es\/almuerzo-levantate-por-un-nino\/\",\"name\":\"ALMUERZO PARA DEFENDER A UN NI\u00d1O | CASA del Condado de Linn\",\"isPartOf\":{\"@id\":\"https:\/\/www.linncasa.org\/es\/#website\"},\"primaryImageOfPage\":{\"@id\":\"https:\/\/www.linncasa.org\/es\/almuerzo-levantate-por-un-nino\/#primaryimage\"},\"image\":{\"@id\":\"https:\/\/www.linncasa.org\/es\/almuerzo-levantate-por-un-nino\/#primaryimage\"},\"thumbnailUrl\":\"https:\/\/www.linncasa.org\/wp-content\/uploads\/2024\/01\/Copy-of-Copy-of-Appreciation-Proposal-3.png\",\"datePublished\":\"2020-01-17T02:17:23+00:00\",\"dateModified\":\"2026-01-16T21:48:36+00:00\",\"description\":\"Apoya a CASA del condado de Linn y a nuestros numerosos eventos para recaudar fondos, entre los que se incluye \\\"Lev\u00e1ntate por un ni\u00f1o\\\".\",\"breadcrumb\":{\"@id\":\"https:\/\/www.linncasa.org\/es\/almuerzo-levantate-por-un-nino\/#breadcrumb\"},\"inLanguage\":\"es\",\"potentialAction\":[{\"@type\":\"ReadAction\",\"target\":[\"https:\/\/www.linncasa.org\/es\/almuerzo-levantate-por-un-nino\/\"]}]},{\"@type\":\"ImageObject\",\"inLanguage\":\"es\",\"@id\":\"https:\/\/www.linncasa.org\/es\/almuerzo-levantate-por-un-nino\/#primaryimage\",\"url\":\"https:\/\/www.linncasa.org\/wp-content\/uploads\/2024\/01\/Copy-of-Copy-of-Appreciation-Proposal-3.png\",\"contentUrl\":\"https:\/\/www.linncasa.org\/wp-content\/uploads\/2024\/01\/Copy-of-Copy-of-Appreciation-Proposal-3.png\",\"width\":1100,\"height\":550},{\"@type\":\"BreadcrumbList\",\"@id\":\"https:\/\/www.linncasa.org\/es\/almuerzo-levantate-por-un-nino\/#breadcrumb\",\"itemListElement\":[{\"@type\":\"ListItem\",\"position\":1,\"name\":\"Home\",\"item\":\"https:\/\/www.linncasa.org\/es\/\"},{\"@type\":\"ListItem\",\"position\":2,\"name\":\"Almuerzo LEV\u00c1NTATE POR UN NI\u00d1O\"}]},{\"@type\":\"WebSite\",\"@id\":\"https:\/\/www.linncasa.org\/es\/#website\",\"url\":\"https:\/\/www.linncasa.org\/es\/\",\"name\":\"CASA of Linn County\",\"description\":\"Change a Child&#039;s Story\u2122\",\"publisher\":{\"@id\":\"https:\/\/www.linncasa.org\/es\/#organization\"},\"potentialAction\":[{\"@type\":\"SearchAction\",\"target\":{\"@type\":\"EntryPoint\",\"urlTemplate\":\"https:\/\/www.linncasa.org\/es\/?s={search_term_string}\"},\"query-input\":{\"@type\":\"PropertyValueSpecification\",\"valueRequired\":true,\"valueName\":\"search_term_string\"}}],\"inLanguage\":\"es\"},{\"@type\":\"Organization\",\"@id\":\"https:\/\/www.linncasa.org\/es\/#organization\",\"name\":\"CASA of Linn County\",\"url\":\"https:\/\/www.linncasa.org\/es\/\",\"logo\":{\"@type\":\"ImageObject\",\"inLanguage\":\"es\",\"@id\":\"https:\/\/www.linncasa.org\/es\/#\/schema\/logo\/image\/\",\"url\":\"https:\/\/www.linncasa.org\/wp-content\/uploads\/2024\/03\/LINNCOUNTY_v_RedBlue.png\",\"contentUrl\":\"https:\/\/www.linncasa.org\/wp-content\/uploads\/2024\/03\/LINNCOUNTY_v_RedBlue.png\",\"width\":623,\"height\":630,\"caption\":\"CASA of Linn County\"},\"image\":{\"@id\":\"https:\/\/www.linncasa.org\/es\/#\/schema\/logo\/image\/\"},\"sameAs\":[\"https:\/\/www.facebook.com\/CasaOfLinnCounty\/\"]}]}<\/script>\n<!-- \/ Yoast SEO plugin. -->","yoast_head_json":{"title":"ALMUERZO PARA DEFENDER A UN NI\u00d1O | CASA del Condado de Linn","description":"Apoya a CASA del condado de Linn y a nuestros numerosos eventos para recaudar fondos, entre los que se incluye \"Lev\u00e1ntate por un ni\u00f1o\".","robots":{"index":"index","follow":"follow","max-snippet":"max-snippet:-1","max-image-preview":"max-image-preview:large","max-video-preview":"max-video-preview:-1"},"canonical":"https:\/\/www.linncasa.org\/es\/almuerzo-levantate-por-un-nino\/","og_locale":"es_ES","og_type":"article","og_title":"ALMUERZO PARA DEFENDER A UN NI\u00d1O | CASA del Condado de Linn","og_description":"Apoya a CASA del condado de Linn y a nuestros numerosos eventos para recaudar fondos, entre los que se incluye \"Lev\u00e1ntate por un ni\u00f1o\".","og_url":"https:\/\/www.linncasa.org\/es\/almuerzo-levantate-por-un-nino\/","og_site_name":"Casa of Linn County, Oregon","article_publisher":"https:\/\/www.facebook.com\/CasaOfLinnCounty\/","article_modified_time":"2026-01-16T21:48:36+00:00","og_image":[{"width":1100,"height":550,"url":"https:\/\/www.linncasa.org\/wp-content\/uploads\/2024\/01\/Copy-of-Copy-of-Appreciation-Proposal-3.png","type":"image\/png"}],"twitter_card":"summary_large_image","twitter_misc":{"Tiempo de lectura":"5 minutos"},"schema":{"@context":"https:\/\/schema.org","@graph":[{"@type":"WebPage","@id":"https:\/\/www.linncasa.org\/es\/almuerzo-levantate-por-un-nino\/","url":"https:\/\/www.linncasa.org\/es\/almuerzo-levantate-por-un-nino\/","name":"ALMUERZO PARA DEFENDER A UN NI\u00d1O | CASA del Condado de Linn","isPartOf":{"@id":"https:\/\/www.linncasa.org\/es\/#website"},"primaryImageOfPage":{"@id":"https:\/\/www.linncasa.org\/es\/almuerzo-levantate-por-un-nino\/#primaryimage"},"image":{"@id":"https:\/\/www.linncasa.org\/es\/almuerzo-levantate-por-un-nino\/#primaryimage"},"thumbnailUrl":"https:\/\/www.linncasa.org\/wp-content\/uploads\/2024\/01\/Copy-of-Copy-of-Appreciation-Proposal-3.png","datePublished":"2020-01-17T02:17:23+00:00","dateModified":"2026-01-16T21:48:36+00:00","description":"Apoya a CASA del condado de Linn y a nuestros numerosos eventos para recaudar fondos, entre los que se incluye \"Lev\u00e1ntate por un ni\u00f1o\".","breadcrumb":{"@id":"https:\/\/www.linncasa.org\/es\/almuerzo-levantate-por-un-nino\/#breadcrumb"},"inLanguage":"es","potentialAction":[{"@type":"ReadAction","target":["https:\/\/www.linncasa.org\/es\/almuerzo-levantate-por-un-nino\/"]}]},{"@type":"ImageObject","inLanguage":"es","@id":"https:\/\/www.linncasa.org\/es\/almuerzo-levantate-por-un-nino\/#primaryimage","url":"https:\/\/www.linncasa.org\/wp-content\/uploads\/2024\/01\/Copy-of-Copy-of-Appreciation-Proposal-3.png","contentUrl":"https:\/\/www.linncasa.org\/wp-content\/uploads\/2024\/01\/Copy-of-Copy-of-Appreciation-Proposal-3.png","width":1100,"height":550},{"@type":"BreadcrumbList","@id":"https:\/\/www.linncasa.org\/es\/almuerzo-levantate-por-un-nino\/#breadcrumb","itemListElement":[{"@type":"ListItem","position":1,"name":"Home","item":"https:\/\/www.linncasa.org\/es\/"},{"@type":"ListItem","position":2,"name":"Almuerzo LEV\u00c1NTATE POR UN NI\u00d1O"}]},{"@type":"WebSite","@id":"https:\/\/www.linncasa.org\/es\/#website","url":"https:\/\/www.linncasa.org\/es\/","name":"CASA of Linn County","description":"Change a Child&#039;s Story\u2122","publisher":{"@id":"https:\/\/www.linncasa.org\/es\/#organization"},"potentialAction":[{"@type":"SearchAction","target":{"@type":"EntryPoint","urlTemplate":"https:\/\/www.linncasa.org\/es\/?s={search_term_string}"},"query-input":{"@type":"PropertyValueSpecification","valueRequired":true,"valueName":"search_term_string"}}],"inLanguage":"es"},{"@type":"Organization","@id":"https:\/\/www.linncasa.org\/es\/#organization","name":"CASA of Linn County","url":"https:\/\/www.linncasa.org\/es\/","logo":{"@type":"ImageObject","inLanguage":"es","@id":"https:\/\/www.linncasa.org\/es\/#\/schema\/logo\/image\/","url":"https:\/\/www.linncasa.org\/wp-content\/uploads\/2024\/03\/LINNCOUNTY_v_RedBlue.png","contentUrl":"https:\/\/www.linncasa.org\/wp-content\/uploads\/2024\/03\/LINNCOUNTY_v_RedBlue.png","width":623,"height":630,"caption":"CASA of Linn County"},"image":{"@id":"https:\/\/www.linncasa.org\/es\/#\/schema\/logo\/image\/"},"sameAs":["https:\/\/www.facebook.com\/CasaOfLinnCounty\/"]}]}},"_links":{"self":[{"href":"https:\/\/www.linncasa.org\/es\/wp-json\/wp\/v2\/pages\/3203","targetHints":{"allow":["GET"]}}],"collection":[{"href":"https:\/\/www.linncasa.org\/es\/wp-json\/wp\/v2\/pages"}],"about":[{"href":"https:\/\/www.linncasa.org\/es\/wp-json\/wp\/v2\/types\/page"}],"author":[{"embeddable":true,"href":"https:\/\/www.linncasa.org\/es\/wp-json\/wp\/v2\/users\/5"}],"replies":[{"embeddable":true,"href":"https:\/\/www.linncasa.org\/es\/wp-json\/wp\/v2\/comments?post=3203"}],"version-history":[{"count":8,"href":"https:\/\/www.linncasa.org\/es\/wp-json\/wp\/v2\/pages\/3203\/revisions"}],"predecessor-version":[{"id":4135,"href":"https:\/\/www.linncasa.org\/es\/wp-json\/wp\/v2\/pages\/3203\/revisions\/4135"}],"wp:featuredmedia":[{"embeddable":true,"href":"https:\/\/www.linncasa.org\/es\/wp-json\/wp\/v2\/media\/3105"}],"wp:attachment":[{"href":"https:\/\/www.linncasa.org\/es\/wp-json\/wp\/v2\/media?parent=3203"}],"curies":[{"name":"wp","href":"https:\/\/api.w.org\/{rel}","templated":true}]}}