{"id":3204,"date":"2020-01-13T21:13:00","date_gmt":"2020-01-14T05:13:00","guid":{"rendered":"https:\/\/www.linncasa.org\/historia-de-casa\/"},"modified":"2025-04-29T23:35:01","modified_gmt":"2025-04-30T06:35:01","slug":"historia-de-casa","status":"publish","type":"page","link":"https:\/\/www.linncasa.org\/es\/historia-de-casa\/","title":{"rendered":"Historia de CASA"},"content":{"rendered":"<p>[et_pb_section fb_built=\u00bb1&#8243; custom_padding_last_edited=\u00bbon|desktop\u00bb admin_label=\u00bbHeader\u00bb _builder_version=\u00bb4.24.0&#8243; _module_preset=\u00bbdefault\u00bb background_color=\u00bb#f8f8f8&#8243; background_enable_color=\u00bboff\u00bb background_enable_image=\u00bboff\u00bb parallax=\u00bbon\u00bb width=\u00bb100%\u00bb height=\u00bb690px\u00bb max_height=\u00bb1000px\u00bb custom_padding=\u00bb0px||0px||true|false\u00bb custom_padding_tablet=\u00bb125px||125px||true|false\u00bb custom_padding_phone=\u00bb125px||125px||true|false\u00bb global_colors_info=\u00bb{%22gcid-01d52b91-888a-4360-8bf2-df06995b266a%22:%91%93}\u00bb][et_pb_row _builder_version=\u00bb4.24.0&#8243; _module_preset=\u00bbdefault\u00bb background_color=\u00bb#00447C\u00bb use_background_color_gradient=\u00bbon\u00bb background_color_gradient_stops=\u00bb#00447c 0%|rgba(0,68,124,0.67) 99%\u00bb background_color_gradient_overlays_image=\u00bbon\u00bb background_image=\u00bbhttps:\/\/www.linncasa.org\/wp-content\/uploads\/2020\/01\/casa.png\u00bb parallax=\u00bbon\u00bb width=\u00bb100%\u00bb max_width=\u00bb2560px\u00bb height=\u00bb1000px\u00bb max_height=\u00bb1000px\u00bb custom_padding=\u00bb0px||0px||true|false\u00bb global_colors_info=\u00bb{}\u00bb][et_pb_column type=\u00bb4_4&#8243; _builder_version=\u00bb4.16&#8243; _module_preset=\u00bbdefault\u00bb global_colors_info=\u00bb{}\u00bb][et_pb_text _builder_version=\u00bb4.24.0&#8243; _module_preset=\u00bbf117a852-9ed3-4e7e-bbbb-0293ae077f1c\u00bb header_font=\u00bbPoppins|700|||||||\u00bb header_text_align=\u00bbcenter\u00bb header_text_color=\u00bb#FFFFFF\u00bb header_font_size=\u00bb112px\u00bb header_line_height=\u00bb1.2em\u00bb custom_padding=\u00bb280px||280px||true|false\u00bb custom_padding_tablet=\u00bb280px||280px||true|false\u00bb custom_padding_phone=\u00bb280px||280px||true|false\u00bb custom_padding_last_edited=\u00bbon|desktop\u00bb header_font_size_tablet=\u00bb60px\u00bb header_font_size_phone=\u00bb36px\u00bb header_font_size_last_edited=\u00bbon|phone\u00bb locked=\u00bboff\u00bb global_colors_info=\u00bb{}\u00bb]<\/p>\n<h1>Historia de CASA<\/h1>\n<p>[\/et_pb_text][\/et_pb_column][\/et_pb_row][\/et_pb_section][et_pb_section fb_built=\u00bb1&#8243; admin_label=\u00bbContent\u00bb _builder_version=\u00bb4.16&#8243; _module_preset=\u00bbdefault\u00bb global_colors_info=\u00bb{}\u00bb][et_pb_row use_custom_gutter=\u00bbon\u00bb gutter_width=\u00bb2&#8243; make_equal=\u00bbon\u00bb _builder_version=\u00bb4.24.0&#8243; _module_preset=\u00bbdefault\u00bb max_width=\u00bb2560px\u00bb global_colors_info=\u00bb{}\u00bb][et_pb_column type=\u00bb4_4&#8243; _builder_version=\u00bb4.16&#8243; _module_preset=\u00bbdefault\u00bb global_colors_info=\u00bb{}\u00bb][et_pb_text _builder_version=\u00bb4.24.0&#8243; _module_preset=\u00bbb5629d61-8761-48a4-843a-08bad35c28b0&#8243; header_2_font=\u00bbPoppins|700|||||||\u00bb header_2_text_color=\u00bb#00447C\u00bb header_2_font_size=\u00bb56px\u00bb header_2_line_height=\u00bb1.2em\u00bb max_width=\u00bb640px\u00bb header_2_font_size_tablet=\u00bb32px\u00bb header_2_font_size_phone=\u00bb18px\u00bb header_2_font_size_last_edited=\u00bbon|phone\u00bb locked=\u00bboff\u00bb global_colors_info=\u00bb{}\u00bb]<\/p>\n<h2>Historia de <span style=\"color: #ee3124;\">CASA<\/span><\/h2>\n<p>[\/et_pb_text][\/et_pb_column][\/et_pb_row][et_pb_row use_custom_gutter=\u00bbon\u00bb gutter_width=\u00bb2&#8243; make_equal=\u00bbon\u00bb _builder_version=\u00bb4.24.0&#8243; _module_preset=\u00bbdefault\u00bb max_width=\u00bb2560px\u00bb global_colors_info=\u00bb{}\u00bb][et_pb_column type=\u00bb4_4&#8243; _builder_version=\u00bb4.16&#8243; _module_preset=\u00bbdefault\u00bb global_colors_info=\u00bb{}\u00bb][et_pb_text _builder_version=\u00bb4.24.0&#8243; _module_preset=\u00bba71a5122-3537-4d1b-aa15-649fe0057a23&#8243; text_font=\u00bbPoppins|300|||||||\u00bb text_text_color=\u00bb#000000&#8243; text_font_size=\u00bb18px\u00bb text_line_height=\u00bb1.8em\u00bb header_3_text_color=\u00bb#004e43&#8243; background_layout=\u00bbdark\u00bb text_font_size_tablet=\u00bb15px\u00bb text_font_size_phone=\u00bb14px\u00bb text_font_size_last_edited=\u00bbon|desktop\u00bb locked=\u00bboff\u00bb global_colors_info=\u00bb{}\u00bb]<\/p>\n<p>En 1976, el juez del Tribunal Superior de Seattle, Washington, David Soukup, vio un problema recurrente en su sala: \u00abEn los casos penales y civiles, aunque siempre hab\u00eda muchos puntos de vista diferentes, sal\u00edas del juzgado al final del d\u00eda y dec\u00edas: &#8216;Lo he hecho lo mejor que he podido; puedo vivir con esta decisi\u00f3n'\u00bb, explica. Pero cuando te relacionas con un ni\u00f1o e intentas decidir qu\u00e9 hacer para facilitar que ese ni\u00f1o se convierta en un adulto maduro y feliz, no sientes que tengas suficiente informaci\u00f3n para poder tomar la decisi\u00f3n correcta. No puedes marcharte y dejarlos en el juzgado a las 4 en punto. Te preguntas: &#8216;\u00bfS\u00e9 realmente todo lo que deber\u00eda? \u00bfRealmente me han dicho todas las cosas? \u00bfEs esto realmente correcto?\u00bb<\/p>\n<p>[\/et_pb_text][et_pb_text _builder_version=\u00bb4.24.0&#8243; _module_preset=\u00bba71a5122-3537-4d1b-aa15-649fe0057a23&#8243; text_font=\u00bbPoppins|300|||||||\u00bb text_text_color=\u00bb#EE3124&#8243; text_font_size=\u00bb18px\u00bb text_line_height=\u00bb1.8em\u00bb header_3_text_color=\u00bb#004e43&#8243; background_layout=\u00bbdark\u00bb text_font_size_tablet=\u00bb15px\u00bb text_font_size_phone=\u00bb14px\u00bb text_font_size_last_edited=\u00bbon|desktop\u00bb locked=\u00bboff\u00bb global_colors_info=\u00bb{}\u00bb]<\/p>\n<p><strong>Para asegurarse de que conoc\u00eda todos los hechos y de que se representaba el bienestar a largo plazo de cada ni\u00f1o, al juez de Seattle se le ocurri\u00f3 una idea que cambiar\u00eda el procedimiento judicial de Estados Unidos y la vida de m\u00e1s de un mill\u00f3n de ni\u00f1os. Obtuvo financiaci\u00f3n para reclutar y formar a voluntarios de la comunidad para que acudieran a los tribunales en nombre de los ni\u00f1os: Voluntarios Defensores Especiales Designados por el Tribunal (CASA).<\/strong><\/p>\n<p>[\/et_pb_text][et_pb_text _builder_version=\u00bb4.24.0&#8243; _module_preset=\u00bba71a5122-3537-4d1b-aa15-649fe0057a23&#8243; text_font=\u00bbPoppins|300|||||||\u00bb text_text_color=\u00bb#000000&#8243; text_font_size=\u00bb18px\u00bb text_line_height=\u00bb1.8em\u00bb header_3_text_color=\u00bb#004e43&#8243; background_layout=\u00bbdark\u00bb text_font_size_tablet=\u00bb15px\u00bb text_font_size_phone=\u00bb14px\u00bb text_font_size_last_edited=\u00bbon|desktop\u00bb locked=\u00bboff\u00bb global_colors_info=\u00bb{}\u00bb]<\/p>\n<p>Este concepto \u00fanico se implant\u00f3 en Seattle como programa piloto en enero de 1977. Durante ese primer a\u00f1o, el programa proporcion\u00f3 110 voluntarios CASA formados para 498 ni\u00f1os en 376 casos de dependencia. En 1978, el Centro Nacional de Tribunales Estatales seleccion\u00f3 el programa de Seattle como el \u00abmejor ejemplo nacional de participaci\u00f3n ciudadana en el sistema de justicia juvenil.\u00bb Este reconocimiento, junto con una subvenci\u00f3n de la Fundaci\u00f3n Edna McConnell Clark de Nueva York (uno de los primeros y m\u00e1s firmes partidarios de CASA), dio lugar a la reproducci\u00f3n del programa CASA de Seattle en tribunales de todo el pa\u00eds.<\/p>\n<p>[\/et_pb_text][\/et_pb_column][\/et_pb_row][et_pb_row column_structure=\u00bb1_2,1_2&#8243; _builder_version=\u00bb4.24.0&#8243; _module_preset=\u00bbdefault\u00bb max_width=\u00bb2560px\u00bb custom_padding=\u00bb0px||||false|false\u00bb global_colors_info=\u00bb{}\u00bb][et_pb_column type=\u00bb1_2&#8243; _builder_version=\u00bb4.24.0&#8243; _module_preset=\u00bbdefault\u00bb global_colors_info=\u00bb{}\u00bb][et_pb_text _builder_version=\u00bb4.24.0&#8243; _module_preset=\u00bba71a5122-3537-4d1b-aa15-649fe0057a23&#8243; text_font=\u00bbPoppins|300|||||||\u00bb text_text_color=\u00bb#000000&#8243; text_font_size=\u00bb18px\u00bb text_line_height=\u00bb1.8em\u00bb header_3_text_color=\u00bb#004e43&#8243; background_layout=\u00bbdark\u00bb text_font_size_tablet=\u00bb15px\u00bb text_font_size_phone=\u00bb14px\u00bb text_font_size_last_edited=\u00bbon|desktop\u00bb locked=\u00bboff\u00bb global_colors_info=\u00bb{}\u00bb]<\/p>\n<p>A medida que se desarrollaban los proyectos CASA, cada nuevo director de programa local realizaba una visita in situ al programa anfitri\u00f3n original de Seattle para su observaci\u00f3n y formaci\u00f3n. En 1982, estaba claro que se necesitaba una asociaci\u00f3n nacional para dirigir la emergente presencia nacional de CASA. Ese a\u00f1o se cre\u00f3 la Asociaci\u00f3n Nacional de Defensores Especiales Designados por los Tribunales. En 1984, la Asociaci\u00f3n Nacional CASA recib\u00eda apoyo financiero de varias fuentes importantes: el Consejo Nacional de Jueces de Tribunales de Menores y de Familia, bajo la direcci\u00f3n del Departamento de Justicia de EE.UU.; la Oficina de Justicia Juvenil y Prevenci\u00f3n de la Delincuencia; el Departamento de Salud y Servicios Humanos de EE.UU.; y la Fundaci\u00f3n Edna McConnell Clark. CASA Nacional tambi\u00e9n recibe apoyo de la Fundaci\u00f3n Kappa Alpha Theta. Esta fraternidad femenina internacional eligi\u00f3 a CASA como su filantrop\u00eda y ha proporcionado fondos para diversos proyectos, entre ellos subvenciones iniciales y un v\u00eddeo de concienciaci\u00f3n p\u00fablica.<\/p>\n<p>La Asociaci\u00f3n abri\u00f3 su sede nacional en Seattle, Washington, en el verano de 1984, y lanz\u00f3 una campa\u00f1a de afiliaci\u00f3n y recaudaci\u00f3n de fondos.<\/p>\n<p>[\/et_pb_text][et_pb_text _builder_version=\u00bb4.24.0&#8243; _module_preset=\u00bba71a5122-3537-4d1b-aa15-649fe0057a23&#8243; text_font=\u00bbPoppins|300|||||||\u00bb text_text_color=\u00bb#000000&#8243; text_font_size=\u00bb18px\u00bb text_line_height=\u00bb1.8em\u00bb header_3_text_color=\u00bb#004e43&#8243; background_layout=\u00bbdark\u00bb text_font_size_tablet=\u00bb15px\u00bb text_font_size_phone=\u00bb14px\u00bb text_font_size_last_edited=\u00bbon|desktop\u00bb locked=\u00bboff\u00bb global_colors_info=\u00bb{}\u00bb]<\/p>\n<p>El 22 de abril de 1985, el presidente Ronald Reagan concedi\u00f3 a la Asociaci\u00f3n Nacional CASA el Premio Presidencial a la Acci\u00f3n Voluntaria por su \u00abdestacada contribuci\u00f3n voluntaria, que demuestra logros a trav\u00e9s de la acci\u00f3n voluntaria\u00bb. En agosto de 1989, la Asociaci\u00f3n Americana de Abogados, la mayor organizaci\u00f3n profesional de abogados del pa\u00eds, respald\u00f3 oficialmente el uso de voluntarios de CASA para trabajar con los abogados y hablar en los tribunales en nombre de los ni\u00f1os maltratados y desatendidos. En julio de 1990, el Consejo Nacional de Jueces de Tribunales de Menores y de Familia nombr\u00f3 a CASA \u00abPrograma de Voluntariado Destacado\u00bb en los tribunales de menores y de familia de Estados Unidos. Tambi\u00e9n durante ese a\u00f1o, el Congreso de EE.UU. autoriz\u00f3 la expansi\u00f3n de CASA con la aprobaci\u00f3n de la \u00abLey de V\u00edctimas de Maltrato Infantil de 1990\u00bb (P.L. 101-647), para que \u00abtodas las v\u00edctimas de maltrato o abandono infantil de Estados Unidos que lo necesiten dispongan de un defensor especial designado por el tribunal\u00bb. La Junta Consultiva de EE.UU. sobre Maltrato y Abandono de Menores incluy\u00f3 la utilizaci\u00f3n de voluntarios CASA y GAL (guardian ad litem) entre las primeras medidas cr\u00edticas recomendadas para controlar la \u00abemergencia nacional\u00bb de maltrato y abandono de menores que existe hoy en Estados Unidos.<\/p>\n<p>&nbsp;<\/p>\n<p>[\/et_pb_text][\/et_pb_column][et_pb_column type=\u00bb1_2&#8243; _builder_version=\u00bb4.24.0&#8243; _module_preset=\u00bbdefault\u00bb global_colors_info=\u00bb{}\u00bb][et_pb_video src=\u00bbhttps:\/\/www.youtube.com\/watch?v=ayoDh_v8tSM\u00bb _builder_version=\u00bb4.24.0&#8243; _module_preset=\u00bbdefault\u00bb global_colors_info=\u00bb{}\u00bb][\/et_pb_video][et_pb_text _builder_version=\u00bb4.24.0&#8243; _module_preset=\u00bba71a5122-3537-4d1b-aa15-649fe0057a23&#8243; text_font=\u00bbPoppins|300|||||||\u00bb text_text_color=\u00bb#000000&#8243; text_font_size=\u00bb18px\u00bb text_line_height=\u00bb1.8em\u00bb header_3_text_color=\u00bb#004e43&#8243; background_layout=\u00bbdark\u00bb text_font_size_tablet=\u00bb15px\u00bb text_font_size_phone=\u00bb14px\u00bb text_font_size_last_edited=\u00bbon|desktop\u00bb locked=\u00bboff\u00bb global_colors_info=\u00bb{}\u00bb]<\/p>\n<p>En julio de 1991, la Oficina de Justicia Juvenil y Prevenci\u00f3n de la Delincuencia, del Departamento de Justicia de EEUU, nombr\u00f3 a CASA \u00abPrograma Nacional Ejemplar en la Prevenci\u00f3n de la Delincuencia Juvenil.\u00bb<\/p>\n<p>En diciembre de 1992, David Soukup, fundador de CASA, fue reconocido con un premio del Caring Institute de Washington D.C. Tambi\u00e9n en 1992, el Congreso inici\u00f3 la financiaci\u00f3n de un programa de subvenciones para ampliar la representaci\u00f3n de CASA de ni\u00f1os maltratados y desatendidos.<\/p>\n<p>En la actualidad, la Asociaci\u00f3n Nacional CASA representa a m\u00e1s de 900 programas CASA en todo el pa\u00eds, incluidos Washington DC y las Islas V\u00edrgenes de EEUU. Esta red incluye a m\u00e1s de 59.000 voluntarios y atiende a m\u00e1s de 243.000 ni\u00f1os en todo el pa\u00eds. CASA Nacional proporciona apoyo para poner en marcha programas, asistencia t\u00e9cnica, formaci\u00f3n y servicios de recaudaci\u00f3n de fondos, medios de comunicaci\u00f3n y sensibilizaci\u00f3n p\u00fablica.<\/p>\n<p>[\/et_pb_text][\/et_pb_column][\/et_pb_row][\/et_pb_section][et_pb_section fb_built=\u00bb1&#8243; _builder_version=\u00bb4.24.0&#8243; _module_preset=\u00bbdefault\u00bb background_color=\u00bb#00447C\u00bb custom_padding=\u00bb0px||0px||true|false\u00bb global_colors_info=\u00bb{}\u00bb][et_pb_row _builder_version=\u00bb4.24.0&#8243; _module_preset=\u00bbdefault\u00bb background_color=\u00bb#00447C\u00bb global_colors_info=\u00bb{}\u00bb][et_pb_column type=\u00bb4_4&#8243; _builder_version=\u00bb4.24.0&#8243; _module_preset=\u00bbdefault\u00bb global_colors_info=\u00bb{}\u00bb][\/et_pb_column][\/et_pb_row][\/et_pb_section]<\/p>\n","protected":false},"excerpt":{"rendered":"<p>Historia de CASAHistoria de CASAEn 1976, el juez del Tribunal Superior de Seattle, Washington, David Soukup, vio un problema recurrente en su sala: \u00abEn los casos penales y civiles, aunque siempre hab\u00eda muchos puntos de vista diferentes, sal\u00edas del juzgado al final del d\u00eda y dec\u00edas: &#8216;Lo he hecho lo mejor que he podido; puedo [&hellip;]<\/p>\n","protected":false},"author":5,"featured_media":0,"parent":0,"menu_order":0,"comment_status":"closed","ping_status":"closed","template":"","meta":{"_et_pb_use_builder":"on","_et_pb_old_content":"","_et_gb_content_width":"","footnotes":""},"class_list":["post-3204","page","type-page","status-publish","hentry"],"yoast_head":"<!-- This site is optimized with the Yoast SEO plugin v27.2 - https:\/\/yoast.com\/product\/yoast-seo-wordpress\/ -->\n<title>CASA del Condado de Linn | Nuestra Historia<\/title>\n<meta name=\"description\" content=\"Ad\u00e9ntrate en la rica historia de CASA del Condado de Linn, rastreando nuestras ra\u00edces hasta nuestra fundaci\u00f3n y destacando nuestra trayectoria de defensa y apoyo a los ni\u00f1os maltratados y desatendidos en el sistema judicial local.\" \/>\n<meta name=\"robots\" content=\"index, follow, max-snippet:-1, max-image-preview:large, max-video-preview:-1\" \/>\n<link rel=\"canonical\" href=\"https:\/\/www.linncasa.org\/es\/historia-de-casa\/\" \/>\n<meta property=\"og:locale\" content=\"es_ES\" \/>\n<meta property=\"og:type\" content=\"article\" \/>\n<meta property=\"og:title\" content=\"CASA del Condado de Linn | Nuestra Historia\" \/>\n<meta property=\"og:description\" content=\"Ad\u00e9ntrate en la rica historia de CASA del Condado de Linn, rastreando nuestras ra\u00edces hasta nuestra fundaci\u00f3n y destacando nuestra trayectoria de defensa y apoyo a los ni\u00f1os maltratados y desatendidos en el sistema judicial local.\" \/>\n<meta property=\"og:url\" content=\"https:\/\/www.linncasa.org\/es\/historia-de-casa\/\" \/>\n<meta property=\"og:site_name\" content=\"Casa of Linn County, Oregon\" \/>\n<meta property=\"article:publisher\" content=\"https:\/\/www.facebook.com\/CasaOfLinnCounty\/\" \/>\n<meta property=\"article:modified_time\" content=\"2025-04-30T06:35:01+00:00\" \/>\n<meta name=\"twitter:card\" content=\"summary_large_image\" \/>\n<meta name=\"twitter:label1\" content=\"Tiempo de lectura\" \/>\n\t<meta name=\"twitter:data1\" content=\"9 minutos\" \/>\n<script type=\"application\/ld+json\" class=\"yoast-schema-graph\">{\"@context\":\"https:\/\/schema.org\",\"@graph\":[{\"@type\":\"WebPage\",\"@id\":\"https:\/\/www.linncasa.org\/es\/historia-de-casa\/\",\"url\":\"https:\/\/www.linncasa.org\/es\/historia-de-casa\/\",\"name\":\"CASA del Condado de Linn | Nuestra Historia\",\"isPartOf\":{\"@id\":\"https:\/\/www.linncasa.org\/es\/#website\"},\"datePublished\":\"2020-01-14T05:13:00+00:00\",\"dateModified\":\"2025-04-30T06:35:01+00:00\",\"description\":\"Ad\u00e9ntrate en la rica historia de CASA del Condado de Linn, rastreando nuestras ra\u00edces hasta nuestra fundaci\u00f3n y destacando nuestra trayectoria de defensa y apoyo a los ni\u00f1os maltratados y desatendidos en el sistema judicial local.\",\"breadcrumb\":{\"@id\":\"https:\/\/www.linncasa.org\/es\/historia-de-casa\/#breadcrumb\"},\"inLanguage\":\"es\",\"potentialAction\":[{\"@type\":\"ReadAction\",\"target\":[\"https:\/\/www.linncasa.org\/es\/historia-de-casa\/\"]}]},{\"@type\":\"BreadcrumbList\",\"@id\":\"https:\/\/www.linncasa.org\/es\/historia-de-casa\/#breadcrumb\",\"itemListElement\":[{\"@type\":\"ListItem\",\"position\":1,\"name\":\"Home\",\"item\":\"https:\/\/www.linncasa.org\/es\/\"},{\"@type\":\"ListItem\",\"position\":2,\"name\":\"Historia de CASA\"}]},{\"@type\":\"WebSite\",\"@id\":\"https:\/\/www.linncasa.org\/es\/#website\",\"url\":\"https:\/\/www.linncasa.org\/es\/\",\"name\":\"CASA of Linn County\",\"description\":\"Change a Child&#039;s Story\u2122\",\"publisher\":{\"@id\":\"https:\/\/www.linncasa.org\/es\/#organization\"},\"potentialAction\":[{\"@type\":\"SearchAction\",\"target\":{\"@type\":\"EntryPoint\",\"urlTemplate\":\"https:\/\/www.linncasa.org\/es\/?s={search_term_string}\"},\"query-input\":{\"@type\":\"PropertyValueSpecification\",\"valueRequired\":true,\"valueName\":\"search_term_string\"}}],\"inLanguage\":\"es\"},{\"@type\":\"Organization\",\"@id\":\"https:\/\/www.linncasa.org\/es\/#organization\",\"name\":\"CASA of Linn County\",\"url\":\"https:\/\/www.linncasa.org\/es\/\",\"logo\":{\"@type\":\"ImageObject\",\"inLanguage\":\"es\",\"@id\":\"https:\/\/www.linncasa.org\/es\/#\/schema\/logo\/image\/\",\"url\":\"https:\/\/www.linncasa.org\/wp-content\/uploads\/2024\/03\/LINNCOUNTY_v_RedBlue.png\",\"contentUrl\":\"https:\/\/www.linncasa.org\/wp-content\/uploads\/2024\/03\/LINNCOUNTY_v_RedBlue.png\",\"width\":623,\"height\":630,\"caption\":\"CASA of Linn County\"},\"image\":{\"@id\":\"https:\/\/www.linncasa.org\/es\/#\/schema\/logo\/image\/\"},\"sameAs\":[\"https:\/\/www.facebook.com\/CasaOfLinnCounty\/\"]}]}<\/script>\n<!-- \/ Yoast SEO plugin. -->","yoast_head_json":{"title":"CASA del Condado de Linn | Nuestra Historia","description":"Ad\u00e9ntrate en la rica historia de CASA del Condado de Linn, rastreando nuestras ra\u00edces hasta nuestra fundaci\u00f3n y destacando nuestra trayectoria de defensa y apoyo a los ni\u00f1os maltratados y desatendidos en el sistema judicial local.","robots":{"index":"index","follow":"follow","max-snippet":"max-snippet:-1","max-image-preview":"max-image-preview:large","max-video-preview":"max-video-preview:-1"},"canonical":"https:\/\/www.linncasa.org\/es\/historia-de-casa\/","og_locale":"es_ES","og_type":"article","og_title":"CASA del Condado de Linn | Nuestra Historia","og_description":"Ad\u00e9ntrate en la rica historia de CASA del Condado de Linn, rastreando nuestras ra\u00edces hasta nuestra fundaci\u00f3n y destacando nuestra trayectoria de defensa y apoyo a los ni\u00f1os maltratados y desatendidos en el sistema judicial local.","og_url":"https:\/\/www.linncasa.org\/es\/historia-de-casa\/","og_site_name":"Casa of Linn County, Oregon","article_publisher":"https:\/\/www.facebook.com\/CasaOfLinnCounty\/","article_modified_time":"2025-04-30T06:35:01+00:00","twitter_card":"summary_large_image","twitter_misc":{"Tiempo de lectura":"9 minutos"},"schema":{"@context":"https:\/\/schema.org","@graph":[{"@type":"WebPage","@id":"https:\/\/www.linncasa.org\/es\/historia-de-casa\/","url":"https:\/\/www.linncasa.org\/es\/historia-de-casa\/","name":"CASA del Condado de Linn | Nuestra Historia","isPartOf":{"@id":"https:\/\/www.linncasa.org\/es\/#website"},"datePublished":"2020-01-14T05:13:00+00:00","dateModified":"2025-04-30T06:35:01+00:00","description":"Ad\u00e9ntrate en la rica historia de CASA del Condado de Linn, rastreando nuestras ra\u00edces hasta nuestra fundaci\u00f3n y destacando nuestra trayectoria de defensa y apoyo a los ni\u00f1os maltratados y desatendidos en el sistema judicial local.","breadcrumb":{"@id":"https:\/\/www.linncasa.org\/es\/historia-de-casa\/#breadcrumb"},"inLanguage":"es","potentialAction":[{"@type":"ReadAction","target":["https:\/\/www.linncasa.org\/es\/historia-de-casa\/"]}]},{"@type":"BreadcrumbList","@id":"https:\/\/www.linncasa.org\/es\/historia-de-casa\/#breadcrumb","itemListElement":[{"@type":"ListItem","position":1,"name":"Home","item":"https:\/\/www.linncasa.org\/es\/"},{"@type":"ListItem","position":2,"name":"Historia de CASA"}]},{"@type":"WebSite","@id":"https:\/\/www.linncasa.org\/es\/#website","url":"https:\/\/www.linncasa.org\/es\/","name":"CASA of Linn County","description":"Change a Child&#039;s Story\u2122","publisher":{"@id":"https:\/\/www.linncasa.org\/es\/#organization"},"potentialAction":[{"@type":"SearchAction","target":{"@type":"EntryPoint","urlTemplate":"https:\/\/www.linncasa.org\/es\/?s={search_term_string}"},"query-input":{"@type":"PropertyValueSpecification","valueRequired":true,"valueName":"search_term_string"}}],"inLanguage":"es"},{"@type":"Organization","@id":"https:\/\/www.linncasa.org\/es\/#organization","name":"CASA of Linn County","url":"https:\/\/www.linncasa.org\/es\/","logo":{"@type":"ImageObject","inLanguage":"es","@id":"https:\/\/www.linncasa.org\/es\/#\/schema\/logo\/image\/","url":"https:\/\/www.linncasa.org\/wp-content\/uploads\/2024\/03\/LINNCOUNTY_v_RedBlue.png","contentUrl":"https:\/\/www.linncasa.org\/wp-content\/uploads\/2024\/03\/LINNCOUNTY_v_RedBlue.png","width":623,"height":630,"caption":"CASA of Linn County"},"image":{"@id":"https:\/\/www.linncasa.org\/es\/#\/schema\/logo\/image\/"},"sameAs":["https:\/\/www.facebook.com\/CasaOfLinnCounty\/"]}]}},"_links":{"self":[{"href":"https:\/\/www.linncasa.org\/es\/wp-json\/wp\/v2\/pages\/3204","targetHints":{"allow":["GET"]}}],"collection":[{"href":"https:\/\/www.linncasa.org\/es\/wp-json\/wp\/v2\/pages"}],"about":[{"href":"https:\/\/www.linncasa.org\/es\/wp-json\/wp\/v2\/types\/page"}],"author":[{"embeddable":true,"href":"https:\/\/www.linncasa.org\/es\/wp-json\/wp\/v2\/users\/5"}],"replies":[{"embeddable":true,"href":"https:\/\/www.linncasa.org\/es\/wp-json\/wp\/v2\/comments?post=3204"}],"version-history":[{"count":2,"href":"https:\/\/www.linncasa.org\/es\/wp-json\/wp\/v2\/pages\/3204\/revisions"}],"predecessor-version":[{"id":3213,"href":"https:\/\/www.linncasa.org\/es\/wp-json\/wp\/v2\/pages\/3204\/revisions\/3213"}],"wp:attachment":[{"href":"https:\/\/www.linncasa.org\/es\/wp-json\/wp\/v2\/media?parent=3204"}],"curies":[{"name":"wp","href":"https:\/\/api.w.org\/{rel}","templated":true}]}}