{"id":3214,"date":"2020-02-25T00:07:46","date_gmt":"2020-02-25T08:07:46","guid":{"rendered":"https:\/\/www.linncasa.org\/recursos-desarrollo\/"},"modified":"2025-04-29T23:35:03","modified_gmt":"2025-04-30T06:35:03","slug":"recursos-desarrollo","status":"publish","type":"page","link":"https:\/\/www.linncasa.org\/es\/recursos-desarrollo\/","title":{"rendered":"Recursos: Desarrollo"},"content":{"rendered":"\n<p style=\"font-size:25px\" class=\"has-text-color has-vivid-red-color\"><strong>Art\u00edculos\/Gu\u00edas<\/strong><\/p>\n\n<p>Gu\u00eda: <a href=\"https:\/\/advocacyinaction.casaforchildren.org\/cms\/wp-content\/uploads\/2018\/11\/Early-Childhood-Development-Impacts-of-Trauma.pdf\">Desarrollo Infantil Temprano: Impactos de los Traumatismos en el Desarrollo Cerebral<\/a> (9 p\u00e1ginas)<\/p>\n\n<p style=\"font-size:25px\" class=\"has-text-color has-vivid-red-color\"><strong>V\u00eddeos\/Webinarios<\/strong><\/p>\n","protected":false},"excerpt":{"rendered":"<p>Art\u00edculos\/Gu\u00edas Gu\u00eda: Desarrollo Infantil Temprano: Impactos de los Traumatismos en el Desarrollo Cerebral (9 p\u00e1ginas) V\u00eddeos\/Webinarios<\/p>\n","protected":false},"author":5,"featured_media":0,"parent":0,"menu_order":0,"comment_status":"closed","ping_status":"closed","template":"","meta":{"_et_pb_use_builder":"","_et_pb_old_content":"","_et_gb_content_width":"","footnotes":""},"class_list":["post-3214","page","type-page","status-publish","hentry"],"yoast_head":"<!-- This site is optimized with the Yoast SEO plugin v27.2 - https:\/\/yoast.com\/product\/yoast-seo-wordpress\/ -->\n<title>Recursos de desarrollo en el condado de Linn CASA<\/title>\n<meta name=\"description\" content=\"Sum\u00e9rgete en los recursos y la informaci\u00f3n relacionados con el desarrollo infantil, incluidos los hitos, los retos y las mejores pr\u00e1cticas para apoyar un crecimiento sano y el bienestar.\" \/>\n<meta name=\"robots\" content=\"index, follow, max-snippet:-1, max-image-preview:large, max-video-preview:-1\" \/>\n<link rel=\"canonical\" href=\"https:\/\/www.linncasa.org\/es\/recursos-desarrollo\/\" \/>\n<meta property=\"og:locale\" content=\"es_ES\" \/>\n<meta property=\"og:type\" content=\"article\" \/>\n<meta property=\"og:title\" content=\"Recursos de desarrollo en el condado de Linn CASA\" \/>\n<meta property=\"og:description\" content=\"Sum\u00e9rgete en los recursos y la informaci\u00f3n relacionados con el desarrollo infantil, incluidos los hitos, los retos y las mejores pr\u00e1cticas para apoyar un crecimiento sano y el bienestar.\" \/>\n<meta property=\"og:url\" content=\"https:\/\/www.linncasa.org\/es\/recursos-desarrollo\/\" \/>\n<meta property=\"og:site_name\" content=\"Casa of Linn County, Oregon\" \/>\n<meta property=\"article:publisher\" content=\"https:\/\/www.facebook.com\/CasaOfLinnCounty\/\" \/>\n<meta property=\"article:modified_time\" content=\"2025-04-30T06:35:03+00:00\" \/>\n<meta name=\"twitter:card\" content=\"summary_large_image\" \/>\n<script type=\"application\/ld+json\" class=\"yoast-schema-graph\">{\"@context\":\"https:\/\/schema.org\",\"@graph\":[{\"@type\":\"WebPage\",\"@id\":\"https:\/\/www.linncasa.org\/es\/recursos-desarrollo\/\",\"url\":\"https:\/\/www.linncasa.org\/es\/recursos-desarrollo\/\",\"name\":\"Recursos de desarrollo en el condado de Linn CASA\",\"isPartOf\":{\"@id\":\"https:\/\/www.linncasa.org\/es\/#website\"},\"datePublished\":\"2020-02-25T08:07:46+00:00\",\"dateModified\":\"2025-04-30T06:35:03+00:00\",\"description\":\"Sum\u00e9rgete en los recursos y la informaci\u00f3n relacionados con el desarrollo infantil, incluidos los hitos, los retos y las mejores pr\u00e1cticas para apoyar un crecimiento sano y el bienestar.\",\"breadcrumb\":{\"@id\":\"https:\/\/www.linncasa.org\/es\/recursos-desarrollo\/#breadcrumb\"},\"inLanguage\":\"es\",\"potentialAction\":[{\"@type\":\"ReadAction\",\"target\":[\"https:\/\/www.linncasa.org\/es\/recursos-desarrollo\/\"]}]},{\"@type\":\"BreadcrumbList\",\"@id\":\"https:\/\/www.linncasa.org\/es\/recursos-desarrollo\/#breadcrumb\",\"itemListElement\":[{\"@type\":\"ListItem\",\"position\":1,\"name\":\"Home\",\"item\":\"https:\/\/www.linncasa.org\/es\/\"},{\"@type\":\"ListItem\",\"position\":2,\"name\":\"Recursos: Desarrollo\"}]},{\"@type\":\"WebSite\",\"@id\":\"https:\/\/www.linncasa.org\/es\/#website\",\"url\":\"https:\/\/www.linncasa.org\/es\/\",\"name\":\"CASA of Linn County\",\"description\":\"Change a Child&#039;s Story\u2122\",\"publisher\":{\"@id\":\"https:\/\/www.linncasa.org\/es\/#organization\"},\"potentialAction\":[{\"@type\":\"SearchAction\",\"target\":{\"@type\":\"EntryPoint\",\"urlTemplate\":\"https:\/\/www.linncasa.org\/es\/?s={search_term_string}\"},\"query-input\":{\"@type\":\"PropertyValueSpecification\",\"valueRequired\":true,\"valueName\":\"search_term_string\"}}],\"inLanguage\":\"es\"},{\"@type\":\"Organization\",\"@id\":\"https:\/\/www.linncasa.org\/es\/#organization\",\"name\":\"CASA of Linn County\",\"url\":\"https:\/\/www.linncasa.org\/es\/\",\"logo\":{\"@type\":\"ImageObject\",\"inLanguage\":\"es\",\"@id\":\"https:\/\/www.linncasa.org\/es\/#\/schema\/logo\/image\/\",\"url\":\"https:\/\/www.linncasa.org\/wp-content\/uploads\/2024\/03\/LINNCOUNTY_v_RedBlue.png\",\"contentUrl\":\"https:\/\/www.linncasa.org\/wp-content\/uploads\/2024\/03\/LINNCOUNTY_v_RedBlue.png\",\"width\":623,\"height\":630,\"caption\":\"CASA of Linn County\"},\"image\":{\"@id\":\"https:\/\/www.linncasa.org\/es\/#\/schema\/logo\/image\/\"},\"sameAs\":[\"https:\/\/www.facebook.com\/CasaOfLinnCounty\/\"]}]}<\/script>\n<!-- \/ Yoast SEO plugin. -->","yoast_head_json":{"title":"Recursos de desarrollo en el condado de Linn CASA","description":"Sum\u00e9rgete en los recursos y la informaci\u00f3n relacionados con el desarrollo infantil, incluidos los hitos, los retos y las mejores pr\u00e1cticas para apoyar un crecimiento sano y el bienestar.","robots":{"index":"index","follow":"follow","max-snippet":"max-snippet:-1","max-image-preview":"max-image-preview:large","max-video-preview":"max-video-preview:-1"},"canonical":"https:\/\/www.linncasa.org\/es\/recursos-desarrollo\/","og_locale":"es_ES","og_type":"article","og_title":"Recursos de desarrollo en el condado de Linn CASA","og_description":"Sum\u00e9rgete en los recursos y la informaci\u00f3n relacionados con el desarrollo infantil, incluidos los hitos, los retos y las mejores pr\u00e1cticas para apoyar un crecimiento sano y el bienestar.","og_url":"https:\/\/www.linncasa.org\/es\/recursos-desarrollo\/","og_site_name":"Casa of Linn County, Oregon","article_publisher":"https:\/\/www.facebook.com\/CasaOfLinnCounty\/","article_modified_time":"2025-04-30T06:35:03+00:00","twitter_card":"summary_large_image","schema":{"@context":"https:\/\/schema.org","@graph":[{"@type":"WebPage","@id":"https:\/\/www.linncasa.org\/es\/recursos-desarrollo\/","url":"https:\/\/www.linncasa.org\/es\/recursos-desarrollo\/","name":"Recursos de desarrollo en el condado de Linn CASA","isPartOf":{"@id":"https:\/\/www.linncasa.org\/es\/#website"},"datePublished":"2020-02-25T08:07:46+00:00","dateModified":"2025-04-30T06:35:03+00:00","description":"Sum\u00e9rgete en los recursos y la informaci\u00f3n relacionados con el desarrollo infantil, incluidos los hitos, los retos y las mejores pr\u00e1cticas para apoyar un crecimiento sano y el bienestar.","breadcrumb":{"@id":"https:\/\/www.linncasa.org\/es\/recursos-desarrollo\/#breadcrumb"},"inLanguage":"es","potentialAction":[{"@type":"ReadAction","target":["https:\/\/www.linncasa.org\/es\/recursos-desarrollo\/"]}]},{"@type":"BreadcrumbList","@id":"https:\/\/www.linncasa.org\/es\/recursos-desarrollo\/#breadcrumb","itemListElement":[{"@type":"ListItem","position":1,"name":"Home","item":"https:\/\/www.linncasa.org\/es\/"},{"@type":"ListItem","position":2,"name":"Recursos: Desarrollo"}]},{"@type":"WebSite","@id":"https:\/\/www.linncasa.org\/es\/#website","url":"https:\/\/www.linncasa.org\/es\/","name":"CASA of Linn County","description":"Change a Child&#039;s Story\u2122","publisher":{"@id":"https:\/\/www.linncasa.org\/es\/#organization"},"potentialAction":[{"@type":"SearchAction","target":{"@type":"EntryPoint","urlTemplate":"https:\/\/www.linncasa.org\/es\/?s={search_term_string}"},"query-input":{"@type":"PropertyValueSpecification","valueRequired":true,"valueName":"search_term_string"}}],"inLanguage":"es"},{"@type":"Organization","@id":"https:\/\/www.linncasa.org\/es\/#organization","name":"CASA of Linn County","url":"https:\/\/www.linncasa.org\/es\/","logo":{"@type":"ImageObject","inLanguage":"es","@id":"https:\/\/www.linncasa.org\/es\/#\/schema\/logo\/image\/","url":"https:\/\/www.linncasa.org\/wp-content\/uploads\/2024\/03\/LINNCOUNTY_v_RedBlue.png","contentUrl":"https:\/\/www.linncasa.org\/wp-content\/uploads\/2024\/03\/LINNCOUNTY_v_RedBlue.png","width":623,"height":630,"caption":"CASA of Linn County"},"image":{"@id":"https:\/\/www.linncasa.org\/es\/#\/schema\/logo\/image\/"},"sameAs":["https:\/\/www.facebook.com\/CasaOfLinnCounty\/"]}]}},"_links":{"self":[{"href":"https:\/\/www.linncasa.org\/es\/wp-json\/wp\/v2\/pages\/3214","targetHints":{"allow":["GET"]}}],"collection":[{"href":"https:\/\/www.linncasa.org\/es\/wp-json\/wp\/v2\/pages"}],"about":[{"href":"https:\/\/www.linncasa.org\/es\/wp-json\/wp\/v2\/types\/page"}],"author":[{"embeddable":true,"href":"https:\/\/www.linncasa.org\/es\/wp-json\/wp\/v2\/users\/5"}],"replies":[{"embeddable":true,"href":"https:\/\/www.linncasa.org\/es\/wp-json\/wp\/v2\/comments?post=3214"}],"version-history":[{"count":1,"href":"https:\/\/www.linncasa.org\/es\/wp-json\/wp\/v2\/pages\/3214\/revisions"}],"predecessor-version":[{"id":3216,"href":"https:\/\/www.linncasa.org\/es\/wp-json\/wp\/v2\/pages\/3214\/revisions\/3216"}],"wp:attachment":[{"href":"https:\/\/www.linncasa.org\/es\/wp-json\/wp\/v2\/media?parent=3214"}],"curies":[{"name":"wp","href":"https:\/\/api.w.org\/{rel}","templated":true}]}}