{"id":3218,"date":"2020-01-13T19:57:16","date_gmt":"2020-01-14T03:57:16","guid":{"rendered":"https:\/\/www.linncasa.org\/voluntario\/"},"modified":"2026-04-14T10:15:01","modified_gmt":"2026-04-14T17:15:01","slug":"voluntario","status":"publish","type":"page","link":"https:\/\/www.linncasa.org\/es\/voluntario\/","title":{"rendered":"Voluntario"},"content":{"rendered":"<p>[et_pb_section fb_built=\u00bb1&#8243; admin_label=\u00bbsection\u00bb _builder_version=\u00bb4.16&#8243; global_colors_info=\u00bb{}\u00bb][et_pb_row _builder_version=\u00bb4.27.4&#8243; _module_preset=\u00bbdefault\u00bb width_tablet=\u00bb90%\u00bb width_phone=\u00bb90%\u00bb width_last_edited=\u00bbon|tablet\u00bb max_width_tablet=\u00bb2560%\u00bb max_width_phone=\u00bb2560%\u00bb max_width_last_edited=\u00bbon|tablet\u00bb global_colors_info=\u00bb{}\u00bb][et_pb_column type=\u00bb4_4&#8243; _builder_version=\u00bb4.27.4&#8243; _module_preset=\u00bbdefault\u00bb global_colors_info=\u00bb{}\u00bb][et_pb_image src=\u00bbhttps:\/\/www.linncasa.org\/wp-content\/uploads\/2023\/10\/384558787_812597110869196_1608700321250691654_n.jpg\u00bb title_text=\u00bb384558787_812597110869196_1608700321250691654_n\u00bb _builder_version=\u00bb4.27.4&#8243; _module_preset=\u00bbdefault\u00bb global_colors_info=\u00bb{}\u00bb][\/et_pb_image][\/et_pb_column][\/et_pb_row][et_pb_row _builder_version=\u00bb4.27.4&#8243; _module_preset=\u00bbdefault\u00bb width_tablet=\u00bb90%\u00bb width_phone=\u00bb90%\u00bb width_last_edited=\u00bbon|tablet\u00bb max_width_tablet=\u00bb2560%\u00bb max_width_phone=\u00bb2560%\u00bb max_width_last_edited=\u00bbon|phone\u00bb global_colors_info=\u00bb{}\u00bb][et_pb_column type=\u00bb4_4&#8243; _builder_version=\u00bb4.27.4&#8243; _module_preset=\u00bbdefault\u00bb global_colors_info=\u00bb{}\u00bb][et_pb_text _builder_version=\u00bb4.27.4&#8243; _module_preset=\u00bbdefault\u00bb background_size=\u00bbinitial\u00bb background_position=\u00bbtop_left\u00bb background_repeat=\u00bbrepeat\u00bb global_colors_info=\u00bb{}\u00bb]<\/p>\n<p>Un voluntario de CASA es una persona corriente que hace cosas extraordinarias por un ni\u00f1o en acogida.<\/p>\n<p>Los Defensores Especiales Designados por el Tribunal (o CASA) son voluntarios formados y comprometidos que garantizan que las necesidades individuales de cada ni\u00f1o sigan siendo una prioridad en un sistema de bienestar infantil sobrecargado.  <\/p>\n<p>Los defensores de CASA son ciudadanos de todas las clases sociales. Se dedican a promover las necesidades de los ni\u00f1os que han sido retirados del cuidado de sus padres por negligencia o maltrato<\/p>\n<p>Asiste a una Sesi\u00f3n Informativa de CASA para saber m\u00e1s sobre c\u00f3mo convertirte en CASA:<\/p>\n<p>[\/et_pb_text][et_pb_text _builder_version=\u00bb4.27.4&#8243; _module_preset=\u00bbdefault\u00bb header_2_font=\u00bb|700|||||||\u00bb header_4_text_color=\u00bb#00447C\u00bb background_size=\u00bbinitial\u00bb background_position=\u00bbtop_left\u00bb background_repeat=\u00bbrepeat\u00bb global_colors_info=\u00bb{}\u00bb]<\/p>\n<h2>Pr\u00f3ximas sesiones<\/h2>\n<h4 style=\"background-color: #ffffff;\">13 de mayo de 2026<\/h4>\n<h4 style=\"background-color: #ffffff;\"><span style=\"font-size: 14px; color: #000000;\">17:30-18:30<\/span><span style=\"font-size: 14px; color: #000000;\"> <\/span><a href=\"https:\/\/forms.office.com\/Pages\/ResponsePage.aspx?id=7tXwMdjBx0KOEgCo0UIvY0dbSY0LR-1EudK8rWc4pb1UNDROSUswRTNYMkxaVU02Sjk3OVVGQ0xUTC4u\" style=\"font-size: 14px;\"><em style=\"font-size: 14px;\"><span style=\"font-size: 14px; color: #ee3124;\">RSVP<\/span><\/em><\/a><\/h4>\n<p style=\"padding-bottom: 1em; font-size: 14px; background-color: #ffffff; color: #000000;\">En persona en la oficina de CASA<\/p>\n<h4>23 de junio de 2026<\/h4>\n<h4><span style=\"font-size: 14px; color: #000000;\">7:30-8:30 de la ma\u00f1ana <\/span><a href=\"https:\/\/forms.office.com\/Pages\/ResponsePage.aspx?id=7tXwMdjBx0KOEgCo0UIvY0dbSY0LR-1EudK8rWc4pb1UNDROSUswRTNYMkxaVU02Sjk3OVVGQ0xUTC4u\" style=\"font-size: 14px;\"><em><span style=\"color: #ee3124;\">RSVP<\/span><\/em><\/a><\/h4>\n<p style=\"font-size: 14px; background-color: #ffffff; color: #000000;\">En persona en la oficina de CASA<\/p>\n<h4>13 de julio de 2026<\/h4>\n<h4><span style=\"font-size: 14px; color: #000000;\">17:30-18:30 <\/span><a href=\"https:\/\/forms.office.com\/Pages\/ResponsePage.aspx?id=7tXwMdjBx0KOEgCo0UIvY0dbSY0LR-1EudK8rWc4pb1UNDROSUswRTNYMkxaVU02Sjk3OVVGQ0xUTC4u\" style=\"font-size: 14px;\"><em><span style=\"color: #ee3124;\">RSVP<\/span><\/em><\/a><\/h4>\n<p>En persona en la oficina de CASA<\/p>\n<p>[\/et_pb_text][\/et_pb_column][\/et_pb_row][et_pb_row _builder_version=\u00bb4.27.4&#8243; _module_preset=\u00bbdefault\u00bb global_colors_info=\u00bb{}\u00bb][et_pb_column type=\u00bb4_4&#8243; _builder_version=\u00bb4.27.4&#8243; _module_preset=\u00bbdefault\u00bb global_colors_info=\u00bb{}\u00bb][et_pb_text _builder_version=\u00bb4.27.4&#8243; _module_preset=\u00bbdefault\u00bb background_size=\u00bbinitial\u00bb background_position=\u00bbtop_left\u00bb background_repeat=\u00bbrepeat\u00bb global_colors_info=\u00bb{}\u00bb]<\/p>\n<p>Para ser Defensor Especial Designado por el Tribunal, debes cumplir los siguientes requisitos:<\/p>\n<ul>\n<li>Dispuestos a dedicar 40 horas a la formaci\u00f3n y a comprometerse a llevar sus casos hasta la resoluci\u00f3n final: un hogar seguro y permanente para los ni\u00f1os implicados.<\/li>\n<li>Debes tener al menos 21 a\u00f1os.<\/li>\n<li>Debes ser capaz de superar una comprobaci\u00f3n de referencias y una comprobaci\u00f3n de antecedentes penales y del Departamento de Servicios Humanos de Oreg\u00f3n antes de convertirte en defensor de menores.<\/li>\n<li>No puedes ser actualmente padre o madre de acogida ni estar en proceso de adopci\u00f3n de un ni\u00f1o del ODHS.<\/li>\n<li>Y lo que es m\u00e1s importante, los voluntarios de CASA deben dedicarse con pasi\u00f3n a ayudar a los ni\u00f1os que han sufrido abusos o abandono.<\/li>\n<\/ul>\n<p>[\/et_pb_text][et_pb_button button_url=\u00bbhttps:\/\/www.linncasa.org\/wp-content\/uploads\/2023\/08\/CASA-Application.docx\u00bb url_new_window=\u00bbon\u00bb button_text=\u00bbSolicitud CASA\u00bb button_alignment=\u00bbleft\u00bb _builder_version=\u00bb4.27.4&#8243; _module_preset=\u00bbdefault\u00bb custom_button=\u00bbon\u00bb button_text_size=\u00bb18px\u00bb button_text_color=\u00bb#FFFFFF\u00bb button_bg_color=\u00bb#00447C\u00bb button_border_width=\u00bb3px\u00bb button_border_color=\u00bb#00447C\u00bb button_border_radius=\u00bb100px\u00bb button_letter_spacing=\u00bb2px\u00bb button_font=\u00bbPoppins|||on|||||\u00bb button_use_icon=\u00bboff\u00bb custom_padding=\u00bb10px|65px|10px|65px|true|true\u00bb button_text_size_tablet=\u00bb18px\u00bb button_text_size_phone=\u00bb12px\u00bb button_text_size_last_edited=\u00bbon|phone\u00bb global_colors_info=\u00bb{}\u00bb button_bg_color__hover_enabled=\u00bbon|hover\u00bb button_bg_color__hover=\u00bbRGBA(255,255,255,0)\u00bb button_bg_enable_color__hover=\u00bbon\u00bb button_letter_spacing__hover_enabled=\u00bboff|hover\u00bb button_letter_spacing__hover=\u00bb2px\u00bb button_border_color__hover_enabled=\u00bbon|hover\u00bb button_border_color__hover=\u00bb#EE3124&#8243; button_border_width__hover_enabled=\u00bbon|desktop\u00bb button_border_width__hover=\u00bb3px\u00bb button_text_color__hover_enabled=\u00bbon|desktop\u00bb button_text_color__hover=\u00bb#00447C\u00bb][\/et_pb_button][et_pb_text _builder_version=\u00bb4.27.4&#8243; _module_preset=\u00bbdefault\u00bb background_size=\u00bbinitial\u00bb background_position=\u00bbtop_left\u00bb background_repeat=\u00bbrepeat\u00bb global_colors_info=\u00bb{}\u00bb]<\/p>\n<p>Si cumples estos requisitos y est\u00e1s dispuesto a defender a un joven en acogida, rellena una solicitud de voluntario y env\u00edala por correo electr\u00f3nico a <a href=\"mailto:jennifer.cabral-ireland@linncasa.org\">jennifer.cabral-ireland@linncasa.org<\/a> o tr\u00e1ela a nuestra oficina.<\/p>\n<p>Si el bot\u00f3n de Solicitud de Voluntariado no funciona, descarga la Solicitud de Voluntariado de CASA aqu\u00ed:<\/p>\n<p>[\/et_pb_text][et_pb_button button_url=\u00bbhttps:\/\/www.linncasa.org\/wp-content\/uploads\/2023\/08\/CASA-Application-1.docx\u00bb url_new_window=\u00bbon\u00bb button_text=\u00bbDescarga\u00bb button_alignment=\u00bbleft\u00bb _builder_version=\u00bb4.27.4&#8243; _module_preset=\u00bbdefault\u00bb custom_button=\u00bbon\u00bb button_text_size=\u00bb18px\u00bb button_text_color=\u00bb#FFFFFF\u00bb button_bg_color=\u00bb#00447C\u00bb button_border_width=\u00bb3px\u00bb button_border_color=\u00bb#00447C\u00bb button_border_radius=\u00bb100px\u00bb button_letter_spacing=\u00bb2px\u00bb button_font=\u00bbPoppins|||on|||||\u00bb button_use_icon=\u00bboff\u00bb custom_padding=\u00bb10px|65px|10px|65px|true|true\u00bb button_text_size_tablet=\u00bb18px\u00bb button_text_size_phone=\u00bb12px\u00bb button_text_size_last_edited=\u00bbon|phone\u00bb global_colors_info=\u00bb{}\u00bb button_bg_color__hover_enabled=\u00bbon|hover\u00bb button_bg_color__hover=\u00bbRGBA(255,255,255,0)\u00bb button_bg_enable_color__hover=\u00bbon\u00bb button_letter_spacing__hover_enabled=\u00bboff|hover\u00bb button_letter_spacing__hover=\u00bb2px\u00bb button_border_color__hover_enabled=\u00bbon|hover\u00bb button_border_color__hover=\u00bb#EE3124&#8243; button_border_width__hover_enabled=\u00bbon|desktop\u00bb button_border_width__hover=\u00bb3px\u00bb button_text_color__hover_enabled=\u00bbon|desktop\u00bb button_text_color__hover=\u00bb#00447C\u00bb][\/et_pb_button][et_pb_text _builder_version=\u00bb4.27.4&#8243; _module_preset=\u00bbdefault\u00bb background_size=\u00bbinitial\u00bb background_position=\u00bbtop_left\u00bb background_repeat=\u00bbrepeat\u00bb global_colors_info=\u00bb{}\u00bb]<\/p>\n<p>Puedes encontrar respuestas a preguntas frecuentes en nuestra p\u00e1gina <a href=\"https:\/\/www.linncasa.org\/es\/preguntas-frecuentes-sobre-el-voluntariado\/\">de Preguntas frecuentes sobre el voluntariado<\/a>.<\/p>\n<p>[\/et_pb_text][\/et_pb_column][\/et_pb_row][\/et_pb_section]<\/p>\n","protected":false},"excerpt":{"rendered":"<p>Un voluntario de CASA es una persona corriente que hace cosas extraordinarias por un ni\u00f1o en acogida. Los Defensores Especiales Designados por el Tribunal (o CASA) son voluntarios formados y comprometidos que garantizan que las necesidades individuales de cada ni\u00f1o sigan siendo una prioridad en un sistema de bienestar infantil sobrecargado. Los defensores de CASA [&hellip;]<\/p>\n","protected":false},"author":5,"featured_media":0,"parent":0,"menu_order":0,"comment_status":"closed","ping_status":"closed","template":"","meta":{"_et_pb_use_builder":"on","_et_pb_old_content":"","_et_gb_content_width":"","footnotes":""},"class_list":["post-3218","page","type-page","status-publish","hentry"],"yoast_head":"<!-- This site is optimized with the Yoast SEO plugin v27.2 - https:\/\/yoast.com\/product\/yoast-seo-wordpress\/ -->\n<title>Hazte voluntario de CASA y cambia hoy la vida de un ni\u00f1o<\/title>\n<meta name=\"description\" content=\"Descubre c\u00f3mo puedes marcar la diferencia convirti\u00e9ndote en voluntario formado de CASA y abogando por el bienestar de los ni\u00f1os en el sistema de acogida.\" \/>\n<meta name=\"robots\" content=\"index, follow, max-snippet:-1, max-image-preview:large, max-video-preview:-1\" \/>\n<link rel=\"canonical\" href=\"https:\/\/www.linncasa.org\/es\/voluntario\/\" \/>\n<meta property=\"og:locale\" content=\"es_ES\" \/>\n<meta property=\"og:type\" content=\"article\" \/>\n<meta property=\"og:title\" content=\"Hazte voluntario de CASA y cambia hoy la vida de un ni\u00f1o\" \/>\n<meta property=\"og:description\" content=\"Descubre c\u00f3mo puedes marcar la diferencia convirti\u00e9ndote en voluntario formado de CASA y abogando por el bienestar de los ni\u00f1os en el sistema de acogida.\" \/>\n<meta property=\"og:url\" content=\"https:\/\/www.linncasa.org\/es\/voluntario\/\" \/>\n<meta property=\"og:site_name\" content=\"Casa of Linn County, Oregon\" \/>\n<meta property=\"article:publisher\" content=\"https:\/\/www.facebook.com\/CasaOfLinnCounty\/\" \/>\n<meta property=\"article:modified_time\" content=\"2026-04-14T17:15:01+00:00\" \/>\n<meta name=\"twitter:card\" content=\"summary_large_image\" \/>\n<meta name=\"twitter:label1\" content=\"Tiempo de lectura\" \/>\n\t<meta name=\"twitter:data1\" content=\"5 minutos\" \/>\n<script type=\"application\/ld+json\" class=\"yoast-schema-graph\">{\"@context\":\"https:\/\/schema.org\",\"@graph\":[{\"@type\":\"WebPage\",\"@id\":\"https:\/\/www.linncasa.org\/es\/voluntario\/\",\"url\":\"https:\/\/www.linncasa.org\/es\/voluntario\/\",\"name\":\"Hazte voluntario de CASA y cambia hoy la vida de un ni\u00f1o\",\"isPartOf\":{\"@id\":\"https:\/\/www.linncasa.org\/es\/#website\"},\"datePublished\":\"2020-01-14T03:57:16+00:00\",\"dateModified\":\"2026-04-14T17:15:01+00:00\",\"description\":\"Descubre c\u00f3mo puedes marcar la diferencia convirti\u00e9ndote en voluntario formado de CASA y abogando por el bienestar de los ni\u00f1os en el sistema de acogida.\",\"breadcrumb\":{\"@id\":\"https:\/\/www.linncasa.org\/es\/voluntario\/#breadcrumb\"},\"inLanguage\":\"es\",\"potentialAction\":[{\"@type\":\"ReadAction\",\"target\":[\"https:\/\/www.linncasa.org\/es\/voluntario\/\"]}]},{\"@type\":\"BreadcrumbList\",\"@id\":\"https:\/\/www.linncasa.org\/es\/voluntario\/#breadcrumb\",\"itemListElement\":[{\"@type\":\"ListItem\",\"position\":1,\"name\":\"Home\",\"item\":\"https:\/\/www.linncasa.org\/es\/\"},{\"@type\":\"ListItem\",\"position\":2,\"name\":\"Voluntario\"}]},{\"@type\":\"WebSite\",\"@id\":\"https:\/\/www.linncasa.org\/es\/#website\",\"url\":\"https:\/\/www.linncasa.org\/es\/\",\"name\":\"CASA of Linn County\",\"description\":\"Change a Child&#039;s Story\u2122\",\"publisher\":{\"@id\":\"https:\/\/www.linncasa.org\/es\/#organization\"},\"potentialAction\":[{\"@type\":\"SearchAction\",\"target\":{\"@type\":\"EntryPoint\",\"urlTemplate\":\"https:\/\/www.linncasa.org\/es\/?s={search_term_string}\"},\"query-input\":{\"@type\":\"PropertyValueSpecification\",\"valueRequired\":true,\"valueName\":\"search_term_string\"}}],\"inLanguage\":\"es\"},{\"@type\":\"Organization\",\"@id\":\"https:\/\/www.linncasa.org\/es\/#organization\",\"name\":\"CASA of Linn County\",\"url\":\"https:\/\/www.linncasa.org\/es\/\",\"logo\":{\"@type\":\"ImageObject\",\"inLanguage\":\"es\",\"@id\":\"https:\/\/www.linncasa.org\/es\/#\/schema\/logo\/image\/\",\"url\":\"https:\/\/www.linncasa.org\/wp-content\/uploads\/2024\/03\/LINNCOUNTY_v_RedBlue.png\",\"contentUrl\":\"https:\/\/www.linncasa.org\/wp-content\/uploads\/2024\/03\/LINNCOUNTY_v_RedBlue.png\",\"width\":623,\"height\":630,\"caption\":\"CASA of Linn County\"},\"image\":{\"@id\":\"https:\/\/www.linncasa.org\/es\/#\/schema\/logo\/image\/\"},\"sameAs\":[\"https:\/\/www.facebook.com\/CasaOfLinnCounty\/\"]}]}<\/script>\n<!-- \/ Yoast SEO plugin. -->","yoast_head_json":{"title":"Hazte voluntario de CASA y cambia hoy la vida de un ni\u00f1o","description":"Descubre c\u00f3mo puedes marcar la diferencia convirti\u00e9ndote en voluntario formado de CASA y abogando por el bienestar de los ni\u00f1os en el sistema de acogida.","robots":{"index":"index","follow":"follow","max-snippet":"max-snippet:-1","max-image-preview":"max-image-preview:large","max-video-preview":"max-video-preview:-1"},"canonical":"https:\/\/www.linncasa.org\/es\/voluntario\/","og_locale":"es_ES","og_type":"article","og_title":"Hazte voluntario de CASA y cambia hoy la vida de un ni\u00f1o","og_description":"Descubre c\u00f3mo puedes marcar la diferencia convirti\u00e9ndote en voluntario formado de CASA y abogando por el bienestar de los ni\u00f1os en el sistema de acogida.","og_url":"https:\/\/www.linncasa.org\/es\/voluntario\/","og_site_name":"Casa of Linn County, Oregon","article_publisher":"https:\/\/www.facebook.com\/CasaOfLinnCounty\/","article_modified_time":"2026-04-14T17:15:01+00:00","twitter_card":"summary_large_image","twitter_misc":{"Tiempo de lectura":"5 minutos"},"schema":{"@context":"https:\/\/schema.org","@graph":[{"@type":"WebPage","@id":"https:\/\/www.linncasa.org\/es\/voluntario\/","url":"https:\/\/www.linncasa.org\/es\/voluntario\/","name":"Hazte voluntario de CASA y cambia hoy la vida de un ni\u00f1o","isPartOf":{"@id":"https:\/\/www.linncasa.org\/es\/#website"},"datePublished":"2020-01-14T03:57:16+00:00","dateModified":"2026-04-14T17:15:01+00:00","description":"Descubre c\u00f3mo puedes marcar la diferencia convirti\u00e9ndote en voluntario formado de CASA y abogando por el bienestar de los ni\u00f1os en el sistema de acogida.","breadcrumb":{"@id":"https:\/\/www.linncasa.org\/es\/voluntario\/#breadcrumb"},"inLanguage":"es","potentialAction":[{"@type":"ReadAction","target":["https:\/\/www.linncasa.org\/es\/voluntario\/"]}]},{"@type":"BreadcrumbList","@id":"https:\/\/www.linncasa.org\/es\/voluntario\/#breadcrumb","itemListElement":[{"@type":"ListItem","position":1,"name":"Home","item":"https:\/\/www.linncasa.org\/es\/"},{"@type":"ListItem","position":2,"name":"Voluntario"}]},{"@type":"WebSite","@id":"https:\/\/www.linncasa.org\/es\/#website","url":"https:\/\/www.linncasa.org\/es\/","name":"CASA of Linn County","description":"Change a Child&#039;s Story\u2122","publisher":{"@id":"https:\/\/www.linncasa.org\/es\/#organization"},"potentialAction":[{"@type":"SearchAction","target":{"@type":"EntryPoint","urlTemplate":"https:\/\/www.linncasa.org\/es\/?s={search_term_string}"},"query-input":{"@type":"PropertyValueSpecification","valueRequired":true,"valueName":"search_term_string"}}],"inLanguage":"es"},{"@type":"Organization","@id":"https:\/\/www.linncasa.org\/es\/#organization","name":"CASA of Linn County","url":"https:\/\/www.linncasa.org\/es\/","logo":{"@type":"ImageObject","inLanguage":"es","@id":"https:\/\/www.linncasa.org\/es\/#\/schema\/logo\/image\/","url":"https:\/\/www.linncasa.org\/wp-content\/uploads\/2024\/03\/LINNCOUNTY_v_RedBlue.png","contentUrl":"https:\/\/www.linncasa.org\/wp-content\/uploads\/2024\/03\/LINNCOUNTY_v_RedBlue.png","width":623,"height":630,"caption":"CASA of Linn County"},"image":{"@id":"https:\/\/www.linncasa.org\/es\/#\/schema\/logo\/image\/"},"sameAs":["https:\/\/www.facebook.com\/CasaOfLinnCounty\/"]}]}},"_links":{"self":[{"href":"https:\/\/www.linncasa.org\/es\/wp-json\/wp\/v2\/pages\/3218","targetHints":{"allow":["GET"]}}],"collection":[{"href":"https:\/\/www.linncasa.org\/es\/wp-json\/wp\/v2\/pages"}],"about":[{"href":"https:\/\/www.linncasa.org\/es\/wp-json\/wp\/v2\/types\/page"}],"author":[{"embeddable":true,"href":"https:\/\/www.linncasa.org\/es\/wp-json\/wp\/v2\/users\/5"}],"replies":[{"embeddable":true,"href":"https:\/\/www.linncasa.org\/es\/wp-json\/wp\/v2\/comments?post=3218"}],"version-history":[{"count":52,"href":"https:\/\/www.linncasa.org\/es\/wp-json\/wp\/v2\/pages\/3218\/revisions"}],"predecessor-version":[{"id":4174,"href":"https:\/\/www.linncasa.org\/es\/wp-json\/wp\/v2\/pages\/3218\/revisions\/4174"}],"wp:attachment":[{"href":"https:\/\/www.linncasa.org\/es\/wp-json\/wp\/v2\/media?parent=3218"}],"curies":[{"name":"wp","href":"https:\/\/api.w.org\/{rel}","templated":true}]}}