{"id":3221,"date":"2020-02-24T23:44:43","date_gmt":"2020-02-25T07:44:43","guid":{"rendered":"https:\/\/www.linncasa.org\/recursos-acogimiento-familiar\/"},"modified":"2025-04-29T23:35:05","modified_gmt":"2025-04-30T06:35:05","slug":"recursos-acogimiento-familiar","status":"publish","type":"page","link":"https:\/\/www.linncasa.org\/es\/recursos-acogimiento-familiar\/","title":{"rendered":"Recursos: Acogimiento familiar"},"content":{"rendered":"\n<p class=\"has-vivid-red-color has-text-color\" style=\"font-size:25px\"><strong>Art\u00edculos\/Gu\u00edas<\/strong><\/p>\n\n<p>Transcripci\u00f3n del podcast: <a href=\"https:\/\/www.acf.hhs.gov\/sites\/default\/files\/cb\/cw_podcast_engaging_youth_foster_care_transcript.pdf\">Implicar a los J\u00f3venes en el Acogimiento Familiar<\/a> (8 p\u00e1ginas)<\/p>\n\n<p>Gu\u00eda: <a href=\"https:\/\/advocacyinaction.casaforchildren.org\/cms\/wp-content\/uploads\/2018\/11\/Placement-Stability.pdf\">Estabilidad de colocaci\u00f3n<\/a> (7 p\u00e1ginas)<\/p>\n\n<p>Art\u00edculo: <a href=\"https:\/\/www.oregonlive.com\/politics\/2018\/02\/oregon_officials_agree_to_redu.html\">Las autoridades de Oreg\u00f3n acuerdan reducir el uso de hoteles como hogares temporales para ni\u00f1os en r\u00e9gimen de acogida<\/a> (2019, The Oregonian)<\/p>\n\n<p class=\"has-vivid-red-color has-text-color\" style=\"font-size:25px\"><strong>V\u00eddeos\/Webinarios<\/strong><\/p>\n\n<p>V\u00eddeo: <a href=\"https:\/\/www.youtube.com\/watch?v=lOeQUwdAjE0\">ReMoved<\/a> (13 minutos)<\/p>\n","protected":false},"excerpt":{"rendered":"<p>Art\u00edculos\/Gu\u00edas Transcripci\u00f3n del podcast: Implicar a los J\u00f3venes en el Acogimiento Familiar (8 p\u00e1ginas) Gu\u00eda: Estabilidad de colocaci\u00f3n (7 p\u00e1ginas) Art\u00edculo: Las autoridades de Oreg\u00f3n acuerdan reducir el uso de hoteles como hogares temporales para ni\u00f1os en r\u00e9gimen de acogida (2019, The Oregonian) V\u00eddeos\/Webinarios V\u00eddeo: ReMoved (13 minutos)<\/p>\n","protected":false},"author":5,"featured_media":0,"parent":0,"menu_order":0,"comment_status":"closed","ping_status":"closed","template":"","meta":{"_et_pb_use_builder":"","_et_pb_old_content":"","_et_gb_content_width":"","footnotes":""},"class_list":["post-3221","page","type-page","status-publish","hentry"],"yoast_head":"<!-- This site is optimized with the Yoast SEO plugin v27.2 - https:\/\/yoast.com\/product\/yoast-seo-wordpress\/ -->\n<title>Recursos: Acogimiento familiar - Casa of Linn County, Oregon<\/title>\n<meta name=\"description\" content=\"Accede a recursos e informaci\u00f3n relacionados con la defensa de la acogida y el apoyo a ni\u00f1os, cuidadores y profesionales implicados en el sistema de acogida.\" \/>\n<meta name=\"robots\" content=\"index, follow, max-snippet:-1, max-image-preview:large, max-video-preview:-1\" \/>\n<link rel=\"canonical\" href=\"https:\/\/www.linncasa.org\/es\/recursos-acogimiento-familiar\/\" \/>\n<meta property=\"og:locale\" content=\"es_ES\" \/>\n<meta property=\"og:type\" content=\"article\" \/>\n<meta property=\"og:title\" content=\"Recursos: Acogimiento familiar - Casa of Linn County, Oregon\" \/>\n<meta property=\"og:description\" content=\"Accede a recursos e informaci\u00f3n relacionados con la defensa de la acogida y el apoyo a ni\u00f1os, cuidadores y profesionales implicados en el sistema de acogida.\" \/>\n<meta property=\"og:url\" content=\"https:\/\/www.linncasa.org\/es\/recursos-acogimiento-familiar\/\" \/>\n<meta property=\"og:site_name\" content=\"Casa of Linn County, Oregon\" \/>\n<meta property=\"article:publisher\" content=\"https:\/\/www.facebook.com\/CasaOfLinnCounty\/\" \/>\n<meta property=\"article:modified_time\" content=\"2025-04-30T06:35:05+00:00\" \/>\n<meta name=\"twitter:card\" content=\"summary_large_image\" \/>\n<script type=\"application\/ld+json\" class=\"yoast-schema-graph\">{\"@context\":\"https:\/\/schema.org\",\"@graph\":[{\"@type\":\"WebPage\",\"@id\":\"https:\/\/www.linncasa.org\/es\/recursos-acogimiento-familiar\/\",\"url\":\"https:\/\/www.linncasa.org\/es\/recursos-acogimiento-familiar\/\",\"name\":\"Recursos: Acogimiento familiar - Casa of Linn County, Oregon\",\"isPartOf\":{\"@id\":\"https:\/\/www.linncasa.org\/es\/#website\"},\"datePublished\":\"2020-02-25T07:44:43+00:00\",\"dateModified\":\"2025-04-30T06:35:05+00:00\",\"description\":\"Accede a recursos e informaci\u00f3n relacionados con la defensa de la acogida y el apoyo a ni\u00f1os, cuidadores y profesionales implicados en el sistema de acogida.\",\"breadcrumb\":{\"@id\":\"https:\/\/www.linncasa.org\/es\/recursos-acogimiento-familiar\/#breadcrumb\"},\"inLanguage\":\"es\",\"potentialAction\":[{\"@type\":\"ReadAction\",\"target\":[\"https:\/\/www.linncasa.org\/es\/recursos-acogimiento-familiar\/\"]}]},{\"@type\":\"BreadcrumbList\",\"@id\":\"https:\/\/www.linncasa.org\/es\/recursos-acogimiento-familiar\/#breadcrumb\",\"itemListElement\":[{\"@type\":\"ListItem\",\"position\":1,\"name\":\"Home\",\"item\":\"https:\/\/www.linncasa.org\/es\/\"},{\"@type\":\"ListItem\",\"position\":2,\"name\":\"Recursos: Acogimiento familiar\"}]},{\"@type\":\"WebSite\",\"@id\":\"https:\/\/www.linncasa.org\/es\/#website\",\"url\":\"https:\/\/www.linncasa.org\/es\/\",\"name\":\"CASA of Linn County\",\"description\":\"Change a Child&#039;s Story\u2122\",\"publisher\":{\"@id\":\"https:\/\/www.linncasa.org\/es\/#organization\"},\"potentialAction\":[{\"@type\":\"SearchAction\",\"target\":{\"@type\":\"EntryPoint\",\"urlTemplate\":\"https:\/\/www.linncasa.org\/es\/?s={search_term_string}\"},\"query-input\":{\"@type\":\"PropertyValueSpecification\",\"valueRequired\":true,\"valueName\":\"search_term_string\"}}],\"inLanguage\":\"es\"},{\"@type\":\"Organization\",\"@id\":\"https:\/\/www.linncasa.org\/es\/#organization\",\"name\":\"CASA of Linn County\",\"url\":\"https:\/\/www.linncasa.org\/es\/\",\"logo\":{\"@type\":\"ImageObject\",\"inLanguage\":\"es\",\"@id\":\"https:\/\/www.linncasa.org\/es\/#\/schema\/logo\/image\/\",\"url\":\"https:\/\/www.linncasa.org\/wp-content\/uploads\/2024\/03\/LINNCOUNTY_v_RedBlue.png\",\"contentUrl\":\"https:\/\/www.linncasa.org\/wp-content\/uploads\/2024\/03\/LINNCOUNTY_v_RedBlue.png\",\"width\":623,\"height\":630,\"caption\":\"CASA of Linn County\"},\"image\":{\"@id\":\"https:\/\/www.linncasa.org\/es\/#\/schema\/logo\/image\/\"},\"sameAs\":[\"https:\/\/www.facebook.com\/CasaOfLinnCounty\/\"]}]}<\/script>\n<!-- \/ Yoast SEO plugin. -->","yoast_head_json":{"title":"Recursos: Acogimiento familiar - Casa of Linn County, Oregon","description":"Accede a recursos e informaci\u00f3n relacionados con la defensa de la acogida y el apoyo a ni\u00f1os, cuidadores y profesionales implicados en el sistema de acogida.","robots":{"index":"index","follow":"follow","max-snippet":"max-snippet:-1","max-image-preview":"max-image-preview:large","max-video-preview":"max-video-preview:-1"},"canonical":"https:\/\/www.linncasa.org\/es\/recursos-acogimiento-familiar\/","og_locale":"es_ES","og_type":"article","og_title":"Recursos: Acogimiento familiar - Casa of Linn County, Oregon","og_description":"Accede a recursos e informaci\u00f3n relacionados con la defensa de la acogida y el apoyo a ni\u00f1os, cuidadores y profesionales implicados en el sistema de acogida.","og_url":"https:\/\/www.linncasa.org\/es\/recursos-acogimiento-familiar\/","og_site_name":"Casa of Linn County, Oregon","article_publisher":"https:\/\/www.facebook.com\/CasaOfLinnCounty\/","article_modified_time":"2025-04-30T06:35:05+00:00","twitter_card":"summary_large_image","schema":{"@context":"https:\/\/schema.org","@graph":[{"@type":"WebPage","@id":"https:\/\/www.linncasa.org\/es\/recursos-acogimiento-familiar\/","url":"https:\/\/www.linncasa.org\/es\/recursos-acogimiento-familiar\/","name":"Recursos: Acogimiento familiar - Casa of Linn County, Oregon","isPartOf":{"@id":"https:\/\/www.linncasa.org\/es\/#website"},"datePublished":"2020-02-25T07:44:43+00:00","dateModified":"2025-04-30T06:35:05+00:00","description":"Accede a recursos e informaci\u00f3n relacionados con la defensa de la acogida y el apoyo a ni\u00f1os, cuidadores y profesionales implicados en el sistema de acogida.","breadcrumb":{"@id":"https:\/\/www.linncasa.org\/es\/recursos-acogimiento-familiar\/#breadcrumb"},"inLanguage":"es","potentialAction":[{"@type":"ReadAction","target":["https:\/\/www.linncasa.org\/es\/recursos-acogimiento-familiar\/"]}]},{"@type":"BreadcrumbList","@id":"https:\/\/www.linncasa.org\/es\/recursos-acogimiento-familiar\/#breadcrumb","itemListElement":[{"@type":"ListItem","position":1,"name":"Home","item":"https:\/\/www.linncasa.org\/es\/"},{"@type":"ListItem","position":2,"name":"Recursos: Acogimiento familiar"}]},{"@type":"WebSite","@id":"https:\/\/www.linncasa.org\/es\/#website","url":"https:\/\/www.linncasa.org\/es\/","name":"CASA of Linn County","description":"Change a Child&#039;s Story\u2122","publisher":{"@id":"https:\/\/www.linncasa.org\/es\/#organization"},"potentialAction":[{"@type":"SearchAction","target":{"@type":"EntryPoint","urlTemplate":"https:\/\/www.linncasa.org\/es\/?s={search_term_string}"},"query-input":{"@type":"PropertyValueSpecification","valueRequired":true,"valueName":"search_term_string"}}],"inLanguage":"es"},{"@type":"Organization","@id":"https:\/\/www.linncasa.org\/es\/#organization","name":"CASA of Linn County","url":"https:\/\/www.linncasa.org\/es\/","logo":{"@type":"ImageObject","inLanguage":"es","@id":"https:\/\/www.linncasa.org\/es\/#\/schema\/logo\/image\/","url":"https:\/\/www.linncasa.org\/wp-content\/uploads\/2024\/03\/LINNCOUNTY_v_RedBlue.png","contentUrl":"https:\/\/www.linncasa.org\/wp-content\/uploads\/2024\/03\/LINNCOUNTY_v_RedBlue.png","width":623,"height":630,"caption":"CASA of Linn County"},"image":{"@id":"https:\/\/www.linncasa.org\/es\/#\/schema\/logo\/image\/"},"sameAs":["https:\/\/www.facebook.com\/CasaOfLinnCounty\/"]}]}},"_links":{"self":[{"href":"https:\/\/www.linncasa.org\/es\/wp-json\/wp\/v2\/pages\/3221","targetHints":{"allow":["GET"]}}],"collection":[{"href":"https:\/\/www.linncasa.org\/es\/wp-json\/wp\/v2\/pages"}],"about":[{"href":"https:\/\/www.linncasa.org\/es\/wp-json\/wp\/v2\/types\/page"}],"author":[{"embeddable":true,"href":"https:\/\/www.linncasa.org\/es\/wp-json\/wp\/v2\/users\/5"}],"replies":[{"embeddable":true,"href":"https:\/\/www.linncasa.org\/es\/wp-json\/wp\/v2\/comments?post=3221"}],"version-history":[{"count":1,"href":"https:\/\/www.linncasa.org\/es\/wp-json\/wp\/v2\/pages\/3221\/revisions"}],"predecessor-version":[{"id":3225,"href":"https:\/\/www.linncasa.org\/es\/wp-json\/wp\/v2\/pages\/3221\/revisions\/3225"}],"wp:attachment":[{"href":"https:\/\/www.linncasa.org\/es\/wp-json\/wp\/v2\/media?parent=3221"}],"curies":[{"name":"wp","href":"https:\/\/api.w.org\/{rel}","templated":true}]}}