{"id":3222,"date":"2020-01-27T18:00:42","date_gmt":"2020-01-28T02:00:42","guid":{"rendered":"https:\/\/www.linncasa.org\/preguntas-frecuentes-sobre-el-voluntariado\/"},"modified":"2025-04-29T23:35:08","modified_gmt":"2025-04-30T06:35:08","slug":"preguntas-frecuentes-sobre-el-voluntariado","status":"publish","type":"page","link":"https:\/\/www.linncasa.org\/es\/preguntas-frecuentes-sobre-el-voluntariado\/","title":{"rendered":"Preguntas frecuentes sobre el voluntariado"},"content":{"rendered":"<p>[et_pb_section fb_built=\u00bb1&#8243; admin_label=\u00bbHeader\u00bb _builder_version=\u00bb4.24.0&#8243; use_background_color_gradient=\u00bbon\u00bb background_color_gradient_stops=\u00bbrgba(238,49,36,0.88) 0%|rgba(0,68,124,0.61) 100%\u00bb background_color_gradient_overlays_image=\u00bbon\u00bb background_image=\u00bbhttps:\/\/www.linncasa.org\/wp-content\/uploads\/2020\/01\/FAQ.png\u00bb parallax=\u00bbon\u00bb width=\u00bb100%\u00bb height=\u00bb1000px\u00bb max_height=\u00bb1000px\u00bb custom_padding=\u00bb6vw||6vw||true|false\u00bb locked=\u00bboff\u00bb global_colors_info=\u00bb{}\u00bb][et_pb_row column_structure=\u00bb3_5,2_5&#8243; custom_padding_last_edited=\u00bbon|desktop\u00bb _builder_version=\u00bb4.24.0&#8243; _module_preset=\u00bbdefault\u00bb max_width=\u00bb2560px\u00bb custom_padding=\u00bb135px||||false|false\u00bb custom_padding_tablet=\u00bb135px||||false|false\u00bb custom_padding_phone=\u00bb135px||||false|false\u00bb global_colors_info=\u00bb{}\u00bb][et_pb_column type=\u00bb3_5&#8243; _builder_version=\u00bb4.24.0&#8243; _module_preset=\u00bbdefault\u00bb global_colors_info=\u00bb{}\u00bb][et_pb_text _builder_version=\u00bb4.24.0&#8243; _module_preset=\u00bbdefault\u00bb text_font=\u00bbPoppins|300|||||||\u00bb text_text_color=\u00bb#FFFFFF\u00bb text_font_size=\u00bb20px\u00bb text_line_height=\u00bb1.8em\u00bb header_font=\u00bbPoppins|700|||||||\u00bb header_text_color=\u00bb#FFFFFF\u00bb header_font_size=\u00bb90px\u00bb header_line_height=\u00bb1.2em\u00bb header_text_shadow_style=\u00bbpreset1&#8243; header_text_shadow_color=\u00bbrgba(0,0,0,0.34)\u00bb global_colors_info=\u00bb{}\u00bb]<\/p>\n<h1>Preguntas frecuentes sobre el voluntariado<\/h1>\n<p>A continuaci\u00f3n se exponen las preguntas m\u00e1s frecuentes que se hacen las personas cuando se plantean la posibilidad de convertirse en CASA. Si no encuentras aqu\u00ed la respuesta a tu pregunta, no dudes en ponerte en contacto con nosotros. <\/p>\n<p>[\/et_pb_text][et_pb_button button_text=\u00bbHazte Defensor\u00bb button_alignment=\u00bbleft\u00bb _builder_version=\u00bb4.24.0&#8243; _module_preset=\u00bbdefault\u00bb custom_button=\u00bbon\u00bb button_text_size=\u00bb18px\u00bb button_text_color=\u00bb#FFFFFF\u00bb button_bg_color=\u00bb#EE3124&#8243; button_border_width=\u00bb0px\u00bb button_border_radius=\u00bb100px\u00bb button_letter_spacing=\u00bb2px\u00bb button_font=\u00bbPoppins|300||on|||||\u00bb button_use_icon=\u00bboff\u00bb custom_margin=\u00bb||30px|||\u00bb custom_padding=\u00bb10px|65px|10px|65px|true|true\u00bb global_colors_info=\u00bb{}\u00bb button_bg_color__hover_enabled=\u00bbon|hover\u00bb button_bg_color__hover=\u00bb#00447C\u00bb button_bg_enable_color__hover=\u00bbon\u00bb button_letter_spacing__hover_enabled=\u00bboff|hover\u00bb button_letter_spacing__hover=\u00bb2px\u00bb button_border_color__hover_enabled=\u00bbon|desktop\u00bb button_text_color__hover_enabled=\u00bbon|hover\u00bb button_text_color__hover=\u00bb#FFFFFF\u00bb][\/et_pb_button][et_pb_button button_text=\u00bbHaz un donativo\u00bb button_alignment=\u00bbleft\u00bb _builder_version=\u00bb4.24.0&#8243; _module_preset=\u00bbdefault\u00bb custom_button=\u00bbon\u00bb button_text_size=\u00bb18px\u00bb button_text_color=\u00bb#FFFFFF\u00bb button_bg_color=\u00bbRGBA(255,255,255,0)\u00bb button_border_width=\u00bb3px\u00bb button_border_color=\u00bb#FFFFFF\u00bb button_border_radius=\u00bb100px\u00bb button_letter_spacing=\u00bb2px\u00bb button_font=\u00bbPoppins|300||on|||||\u00bb button_use_icon=\u00bboff\u00bb custom_padding=\u00bb10px|65px|10px|65px|true|true\u00bb global_colors_info=\u00bb{}\u00bb button_bg_color__hover_enabled=\u00bbon|hover\u00bb button_bg_color__hover=\u00bb#00447C\u00bb button_bg_enable_color__hover=\u00bbon\u00bb button_letter_spacing__hover_enabled=\u00bboff|hover\u00bb button_letter_spacing__hover=\u00bb2px\u00bb button_border_color__hover_enabled=\u00bbon|desktop\u00bb button_text_color__hover_enabled=\u00bbon|desktop\u00bb button_text_color__hover=\u00bb#FFFFFF\u00bb button_border_color__hover=\u00bbRGBA(255,255,255,0)\u00bb][\/et_pb_button][\/et_pb_column][et_pb_column type=\u00bb2_5&#8243; _builder_version=\u00bb4.24.0&#8243; _module_preset=\u00bbdefault\u00bb global_colors_info=\u00bb{}\u00bb][\/et_pb_column][\/et_pb_row][\/et_pb_section][et_pb_section fb_built=\u00bb1&#8243; admin_label=\u00bbVideo\u00bb _builder_version=\u00bb4.24.0&#8243; use_background_color_gradient=\u00bbon\u00bb background_color_gradient_direction=\u00bb90deg\u00bb background_color_gradient_stops=\u00bbrgba(0,0,0,0) 30%|#ee3124 30%\u00bb background_color_gradient_start=\u00bbrgba(0,0,0,0)\u00bb background_color_gradient_start_position=\u00bb30%\u00bb background_color_gradient_end=\u00bb#004e43&#8243; background_color_gradient_end_position=\u00bb0%\u00bb global_colors_info=\u00bb{}\u00bb][\/et_pb_section][et_pb_section fb_built=\u00bb1&#8243; admin_label=\u00bbCategories\u00bb _builder_version=\u00bb4.24.0&#8243; background_color=\u00bb#FFFFFF\u00bb global_colors_info=\u00bb{}\u00bb][et_pb_row use_custom_gutter=\u00bbon\u00bb gutter_width=\u00bb2&#8243; custom_padding_last_edited=\u00bbon|phone\u00bb _builder_version=\u00bb4.24.0&#8243; width=\u00bb75%\u00bb max_width=\u00bb2560px\u00bb custom_padding=\u00bb15px||15px||true|false\u00bb custom_padding_tablet=\u00bb\u00bb custom_padding_phone=\u00bb15px||15px||true|false\u00bb global_colors_info=\u00bb{}\u00bb][et_pb_column type=\u00bb4_4&#8243; _builder_version=\u00bb4.16&#8243; global_colors_info=\u00bb{}\u00bb][et_pb_toggle title=\u00bb\u00bfCu\u00e1nto tiempo se necesita para ser CASA?\u00bb open_toggle_text_color=\u00bb#EE3124&#8243; open_toggle_background_color=\u00bbRGBA(255,255,255,0)\u00bb closed_toggle_background_color=\u00bbRGBA(255,255,255,0)\u00bb icon_color=\u00bb#00447C\u00bb open_icon_color=\u00bb#00447C\u00bb _builder_version=\u00bb4.24.0&#8243; _module_preset=\u00bbdefault\u00bb title_text_color=\u00bb#00447C\u00bb body_font=\u00bbPoppins|300|||||||\u00bb body_text_color=\u00bb#000000&#8243; border_width_all=\u00bb0px\u00bb border_color_all=\u00bbRGBA(255,255,255,0)\u00bb border_width_bottom=\u00bb3px\u00bb border_color_bottom=\u00bb#EE3124&#8243; global_colors_info=\u00bb{}\u00bb]<\/p>\n<p>Se requieren 40 horas de formaci\u00f3n previa al servicio para convertirse en CASA. Una vez que hayas jurado como CASA y se te asigne un caso, puedes esperar pasar unas 10 horas al mes trabajando en el caso. Esto incluye visitar al menor, reunirte con los trabajadores sociales y los abogados, y asistir al juzgado. Al principio de un caso, la cantidad de tiempo que se le dedica puede aumentar, pero tiende a estabilizarse a medida que el caso contin\u00faa. Esperamos que los voluntarios permanezcan en el caso durante toda su duraci\u00f3n, normalmente unos 2 a\u00f1os, hasta que el menor logre la permanencia (vuelta a los padres, tutela o adopci\u00f3n).    <\/p>\n<p>[\/et_pb_toggle][et_pb_toggle title=\u00bb\u00bfC\u00f3mo puedo ser un CASA sin sentirme emocionalmente abrumado?\u00bb open_toggle_text_color=\u00bb#EE3124&#8243; open_toggle_background_color=\u00bbRGBA(255,255,255,0)\u00bb closed_toggle_background_color=\u00bbRGBA(255,255,255,0)\u00bb icon_color=\u00bb#00447C\u00bb open_icon_color=\u00bb#00447C\u00bb _builder_version=\u00bb4.24.0&#8243; _module_preset=\u00bbdefault\u00bb title_text_color=\u00bb#00447C\u00bb body_font=\u00bbPoppins|300|||||||\u00bb body_text_color=\u00bb#000000&#8243; border_width_all=\u00bb0px\u00bb border_width_bottom=\u00bb3px\u00bb border_color_bottom=\u00bb#EE3124&#8243; global_colors_info=\u00bb{}\u00bb]<\/p>\n<p>Es importante recordar que, mediante la intervenci\u00f3n del ODHS, se ha sacado al ni\u00f1o de una situaci\u00f3n peligrosa y se le ha colocado en un nuevo entorno seguro que permitir\u00e1 que comiencen los primeros procesos de curaci\u00f3n. Se trata de una experiencia muy dif\u00edcil para el ni\u00f1o, que ahora necesita m\u00e1s que nunca que alguien est\u00e9 de su lado. <\/p>\n<p>Contar\u00e1s con el apoyo de otros voluntarios de CASA, as\u00ed como del personal de CASA, que est\u00e1n ah\u00ed para guiarte en el proceso de redacci\u00f3n de informes, presentaci\u00f3n ante el tribunal y mucho m\u00e1s. Se trata de un trabajo importante, aunque dif\u00edcil, por lo que te proporcionamos todo el apoyo posible. <\/p>\n<p>[\/et_pb_toggle][et_pb_toggle title=\u00bb\u00bfPuedo ser co-CASA con un amigo\/familiar\/pareja?\u00bb open_toggle_text_color=\u00bb#EE3124&#8243; open_toggle_background_color=\u00bbRGBA(255,255,255,0)\u00bb closed_toggle_background_color=\u00bbRGBA(255,255,255,0)\u00bb icon_color=\u00bb#00447C\u00bb open_icon_color=\u00bb#00447C\u00bb _builder_version=\u00bb4.24.0&#8243; _module_preset=\u00bbdefault\u00bb title_text_color=\u00bb#00447C\u00bb body_font=\u00bbPoppins|300|||||||\u00bb body_text_color=\u00bb#000000&#8243; border_width_all=\u00bb0px\u00bb border_width_bottom=\u00bb3px\u00bb border_color_bottom=\u00bb#EE3124&#8243; global_colors_info=\u00bb{}\u00bb]<\/p>\n<p>S\u00ed! Ser co-CASA es cuando dos adultos asumen juntos un caso, dividiendo as\u00ed algunas de las visitas e informes judiciales requeridos, y permitiendo a la pareja discutir y elaborar estrategias sobre el caso y el menor. Adem\u00e1s, el menor tiene la oportunidad de interactuar y formar una relaci\u00f3n con dos adultos sanos y que funcionan bien. Ponte en contacto con nosotros si est\u00e1s interesado en convertirte en co-CASA con alguien de tu vida.   <\/p>\n<p>[\/et_pb_toggle][et_pb_toggle title=\u00bb\u00bfQu\u00e9 hacen los CASA una vez que tienen un caso?\u00bb open_toggle_text_color=\u00bb#EE3124&#8243; open_toggle_background_color=\u00bbRGBA(255,255,255,0)\u00bb closed_toggle_background_color=\u00bbRGBA(255,255,255,0)\u00bb icon_color=\u00bb#00447C\u00bb open_icon_color=\u00bb#00447C\u00bb _builder_version=\u00bb4.24.0&#8243; _module_preset=\u00bbdefault\u00bb title_text_color=\u00bb#00447C\u00bb body_font=\u00bbPoppins|300|||||||\u00bb body_text_color=\u00bb#000000&#8243; border_width_all=\u00bb0px\u00bb border_width_bottom=\u00bb3px\u00bb border_color_bottom=\u00bb#EE3124&#8243; global_colors_info=\u00bb{}\u00bb]<\/p>\n<p>Cuando un defensor CASA recibe el caso de un menor, tambi\u00e9n recibe una autoridad sin precedentes para investigar las condiciones a las que se enfrenta el menor. Pueden hablar con los padres, profesores, m\u00e9dicos y terapeutas del menor. Deben considerar qu\u00e9 es lo mejor para el menor, investigar los hechos del caso y comunicar con precisi\u00f3n las condiciones del menor al juez que preside. Trabajan incansablemente para que la experiencia del menor en el sistema judicial sea lo m\u00e1s segura, eficaz y r\u00e1pida posible.   <\/p>\n<p>Tambi\u00e9n visitan al menor, al menos una vez al mes, para ver c\u00f3mo le va en su colocaci\u00f3n y poder recomendar los servicios necesarios al tribunal o al ODHS.<\/p>\n<p>[\/et_pb_toggle][\/et_pb_column][\/et_pb_row][\/et_pb_section][et_pb_section fb_built=\u00bb1&#8243; custom_padding_last_edited=\u00bboff|desktop\u00bb admin_label=\u00bbCTA\u00bb _builder_version=\u00bb4.24.0&#8243; background_color=\u00bb#00447C\u00bb background_enable_image=\u00bboff\u00bb parallax=\u00bbon\u00bb custom_padding=\u00bb10vw||10vw||true|false\u00bb custom_padding_tablet=\u00bb80px||300px||false|false\u00bb custom_padding_phone=\u00bb50px||200px||false|false\u00bb saved_tabs=\u00bball\u00bb locked=\u00bboff\u00bb global_colors_info=\u00bb{}\u00bb][et_pb_row _builder_version=\u00bb4.16&#8243; global_colors_info=\u00bb{}\u00bb][et_pb_column type=\u00bb4_4&#8243; _builder_version=\u00bb4.16&#8243; global_colors_info=\u00bb{}\u00bb][et_pb_text _builder_version=\u00bb4.24.0&#8243; text_font=\u00bbPoppins|300|||||||\u00bb text_text_color=\u00bb#FFFFFF\u00bb text_font_size=\u00bb16px\u00bb header_2_font=\u00bbPoppins|700||on|||||\u00bb header_2_text_color=\u00bb#FFFFFF\u00bb header_2_font_size=\u00bb75px\u00bb header_2_letter_spacing=\u00bb3px\u00bb header_2_line_height=\u00bb1.2em\u00bb text_orientation=\u00bbcenter\u00bb header_2_font_size_tablet=\u00bb32px\u00bb header_2_font_size_phone=\u00bb18px\u00bb header_2_font_size_last_edited=\u00bbon|phone\u00bb locked=\u00bboff\u00bb global_colors_info=\u00bb{}\u00bb]<\/p>\n<h2>Mantente en contacto<\/h2>\n<p>\u00danete a nuestra lista de correo electr\u00f3nico. Mira c\u00f3mo CASA del Condado de Linn marca la diferencia en la vida de los ni\u00f1os. <\/p>\n<p>[\/et_pb_text][\/et_pb_column][\/et_pb_row][et_pb_row _builder_version=\u00bb4.24.0&#8243; _module_preset=\u00bbdefault\u00bb custom_margin_tablet=\u00bb\u00bb custom_margin_phone=\u00bb\u00bb custom_margin_last_edited=\u00bbon|desktop\u00bb custom_padding=\u00bb0px||0px||true|false\u00bb global_colors_info=\u00bb{}\u00bb][et_pb_column type=\u00bb4_4&#8243; _builder_version=\u00bb4.24.0&#8243; _module_preset=\u00bbdefault\u00bb global_colors_info=\u00bb{}\u00bb][et_pb_signup layout=\u00bbtop_bottom\u00bb first_name_field=\u00bboff\u00bb last_name_field=\u00bboff\u00bb email_fullwidth=\u00bboff\u00bb _builder_version=\u00bb4.24.0&#8243; _module_preset=\u00bbdefault\u00bb form_field_background_color=\u00bb#FFFFFF\u00bb form_field_text_color=\u00bb#00447C\u00bb form_field_focus_background_color=\u00bbRGBA(255,255,255,0)\u00bb form_field_focus_text_color=\u00bb#FFFFFF\u00bb background_color=\u00bbRGBA(255,255,255,0)\u00bb custom_button=\u00bbon\u00bb button_text_color=\u00bb#FFFFFF\u00bb button_bg_color=\u00bb#EE3124&#8243; button_border_radius=\u00bb100px\u00bb button_font=\u00bbPoppins|300||on|||||\u00bb button_use_icon=\u00bboff\u00bb custom_margin_tablet=\u00bb\u00bb custom_margin_phone=\u00bb\u00bb custom_margin_last_edited=\u00bbon|desktop\u00bb custom_padding=\u00bb0px||0px||true|false\u00bb border_radii_fields=\u00bbon|53px|53px|53px|53px\u00bb border_width_all_fields=\u00bb2px\u00bb border_color_all_fields=\u00bb#EE3124&#8243; global_colors_info=\u00bb{}\u00bb form_field_text_color__hover_enabled=\u00bbon|hover\u00bb form_field_text_color__hover=\u00bb#FFFFFF\u00bb button_bg_color__hover_enabled=\u00bbon|hover\u00bb button_bg_color__hover=\u00bbRGBA(255,255,255,0)\u00bb button_bg_enable_color__hover=\u00bbon\u00bb button_border_color__hover_enabled=\u00bbon|desktop\u00bb button_border_color__hover=\u00bb#EE3124&#8243;][\/et_pb_signup][\/et_pb_column][\/et_pb_row][\/et_pb_section]<\/p>\n","protected":false},"excerpt":{"rendered":"<p>Preguntas frecuentes sobre el voluntariado A continuaci\u00f3n se exponen las preguntas m\u00e1s frecuentes que se hacen las personas cuando se plantean la posibilidad de convertirse en CASA. Si no encuentras aqu\u00ed la respuesta a tu pregunta, no dudes en ponerte en contacto con nosotros. Se requieren 40 horas de formaci\u00f3n previa al servicio para convertirse [&hellip;]<\/p>\n","protected":false},"author":5,"featured_media":0,"parent":0,"menu_order":0,"comment_status":"closed","ping_status":"closed","template":"","meta":{"_et_pb_use_builder":"on","_et_pb_old_content":"","_et_gb_content_width":"","footnotes":""},"class_list":["post-3222","page","type-page","status-publish","hentry"],"yoast_head":"<!-- This site is optimized with the Yoast SEO plugin v27.2 - https:\/\/yoast.com\/product\/yoast-seo-wordpress\/ -->\n<title>Preguntas frecuentes sobre el voluntariado | Inf\u00f3rmate sobre c\u00f3mo ser voluntario en CASA<\/title>\n<meta name=\"description\" content=\"Encuentra respuestas a las preguntas m\u00e1s frecuentes sobre el voluntariado en nuestra organizaci\u00f3n. Inf\u00f3rmate sobre el proceso de solicitud de voluntarios, los requisitos de formaci\u00f3n, los compromisos de tiempo y el papel de los voluntarios en la defensa de los ni\u00f1os en el sistema de acogida.\" \/>\n<meta name=\"robots\" content=\"index, follow, max-snippet:-1, max-image-preview:large, max-video-preview:-1\" \/>\n<link rel=\"canonical\" href=\"https:\/\/www.linncasa.org\/es\/preguntas-frecuentes-sobre-el-voluntariado\/\" \/>\n<meta property=\"og:locale\" content=\"es_ES\" \/>\n<meta property=\"og:type\" content=\"article\" \/>\n<meta property=\"og:title\" content=\"Preguntas frecuentes sobre el voluntariado | Inf\u00f3rmate sobre c\u00f3mo ser voluntario en CASA\" \/>\n<meta property=\"og:description\" content=\"Encuentra respuestas a las preguntas m\u00e1s frecuentes sobre el voluntariado en nuestra organizaci\u00f3n. Inf\u00f3rmate sobre el proceso de solicitud de voluntarios, los requisitos de formaci\u00f3n, los compromisos de tiempo y el papel de los voluntarios en la defensa de los ni\u00f1os en el sistema de acogida.\" \/>\n<meta property=\"og:url\" content=\"https:\/\/www.linncasa.org\/es\/preguntas-frecuentes-sobre-el-voluntariado\/\" \/>\n<meta property=\"og:site_name\" content=\"Casa of Linn County, Oregon\" \/>\n<meta property=\"article:publisher\" content=\"https:\/\/www.facebook.com\/CasaOfLinnCounty\/\" \/>\n<meta property=\"article:modified_time\" content=\"2025-04-30T06:35:08+00:00\" \/>\n<meta name=\"twitter:card\" content=\"summary_large_image\" \/>\n<meta name=\"twitter:label1\" content=\"Tiempo de lectura\" \/>\n\t<meta name=\"twitter:data1\" content=\"8 minutos\" \/>\n<script type=\"application\/ld+json\" class=\"yoast-schema-graph\">{\"@context\":\"https:\/\/schema.org\",\"@graph\":[{\"@type\":\"WebPage\",\"@id\":\"https:\/\/www.linncasa.org\/es\/preguntas-frecuentes-sobre-el-voluntariado\/\",\"url\":\"https:\/\/www.linncasa.org\/es\/preguntas-frecuentes-sobre-el-voluntariado\/\",\"name\":\"Preguntas frecuentes sobre el voluntariado | Inf\u00f3rmate sobre c\u00f3mo ser voluntario en CASA\",\"isPartOf\":{\"@id\":\"https:\/\/www.linncasa.org\/es\/#website\"},\"datePublished\":\"2020-01-28T02:00:42+00:00\",\"dateModified\":\"2025-04-30T06:35:08+00:00\",\"description\":\"Encuentra respuestas a las preguntas m\u00e1s frecuentes sobre el voluntariado en nuestra organizaci\u00f3n. Inf\u00f3rmate sobre el proceso de solicitud de voluntarios, los requisitos de formaci\u00f3n, los compromisos de tiempo y el papel de los voluntarios en la defensa de los ni\u00f1os en el sistema de acogida.\",\"breadcrumb\":{\"@id\":\"https:\/\/www.linncasa.org\/es\/preguntas-frecuentes-sobre-el-voluntariado\/#breadcrumb\"},\"inLanguage\":\"es\",\"potentialAction\":[{\"@type\":\"ReadAction\",\"target\":[\"https:\/\/www.linncasa.org\/es\/preguntas-frecuentes-sobre-el-voluntariado\/\"]}]},{\"@type\":\"BreadcrumbList\",\"@id\":\"https:\/\/www.linncasa.org\/es\/preguntas-frecuentes-sobre-el-voluntariado\/#breadcrumb\",\"itemListElement\":[{\"@type\":\"ListItem\",\"position\":1,\"name\":\"Home\",\"item\":\"https:\/\/www.linncasa.org\/es\/\"},{\"@type\":\"ListItem\",\"position\":2,\"name\":\"Preguntas frecuentes sobre el voluntariado\"}]},{\"@type\":\"WebSite\",\"@id\":\"https:\/\/www.linncasa.org\/es\/#website\",\"url\":\"https:\/\/www.linncasa.org\/es\/\",\"name\":\"CASA of Linn County\",\"description\":\"Change a Child&#039;s Story\u2122\",\"publisher\":{\"@id\":\"https:\/\/www.linncasa.org\/es\/#organization\"},\"potentialAction\":[{\"@type\":\"SearchAction\",\"target\":{\"@type\":\"EntryPoint\",\"urlTemplate\":\"https:\/\/www.linncasa.org\/es\/?s={search_term_string}\"},\"query-input\":{\"@type\":\"PropertyValueSpecification\",\"valueRequired\":true,\"valueName\":\"search_term_string\"}}],\"inLanguage\":\"es\"},{\"@type\":\"Organization\",\"@id\":\"https:\/\/www.linncasa.org\/es\/#organization\",\"name\":\"CASA of Linn County\",\"url\":\"https:\/\/www.linncasa.org\/es\/\",\"logo\":{\"@type\":\"ImageObject\",\"inLanguage\":\"es\",\"@id\":\"https:\/\/www.linncasa.org\/es\/#\/schema\/logo\/image\/\",\"url\":\"https:\/\/www.linncasa.org\/wp-content\/uploads\/2024\/03\/LINNCOUNTY_v_RedBlue.png\",\"contentUrl\":\"https:\/\/www.linncasa.org\/wp-content\/uploads\/2024\/03\/LINNCOUNTY_v_RedBlue.png\",\"width\":623,\"height\":630,\"caption\":\"CASA of Linn County\"},\"image\":{\"@id\":\"https:\/\/www.linncasa.org\/es\/#\/schema\/logo\/image\/\"},\"sameAs\":[\"https:\/\/www.facebook.com\/CasaOfLinnCounty\/\"]}]}<\/script>\n<!-- \/ Yoast SEO plugin. -->","yoast_head_json":{"title":"Preguntas frecuentes sobre el voluntariado | Inf\u00f3rmate sobre c\u00f3mo ser voluntario en CASA","description":"Encuentra respuestas a las preguntas m\u00e1s frecuentes sobre el voluntariado en nuestra organizaci\u00f3n. Inf\u00f3rmate sobre el proceso de solicitud de voluntarios, los requisitos de formaci\u00f3n, los compromisos de tiempo y el papel de los voluntarios en la defensa de los ni\u00f1os en el sistema de acogida.","robots":{"index":"index","follow":"follow","max-snippet":"max-snippet:-1","max-image-preview":"max-image-preview:large","max-video-preview":"max-video-preview:-1"},"canonical":"https:\/\/www.linncasa.org\/es\/preguntas-frecuentes-sobre-el-voluntariado\/","og_locale":"es_ES","og_type":"article","og_title":"Preguntas frecuentes sobre el voluntariado | Inf\u00f3rmate sobre c\u00f3mo ser voluntario en CASA","og_description":"Encuentra respuestas a las preguntas m\u00e1s frecuentes sobre el voluntariado en nuestra organizaci\u00f3n. Inf\u00f3rmate sobre el proceso de solicitud de voluntarios, los requisitos de formaci\u00f3n, los compromisos de tiempo y el papel de los voluntarios en la defensa de los ni\u00f1os en el sistema de acogida.","og_url":"https:\/\/www.linncasa.org\/es\/preguntas-frecuentes-sobre-el-voluntariado\/","og_site_name":"Casa of Linn County, Oregon","article_publisher":"https:\/\/www.facebook.com\/CasaOfLinnCounty\/","article_modified_time":"2025-04-30T06:35:08+00:00","twitter_card":"summary_large_image","twitter_misc":{"Tiempo de lectura":"8 minutos"},"schema":{"@context":"https:\/\/schema.org","@graph":[{"@type":"WebPage","@id":"https:\/\/www.linncasa.org\/es\/preguntas-frecuentes-sobre-el-voluntariado\/","url":"https:\/\/www.linncasa.org\/es\/preguntas-frecuentes-sobre-el-voluntariado\/","name":"Preguntas frecuentes sobre el voluntariado | Inf\u00f3rmate sobre c\u00f3mo ser voluntario en CASA","isPartOf":{"@id":"https:\/\/www.linncasa.org\/es\/#website"},"datePublished":"2020-01-28T02:00:42+00:00","dateModified":"2025-04-30T06:35:08+00:00","description":"Encuentra respuestas a las preguntas m\u00e1s frecuentes sobre el voluntariado en nuestra organizaci\u00f3n. Inf\u00f3rmate sobre el proceso de solicitud de voluntarios, los requisitos de formaci\u00f3n, los compromisos de tiempo y el papel de los voluntarios en la defensa de los ni\u00f1os en el sistema de acogida.","breadcrumb":{"@id":"https:\/\/www.linncasa.org\/es\/preguntas-frecuentes-sobre-el-voluntariado\/#breadcrumb"},"inLanguage":"es","potentialAction":[{"@type":"ReadAction","target":["https:\/\/www.linncasa.org\/es\/preguntas-frecuentes-sobre-el-voluntariado\/"]}]},{"@type":"BreadcrumbList","@id":"https:\/\/www.linncasa.org\/es\/preguntas-frecuentes-sobre-el-voluntariado\/#breadcrumb","itemListElement":[{"@type":"ListItem","position":1,"name":"Home","item":"https:\/\/www.linncasa.org\/es\/"},{"@type":"ListItem","position":2,"name":"Preguntas frecuentes sobre el voluntariado"}]},{"@type":"WebSite","@id":"https:\/\/www.linncasa.org\/es\/#website","url":"https:\/\/www.linncasa.org\/es\/","name":"CASA of Linn County","description":"Change a Child&#039;s Story\u2122","publisher":{"@id":"https:\/\/www.linncasa.org\/es\/#organization"},"potentialAction":[{"@type":"SearchAction","target":{"@type":"EntryPoint","urlTemplate":"https:\/\/www.linncasa.org\/es\/?s={search_term_string}"},"query-input":{"@type":"PropertyValueSpecification","valueRequired":true,"valueName":"search_term_string"}}],"inLanguage":"es"},{"@type":"Organization","@id":"https:\/\/www.linncasa.org\/es\/#organization","name":"CASA of Linn County","url":"https:\/\/www.linncasa.org\/es\/","logo":{"@type":"ImageObject","inLanguage":"es","@id":"https:\/\/www.linncasa.org\/es\/#\/schema\/logo\/image\/","url":"https:\/\/www.linncasa.org\/wp-content\/uploads\/2024\/03\/LINNCOUNTY_v_RedBlue.png","contentUrl":"https:\/\/www.linncasa.org\/wp-content\/uploads\/2024\/03\/LINNCOUNTY_v_RedBlue.png","width":623,"height":630,"caption":"CASA of Linn County"},"image":{"@id":"https:\/\/www.linncasa.org\/es\/#\/schema\/logo\/image\/"},"sameAs":["https:\/\/www.facebook.com\/CasaOfLinnCounty\/"]}]}},"_links":{"self":[{"href":"https:\/\/www.linncasa.org\/es\/wp-json\/wp\/v2\/pages\/3222","targetHints":{"allow":["GET"]}}],"collection":[{"href":"https:\/\/www.linncasa.org\/es\/wp-json\/wp\/v2\/pages"}],"about":[{"href":"https:\/\/www.linncasa.org\/es\/wp-json\/wp\/v2\/types\/page"}],"author":[{"embeddable":true,"href":"https:\/\/www.linncasa.org\/es\/wp-json\/wp\/v2\/users\/5"}],"replies":[{"embeddable":true,"href":"https:\/\/www.linncasa.org\/es\/wp-json\/wp\/v2\/comments?post=3222"}],"version-history":[{"count":2,"href":"https:\/\/www.linncasa.org\/es\/wp-json\/wp\/v2\/pages\/3222\/revisions"}],"predecessor-version":[{"id":3229,"href":"https:\/\/www.linncasa.org\/es\/wp-json\/wp\/v2\/pages\/3222\/revisions\/3229"}],"wp:attachment":[{"href":"https:\/\/www.linncasa.org\/es\/wp-json\/wp\/v2\/media?parent=3222"}],"curies":[{"name":"wp","href":"https:\/\/api.w.org\/{rel}","templated":true}]}}