{"id":3226,"date":"2020-02-25T19:06:16","date_gmt":"2020-02-26T03:06:16","guid":{"rendered":"https:\/\/www.linncasa.org\/recursos-jovenes-mayores\/"},"modified":"2025-04-29T23:35:07","modified_gmt":"2025-04-30T06:35:07","slug":"recursos-jovenes-mayores","status":"publish","type":"page","link":"https:\/\/www.linncasa.org\/es\/recursos-jovenes-mayores\/","title":{"rendered":"Recursos: J\u00f3venes mayores"},"content":{"rendered":"\n<p style=\"font-size:25px\" class=\"has-text-color has-vivid-red-color\"><strong>Art\u00edculos\/Gu\u00edas<\/strong><\/p>\n\n<p>Gu\u00eda: <a href=\"https:\/\/www.fosterclub.com\/sites\/default\/files\/Permanency%20Pact_0.pdf\">Pacto de Permanencia de FosterClub<\/a> (8 p\u00e1ginas)<\/p>\n\n<p>Gu\u00eda: <a href=\"https:\/\/www.oregon.gov\/DHS\/CHILDREN\/FOSTERCARE\/ILP\/Documents\/ILP-Service-Requirements.pdf\">Lista de servicios y requisitos de elegibilidad del ILP de Oreg\u00f3n<\/a> (2 p\u00e1ginas)<\/p>\n\n<p>Gu\u00eda: <a href=\"https:\/\/www.oregon.gov\/DHS\/CHILDREN\/FOSTERCARE\/ILP\/Documents\/Benefits-Permanent-Family.pdf\">Ventajas de una familia permanente<\/a> (2 p\u00e1ginas)<\/p>\n\n<p>Gu\u00eda: <a href=\"https:\/\/www.fosterclub.com\/blog\/editorial\/21-things-its-t-time\">21 cosas que debes hacer antes de dejar el acogimiento familiar<\/a><\/p>\n\n<p>Gu\u00eda: <a href=\"http:\/\/www.dhs.state.or.us\/caf\/safety_model\/procedure_manual\/appendices\/ch4-app\/4-20.pdf\">Opciones de Vivienda<\/a> (17 p\u00e1ginas)<\/p>\n\n<p>Art\u00edculo: <a href=\"https:\/\/msw.usc.edu\/mswusc-blog\/foster-care-college-students-school-holidays\/\">C\u00f3mo Apoyar a los Estudiantes Universitarios que Vivieron en Hogares de Acogida Durante las Vacaciones Escolares<\/a><\/p>\n\n<p style=\"font-size:25px\" class=\"has-text-color has-vivid-red-color\"><strong>V\u00eddeos\/Webinarios<\/strong><\/p>\n\n<p>V\u00eddeo: <a href=\"https:\/\/www.youtube.com\/watch?time_continue=3&amp;v=nb_xGcttdIk&amp;feature=emb_logo\">\u00bfQu\u00e9 significa permanencia?<\/a> (6 minutos)<\/p>\n","protected":false},"excerpt":{"rendered":"<p>Art\u00edculos\/Gu\u00edas Gu\u00eda: Pacto de Permanencia de FosterClub (8 p\u00e1ginas) Gu\u00eda: Lista de servicios y requisitos de elegibilidad del ILP de Oreg\u00f3n (2 p\u00e1ginas) Gu\u00eda: Ventajas de una familia permanente (2 p\u00e1ginas) Gu\u00eda: 21 cosas que debes hacer antes de dejar el acogimiento familiar Gu\u00eda: Opciones de Vivienda (17 p\u00e1ginas) Art\u00edculo: C\u00f3mo Apoyar a los Estudiantes [&hellip;]<\/p>\n","protected":false},"author":5,"featured_media":0,"parent":0,"menu_order":0,"comment_status":"closed","ping_status":"closed","template":"","meta":{"_et_pb_use_builder":"","_et_pb_old_content":"","_et_gb_content_width":"","footnotes":""},"class_list":["post-3226","page","type-page","status-publish","hentry"],"yoast_head":"<!-- This site is optimized with the Yoast SEO plugin v27.2 - https:\/\/yoast.com\/product\/yoast-seo-wordpress\/ -->\n<title>Recursos para j\u00f3venes mayores de CASA del Condado de Linn<\/title>\n<meta name=\"description\" content=\"Descubre recursos y servicios de apoyo adaptados a las necesidades espec\u00edficas de los j\u00f3venes de m\u00e1s edad que abandonan el sistema de acogida o se enfrentan al sistema de bienestar infantil.\" \/>\n<meta name=\"robots\" content=\"index, follow, max-snippet:-1, max-image-preview:large, max-video-preview:-1\" \/>\n<link rel=\"canonical\" href=\"https:\/\/www.linncasa.org\/es\/recursos-jovenes-mayores\/\" \/>\n<meta property=\"og:locale\" content=\"es_ES\" \/>\n<meta property=\"og:type\" content=\"article\" \/>\n<meta property=\"og:title\" content=\"Recursos para j\u00f3venes mayores de CASA del Condado de Linn\" \/>\n<meta property=\"og:description\" content=\"Descubre recursos y servicios de apoyo adaptados a las necesidades espec\u00edficas de los j\u00f3venes de m\u00e1s edad que abandonan el sistema de acogida o se enfrentan al sistema de bienestar infantil.\" \/>\n<meta property=\"og:url\" content=\"https:\/\/www.linncasa.org\/es\/recursos-jovenes-mayores\/\" \/>\n<meta property=\"og:site_name\" content=\"Casa of Linn County, Oregon\" \/>\n<meta property=\"article:publisher\" content=\"https:\/\/www.facebook.com\/CasaOfLinnCounty\/\" \/>\n<meta property=\"article:modified_time\" content=\"2025-04-30T06:35:07+00:00\" \/>\n<meta name=\"twitter:card\" content=\"summary_large_image\" \/>\n<script type=\"application\/ld+json\" class=\"yoast-schema-graph\">{\"@context\":\"https:\/\/schema.org\",\"@graph\":[{\"@type\":\"WebPage\",\"@id\":\"https:\/\/www.linncasa.org\/es\/recursos-jovenes-mayores\/\",\"url\":\"https:\/\/www.linncasa.org\/es\/recursos-jovenes-mayores\/\",\"name\":\"Recursos para j\u00f3venes mayores de CASA del Condado de Linn\",\"isPartOf\":{\"@id\":\"https:\/\/www.linncasa.org\/es\/#website\"},\"datePublished\":\"2020-02-26T03:06:16+00:00\",\"dateModified\":\"2025-04-30T06:35:07+00:00\",\"description\":\"Descubre recursos y servicios de apoyo adaptados a las necesidades espec\u00edficas de los j\u00f3venes de m\u00e1s edad que abandonan el sistema de acogida o se enfrentan al sistema de bienestar infantil.\",\"breadcrumb\":{\"@id\":\"https:\/\/www.linncasa.org\/es\/recursos-jovenes-mayores\/#breadcrumb\"},\"inLanguage\":\"es\",\"potentialAction\":[{\"@type\":\"ReadAction\",\"target\":[\"https:\/\/www.linncasa.org\/es\/recursos-jovenes-mayores\/\"]}]},{\"@type\":\"BreadcrumbList\",\"@id\":\"https:\/\/www.linncasa.org\/es\/recursos-jovenes-mayores\/#breadcrumb\",\"itemListElement\":[{\"@type\":\"ListItem\",\"position\":1,\"name\":\"Home\",\"item\":\"https:\/\/www.linncasa.org\/es\/\"},{\"@type\":\"ListItem\",\"position\":2,\"name\":\"Recursos: J\u00f3venes mayores\"}]},{\"@type\":\"WebSite\",\"@id\":\"https:\/\/www.linncasa.org\/es\/#website\",\"url\":\"https:\/\/www.linncasa.org\/es\/\",\"name\":\"CASA of Linn County\",\"description\":\"Change a Child&#039;s Story\u2122\",\"publisher\":{\"@id\":\"https:\/\/www.linncasa.org\/es\/#organization\"},\"potentialAction\":[{\"@type\":\"SearchAction\",\"target\":{\"@type\":\"EntryPoint\",\"urlTemplate\":\"https:\/\/www.linncasa.org\/es\/?s={search_term_string}\"},\"query-input\":{\"@type\":\"PropertyValueSpecification\",\"valueRequired\":true,\"valueName\":\"search_term_string\"}}],\"inLanguage\":\"es\"},{\"@type\":\"Organization\",\"@id\":\"https:\/\/www.linncasa.org\/es\/#organization\",\"name\":\"CASA of Linn County\",\"url\":\"https:\/\/www.linncasa.org\/es\/\",\"logo\":{\"@type\":\"ImageObject\",\"inLanguage\":\"es\",\"@id\":\"https:\/\/www.linncasa.org\/es\/#\/schema\/logo\/image\/\",\"url\":\"https:\/\/www.linncasa.org\/wp-content\/uploads\/2024\/03\/LINNCOUNTY_v_RedBlue.png\",\"contentUrl\":\"https:\/\/www.linncasa.org\/wp-content\/uploads\/2024\/03\/LINNCOUNTY_v_RedBlue.png\",\"width\":623,\"height\":630,\"caption\":\"CASA of Linn County\"},\"image\":{\"@id\":\"https:\/\/www.linncasa.org\/es\/#\/schema\/logo\/image\/\"},\"sameAs\":[\"https:\/\/www.facebook.com\/CasaOfLinnCounty\/\"]}]}<\/script>\n<!-- \/ Yoast SEO plugin. -->","yoast_head_json":{"title":"Recursos para j\u00f3venes mayores de CASA del Condado de Linn","description":"Descubre recursos y servicios de apoyo adaptados a las necesidades espec\u00edficas de los j\u00f3venes de m\u00e1s edad que abandonan el sistema de acogida o se enfrentan al sistema de bienestar infantil.","robots":{"index":"index","follow":"follow","max-snippet":"max-snippet:-1","max-image-preview":"max-image-preview:large","max-video-preview":"max-video-preview:-1"},"canonical":"https:\/\/www.linncasa.org\/es\/recursos-jovenes-mayores\/","og_locale":"es_ES","og_type":"article","og_title":"Recursos para j\u00f3venes mayores de CASA del Condado de Linn","og_description":"Descubre recursos y servicios de apoyo adaptados a las necesidades espec\u00edficas de los j\u00f3venes de m\u00e1s edad que abandonan el sistema de acogida o se enfrentan al sistema de bienestar infantil.","og_url":"https:\/\/www.linncasa.org\/es\/recursos-jovenes-mayores\/","og_site_name":"Casa of Linn County, Oregon","article_publisher":"https:\/\/www.facebook.com\/CasaOfLinnCounty\/","article_modified_time":"2025-04-30T06:35:07+00:00","twitter_card":"summary_large_image","schema":{"@context":"https:\/\/schema.org","@graph":[{"@type":"WebPage","@id":"https:\/\/www.linncasa.org\/es\/recursos-jovenes-mayores\/","url":"https:\/\/www.linncasa.org\/es\/recursos-jovenes-mayores\/","name":"Recursos para j\u00f3venes mayores de CASA del Condado de Linn","isPartOf":{"@id":"https:\/\/www.linncasa.org\/es\/#website"},"datePublished":"2020-02-26T03:06:16+00:00","dateModified":"2025-04-30T06:35:07+00:00","description":"Descubre recursos y servicios de apoyo adaptados a las necesidades espec\u00edficas de los j\u00f3venes de m\u00e1s edad que abandonan el sistema de acogida o se enfrentan al sistema de bienestar infantil.","breadcrumb":{"@id":"https:\/\/www.linncasa.org\/es\/recursos-jovenes-mayores\/#breadcrumb"},"inLanguage":"es","potentialAction":[{"@type":"ReadAction","target":["https:\/\/www.linncasa.org\/es\/recursos-jovenes-mayores\/"]}]},{"@type":"BreadcrumbList","@id":"https:\/\/www.linncasa.org\/es\/recursos-jovenes-mayores\/#breadcrumb","itemListElement":[{"@type":"ListItem","position":1,"name":"Home","item":"https:\/\/www.linncasa.org\/es\/"},{"@type":"ListItem","position":2,"name":"Recursos: J\u00f3venes mayores"}]},{"@type":"WebSite","@id":"https:\/\/www.linncasa.org\/es\/#website","url":"https:\/\/www.linncasa.org\/es\/","name":"CASA of Linn County","description":"Change a Child&#039;s Story\u2122","publisher":{"@id":"https:\/\/www.linncasa.org\/es\/#organization"},"potentialAction":[{"@type":"SearchAction","target":{"@type":"EntryPoint","urlTemplate":"https:\/\/www.linncasa.org\/es\/?s={search_term_string}"},"query-input":{"@type":"PropertyValueSpecification","valueRequired":true,"valueName":"search_term_string"}}],"inLanguage":"es"},{"@type":"Organization","@id":"https:\/\/www.linncasa.org\/es\/#organization","name":"CASA of Linn County","url":"https:\/\/www.linncasa.org\/es\/","logo":{"@type":"ImageObject","inLanguage":"es","@id":"https:\/\/www.linncasa.org\/es\/#\/schema\/logo\/image\/","url":"https:\/\/www.linncasa.org\/wp-content\/uploads\/2024\/03\/LINNCOUNTY_v_RedBlue.png","contentUrl":"https:\/\/www.linncasa.org\/wp-content\/uploads\/2024\/03\/LINNCOUNTY_v_RedBlue.png","width":623,"height":630,"caption":"CASA of Linn County"},"image":{"@id":"https:\/\/www.linncasa.org\/es\/#\/schema\/logo\/image\/"},"sameAs":["https:\/\/www.facebook.com\/CasaOfLinnCounty\/"]}]}},"_links":{"self":[{"href":"https:\/\/www.linncasa.org\/es\/wp-json\/wp\/v2\/pages\/3226","targetHints":{"allow":["GET"]}}],"collection":[{"href":"https:\/\/www.linncasa.org\/es\/wp-json\/wp\/v2\/pages"}],"about":[{"href":"https:\/\/www.linncasa.org\/es\/wp-json\/wp\/v2\/types\/page"}],"author":[{"embeddable":true,"href":"https:\/\/www.linncasa.org\/es\/wp-json\/wp\/v2\/users\/5"}],"replies":[{"embeddable":true,"href":"https:\/\/www.linncasa.org\/es\/wp-json\/wp\/v2\/comments?post=3226"}],"version-history":[{"count":1,"href":"https:\/\/www.linncasa.org\/es\/wp-json\/wp\/v2\/pages\/3226\/revisions"}],"predecessor-version":[{"id":3235,"href":"https:\/\/www.linncasa.org\/es\/wp-json\/wp\/v2\/pages\/3226\/revisions\/3235"}],"wp:attachment":[{"href":"https:\/\/www.linncasa.org\/es\/wp-json\/wp\/v2\/media?parent=3226"}],"curies":[{"name":"wp","href":"https:\/\/api.w.org\/{rel}","templated":true}]}}