{"id":3237,"date":"2020-02-25T00:05:20","date_gmt":"2020-02-25T08:05:20","guid":{"rendered":"https:\/\/www.linncasa.org\/recursos-trauma-y-curacion\/"},"modified":"2025-04-29T23:35:09","modified_gmt":"2025-04-30T06:35:09","slug":"recursos-trauma-y-curacion","status":"publish","type":"page","link":"https:\/\/www.linncasa.org\/es\/recursos-trauma-y-curacion\/","title":{"rendered":"Recursos: Trauma y curaci\u00f3n"},"content":{"rendered":"\n<p style=\"font-size:25px\" class=\"has-text-color has-vivid-red-color\"><strong>Art\u00edculos\/Gu\u00edas<\/strong><\/p>\n\n<p>Art\u00edculo: <a href=\"https:\/\/www.aap.org\/en-us\/Documents\/ttb_aces_consequences.pdf\">Experiencias infantiles adversas y consecuencias del trauma a lo largo de la vida<\/a> (2014, Academia Americana de Pediatr\u00eda)  <\/p>\n\n<p>Gu\u00eda: <a href=\"https:\/\/advocacyinaction.casaforchildren.org\/cms\/wp-content\/uploads\/2018\/11\/Promoting-Resilience.pdf\">Promover la resiliencia<\/a> (8 p\u00e1ginas)<\/p>\n\n<p>Curso e-Learning: <a href=\"https:\/\/learn.texascasa.org\/resource\/12-core-concepts-for-understanding-traumatic-stress-in-children-and-families\">12 Conceptos B\u00e1sicos para Comprender el Estr\u00e9s Traum\u00e1tico en Ni\u00f1os y Familias<\/a><\/p>\n\n<p>Gu\u00eda: <a href=\"https:\/\/advocacyinaction.casaforchildren.org\/cms\/wp-content\/uploads\/2018\/11\/Trauma-Informed-Practice.pdf\">Pr\u00e1ctica Informada por el Trauma: Apoyar a ni\u00f1os, j\u00f3venes y familias afectados por el maltrato y el abandono<\/a> (8 p\u00e1ginas)<\/p>\n\n<p>Art\u00edculo: <a href=\"https:\/\/www.ajpmonline.org\/article\/S0749-3797(98)00017-8\/pdf\">Relaci\u00f3n del Maltrato Infantil y la Disfunci\u00f3n Dom\u00e9stica con Muchas de las Principales Causas de Muerte en Adultos: The Adverse Childhood Experiences (ACE) Study<\/a> (1998, American Journal of Preventative Medicine)  <\/p>\n\n<p>Gu\u00eda: <a href=\"http:\/\/traumainformedoregon.org\/wp-content\/uploads\/2016\/01\/What-is-Trauma-Informed-Care.pdf\">\u00bfQu\u00e9 es la atenci\u00f3n informada por el trauma?<\/a> (2 p\u00e1ginas)<\/p>\n\n<p style=\"font-size:25px\" class=\"has-text-color has-vivid-red-color\"><strong>V\u00eddeos\/Webinarios<\/strong><\/p>\n\n<p>Charla TED: <a href=\"https:\/\/www.ted.com\/talks\/nadine_burke_harris_how_childhood_trauma_affects_health_across_a_lifetime?language=en\">C\u00f3mo afectan los traumas infantiles a la salud a lo largo de la vida<\/a> (16 minutos)  <\/p>\n\n<p>Webinar: Trauma: <a href=\"https:\/\/register.gotowebinar.com\/recording\/6762971052824316163\">Lo que debes saber<\/a> (90 minutos)<\/p>\n\n<p>V\u00eddeo: <a href=\"https:\/\/www.youtube.com\/watch?v=gm9CIJ74Oxw\">El Dr. Daniel Siegel presenta un modelo manual del cerebro<\/a> (3 minutos)<\/p>\n","protected":false},"excerpt":{"rendered":"<p>Art\u00edculos\/Gu\u00edas Art\u00edculo: Experiencias infantiles adversas y consecuencias del trauma a lo largo de la vida (2014, Academia Americana de Pediatr\u00eda) Gu\u00eda: Promover la resiliencia (8 p\u00e1ginas) Curso e-Learning: 12 Conceptos B\u00e1sicos para Comprender el Estr\u00e9s Traum\u00e1tico en Ni\u00f1os y Familias Gu\u00eda: Pr\u00e1ctica Informada por el Trauma: Apoyar a ni\u00f1os, j\u00f3venes y familias afectados por el [&hellip;]<\/p>\n","protected":false},"author":5,"featured_media":0,"parent":0,"menu_order":0,"comment_status":"closed","ping_status":"closed","template":"","meta":{"_et_pb_use_builder":"","_et_pb_old_content":"","_et_gb_content_width":"","footnotes":""},"class_list":["post-3237","page","type-page","status-publish","hentry"],"yoast_head":"<!-- This site is optimized with the Yoast SEO plugin v27.2 - https:\/\/yoast.com\/product\/yoast-seo-wordpress\/ -->\n<title>Recursos sobre trauma y curaci\u00f3n para nuestros CASA<\/title>\n<meta name=\"description\" content=\"Estos recursos abarcan diversos temas, como las pr\u00e1cticas de atenci\u00f3n informadas por el trauma, las intervenciones terap\u00e9uticas y los recursos para supervivientes de traumas.\" \/>\n<meta name=\"robots\" content=\"index, follow, max-snippet:-1, max-image-preview:large, max-video-preview:-1\" \/>\n<link rel=\"canonical\" href=\"https:\/\/www.linncasa.org\/es\/recursos-trauma-y-curacion\/\" \/>\n<meta property=\"og:locale\" content=\"es_ES\" \/>\n<meta property=\"og:type\" content=\"article\" \/>\n<meta property=\"og:title\" content=\"Recursos sobre trauma y curaci\u00f3n para nuestros CASA\" \/>\n<meta property=\"og:description\" content=\"Estos recursos abarcan diversos temas, como las pr\u00e1cticas de atenci\u00f3n informadas por el trauma, las intervenciones terap\u00e9uticas y los recursos para supervivientes de traumas.\" \/>\n<meta property=\"og:url\" content=\"https:\/\/www.linncasa.org\/es\/recursos-trauma-y-curacion\/\" \/>\n<meta property=\"og:site_name\" content=\"Casa of Linn County, Oregon\" \/>\n<meta property=\"article:publisher\" content=\"https:\/\/www.facebook.com\/CasaOfLinnCounty\/\" \/>\n<meta property=\"article:modified_time\" content=\"2025-04-30T06:35:09+00:00\" \/>\n<meta name=\"twitter:card\" content=\"summary_large_image\" \/>\n<meta name=\"twitter:label1\" content=\"Tiempo de lectura\" \/>\n\t<meta name=\"twitter:data1\" content=\"1 minuto\" \/>\n<script type=\"application\/ld+json\" class=\"yoast-schema-graph\">{\"@context\":\"https:\/\/schema.org\",\"@graph\":[{\"@type\":\"WebPage\",\"@id\":\"https:\/\/www.linncasa.org\/es\/recursos-trauma-y-curacion\/\",\"url\":\"https:\/\/www.linncasa.org\/es\/recursos-trauma-y-curacion\/\",\"name\":\"Recursos sobre trauma y curaci\u00f3n para nuestros CASA\",\"isPartOf\":{\"@id\":\"https:\/\/www.linncasa.org\/es\/#website\"},\"datePublished\":\"2020-02-25T08:05:20+00:00\",\"dateModified\":\"2025-04-30T06:35:09+00:00\",\"description\":\"Estos recursos abarcan diversos temas, como las pr\u00e1cticas de atenci\u00f3n informadas por el trauma, las intervenciones terap\u00e9uticas y los recursos para supervivientes de traumas.\",\"breadcrumb\":{\"@id\":\"https:\/\/www.linncasa.org\/es\/recursos-trauma-y-curacion\/#breadcrumb\"},\"inLanguage\":\"es\",\"potentialAction\":[{\"@type\":\"ReadAction\",\"target\":[\"https:\/\/www.linncasa.org\/es\/recursos-trauma-y-curacion\/\"]}]},{\"@type\":\"BreadcrumbList\",\"@id\":\"https:\/\/www.linncasa.org\/es\/recursos-trauma-y-curacion\/#breadcrumb\",\"itemListElement\":[{\"@type\":\"ListItem\",\"position\":1,\"name\":\"Home\",\"item\":\"https:\/\/www.linncasa.org\/es\/\"},{\"@type\":\"ListItem\",\"position\":2,\"name\":\"Recursos: Trauma y curaci\u00f3n\"}]},{\"@type\":\"WebSite\",\"@id\":\"https:\/\/www.linncasa.org\/es\/#website\",\"url\":\"https:\/\/www.linncasa.org\/es\/\",\"name\":\"CASA of Linn County\",\"description\":\"Change a Child&#039;s Story\u2122\",\"publisher\":{\"@id\":\"https:\/\/www.linncasa.org\/es\/#organization\"},\"potentialAction\":[{\"@type\":\"SearchAction\",\"target\":{\"@type\":\"EntryPoint\",\"urlTemplate\":\"https:\/\/www.linncasa.org\/es\/?s={search_term_string}\"},\"query-input\":{\"@type\":\"PropertyValueSpecification\",\"valueRequired\":true,\"valueName\":\"search_term_string\"}}],\"inLanguage\":\"es\"},{\"@type\":\"Organization\",\"@id\":\"https:\/\/www.linncasa.org\/es\/#organization\",\"name\":\"CASA of Linn County\",\"url\":\"https:\/\/www.linncasa.org\/es\/\",\"logo\":{\"@type\":\"ImageObject\",\"inLanguage\":\"es\",\"@id\":\"https:\/\/www.linncasa.org\/es\/#\/schema\/logo\/image\/\",\"url\":\"https:\/\/www.linncasa.org\/wp-content\/uploads\/2024\/03\/LINNCOUNTY_v_RedBlue.png\",\"contentUrl\":\"https:\/\/www.linncasa.org\/wp-content\/uploads\/2024\/03\/LINNCOUNTY_v_RedBlue.png\",\"width\":623,\"height\":630,\"caption\":\"CASA of Linn County\"},\"image\":{\"@id\":\"https:\/\/www.linncasa.org\/es\/#\/schema\/logo\/image\/\"},\"sameAs\":[\"https:\/\/www.facebook.com\/CasaOfLinnCounty\/\"]}]}<\/script>\n<!-- \/ Yoast SEO plugin. -->","yoast_head_json":{"title":"Recursos sobre trauma y curaci\u00f3n para nuestros CASA","description":"Estos recursos abarcan diversos temas, como las pr\u00e1cticas de atenci\u00f3n informadas por el trauma, las intervenciones terap\u00e9uticas y los recursos para supervivientes de traumas.","robots":{"index":"index","follow":"follow","max-snippet":"max-snippet:-1","max-image-preview":"max-image-preview:large","max-video-preview":"max-video-preview:-1"},"canonical":"https:\/\/www.linncasa.org\/es\/recursos-trauma-y-curacion\/","og_locale":"es_ES","og_type":"article","og_title":"Recursos sobre trauma y curaci\u00f3n para nuestros CASA","og_description":"Estos recursos abarcan diversos temas, como las pr\u00e1cticas de atenci\u00f3n informadas por el trauma, las intervenciones terap\u00e9uticas y los recursos para supervivientes de traumas.","og_url":"https:\/\/www.linncasa.org\/es\/recursos-trauma-y-curacion\/","og_site_name":"Casa of Linn County, Oregon","article_publisher":"https:\/\/www.facebook.com\/CasaOfLinnCounty\/","article_modified_time":"2025-04-30T06:35:09+00:00","twitter_card":"summary_large_image","twitter_misc":{"Tiempo de lectura":"1 minuto"},"schema":{"@context":"https:\/\/schema.org","@graph":[{"@type":"WebPage","@id":"https:\/\/www.linncasa.org\/es\/recursos-trauma-y-curacion\/","url":"https:\/\/www.linncasa.org\/es\/recursos-trauma-y-curacion\/","name":"Recursos sobre trauma y curaci\u00f3n para nuestros CASA","isPartOf":{"@id":"https:\/\/www.linncasa.org\/es\/#website"},"datePublished":"2020-02-25T08:05:20+00:00","dateModified":"2025-04-30T06:35:09+00:00","description":"Estos recursos abarcan diversos temas, como las pr\u00e1cticas de atenci\u00f3n informadas por el trauma, las intervenciones terap\u00e9uticas y los recursos para supervivientes de traumas.","breadcrumb":{"@id":"https:\/\/www.linncasa.org\/es\/recursos-trauma-y-curacion\/#breadcrumb"},"inLanguage":"es","potentialAction":[{"@type":"ReadAction","target":["https:\/\/www.linncasa.org\/es\/recursos-trauma-y-curacion\/"]}]},{"@type":"BreadcrumbList","@id":"https:\/\/www.linncasa.org\/es\/recursos-trauma-y-curacion\/#breadcrumb","itemListElement":[{"@type":"ListItem","position":1,"name":"Home","item":"https:\/\/www.linncasa.org\/es\/"},{"@type":"ListItem","position":2,"name":"Recursos: Trauma y curaci\u00f3n"}]},{"@type":"WebSite","@id":"https:\/\/www.linncasa.org\/es\/#website","url":"https:\/\/www.linncasa.org\/es\/","name":"CASA of Linn County","description":"Change a Child&#039;s Story\u2122","publisher":{"@id":"https:\/\/www.linncasa.org\/es\/#organization"},"potentialAction":[{"@type":"SearchAction","target":{"@type":"EntryPoint","urlTemplate":"https:\/\/www.linncasa.org\/es\/?s={search_term_string}"},"query-input":{"@type":"PropertyValueSpecification","valueRequired":true,"valueName":"search_term_string"}}],"inLanguage":"es"},{"@type":"Organization","@id":"https:\/\/www.linncasa.org\/es\/#organization","name":"CASA of Linn County","url":"https:\/\/www.linncasa.org\/es\/","logo":{"@type":"ImageObject","inLanguage":"es","@id":"https:\/\/www.linncasa.org\/es\/#\/schema\/logo\/image\/","url":"https:\/\/www.linncasa.org\/wp-content\/uploads\/2024\/03\/LINNCOUNTY_v_RedBlue.png","contentUrl":"https:\/\/www.linncasa.org\/wp-content\/uploads\/2024\/03\/LINNCOUNTY_v_RedBlue.png","width":623,"height":630,"caption":"CASA of Linn County"},"image":{"@id":"https:\/\/www.linncasa.org\/es\/#\/schema\/logo\/image\/"},"sameAs":["https:\/\/www.facebook.com\/CasaOfLinnCounty\/"]}]}},"_links":{"self":[{"href":"https:\/\/www.linncasa.org\/es\/wp-json\/wp\/v2\/pages\/3237","targetHints":{"allow":["GET"]}}],"collection":[{"href":"https:\/\/www.linncasa.org\/es\/wp-json\/wp\/v2\/pages"}],"about":[{"href":"https:\/\/www.linncasa.org\/es\/wp-json\/wp\/v2\/types\/page"}],"author":[{"embeddable":true,"href":"https:\/\/www.linncasa.org\/es\/wp-json\/wp\/v2\/users\/5"}],"replies":[{"embeddable":true,"href":"https:\/\/www.linncasa.org\/es\/wp-json\/wp\/v2\/comments?post=3237"}],"version-history":[{"count":1,"href":"https:\/\/www.linncasa.org\/es\/wp-json\/wp\/v2\/pages\/3237\/revisions"}],"predecessor-version":[{"id":3241,"href":"https:\/\/www.linncasa.org\/es\/wp-json\/wp\/v2\/pages\/3237\/revisions\/3241"}],"wp:attachment":[{"href":"https:\/\/www.linncasa.org\/es\/wp-json\/wp\/v2\/media?parent=3237"}],"curies":[{"name":"wp","href":"https:\/\/api.w.org\/{rel}","templated":true}]}}