{"id":3239,"date":"2020-02-25T00:02:34","date_gmt":"2020-02-25T08:02:34","guid":{"rendered":"https:\/\/www.linncasa.org\/recursos-familias\/"},"modified":"2025-04-29T23:35:09","modified_gmt":"2025-04-30T06:35:09","slug":"recursos-familias","status":"publish","type":"page","link":"https:\/\/www.linncasa.org\/es\/recursos-familias\/","title":{"rendered":"Recursos: Familias"},"content":{"rendered":"\n<p style=\"font-size:25px\" class=\"has-text-color has-vivid-red-color\"><strong>Art\u00edculos\/Gu\u00edas<\/strong><\/p>\n\n<p>Gu\u00eda: <a href=\"https:\/\/advocacyinaction.casaforchildren.org\/cms\/wp-content\/uploads\/2018\/11\/Family-Preservation-Srvcs-Primary-Secondary-Interventions.pdf\">Servicios de Preservaci\u00f3n Familiar: Prevenci\u00f3n primaria y secundaria<\/a> (8 p\u00e1ginas)  <\/p>\n\n<p>Curso e-Learning: <a href=\"https:\/\/learn.texascasa.org\/resource\/working-with-parents-involved-in-the-child-welfare-system\">Trabajar con padres implicados en el sistema de bienestar infantil<\/a><\/p>\n\n<p>Gu\u00eda: <a href=\"https:\/\/advocacyinaction.casaforchildren.org\/cms\/wp-content\/uploads\/2018\/11\/Parental-Incarceration.pdf\">Encarcelamiento parental<\/a> (8 p\u00e1ginas)<\/p>\n\n<p>Gu\u00eda: <a href=\"https:\/\/advocacyinaction.casaforchildren.org\/cms\/wp-content\/uploads\/2018\/11\/Sibling-and-Foster-Care-Placement.pdf\">Los hermanos y el acogimiento familiar<\/a> (7 p\u00e1ginas)<\/p>\n\n<p>Resumen tem\u00e1tico: <a href=\"https:\/\/advocacyinaction.casaforchildren.org\/cms\/wp-content\/uploads\/2018\/11\/Attachment-Supports-for-Caregivers-of-Young-Children.pdf\">Apoyos al apego para cuidadores de ni\u00f1os peque\u00f1os<\/a> (8 p\u00e1ginas)<\/p>\n\n<p>Gu\u00eda: <a href=\"https:\/\/advocacyinaction.casaforchildren.org\/cms\/wp-content\/uploads\/2018\/11\/Family-Search-and-Engagement.pdf\">B\u00fasqueda familiar y compromiso<\/a> (8 p\u00e1ginas)<\/p>\n\n<p>Gu\u00eda: <a href=\"https:\/\/advocacyinaction.casaforchildren.org\/cms\/wp-content\/uploads\/2018\/11\/Engaging-and-Partnering-w-Birth-Parents-in-Child-Welfare-System.pdf\">Implicaci\u00f3n y asociaci\u00f3n con los padres biol\u00f3gicos en el sistema de bienestar infantil<\/a> (9 p\u00e1ginas)  <\/p>\n\n<p style=\"font-size:25px\" class=\"has-text-color has-vivid-red-color\"><strong>V\u00eddeos\/Webinarios<\/strong><\/p>\n\n<p>Videoteca: <a href=\"https:\/\/www.youtube.com\/channel\/UCsUzGihB1QDrex1_pAJBXsQ\">Herramientas para encontrar y comprometer a la familia<\/a><\/p>\n","protected":false},"excerpt":{"rendered":"<p>Art\u00edculos\/Gu\u00edas Gu\u00eda: Servicios de Preservaci\u00f3n Familiar: Prevenci\u00f3n primaria y secundaria (8 p\u00e1ginas) Curso e-Learning: Trabajar con padres implicados en el sistema de bienestar infantil Gu\u00eda: Encarcelamiento parental (8 p\u00e1ginas) Gu\u00eda: Los hermanos y el acogimiento familiar (7 p\u00e1ginas) Resumen tem\u00e1tico: Apoyos al apego para cuidadores de ni\u00f1os peque\u00f1os (8 p\u00e1ginas) Gu\u00eda: B\u00fasqueda familiar y compromiso [&hellip;]<\/p>\n","protected":false},"author":5,"featured_media":0,"parent":0,"menu_order":0,"comment_status":"closed","ping_status":"closed","template":"","meta":{"_et_pb_use_builder":"","_et_pb_old_content":"","_et_gb_content_width":"","footnotes":""},"class_list":["post-3239","page","type-page","status-publish","hentry"],"yoast_head":"<!-- This site is optimized with the Yoast SEO plugin v27.2 - https:\/\/yoast.com\/product\/yoast-seo-wordpress\/ -->\n<title>Recursos: Familias - Casa of Linn County, Oregon<\/title>\n<meta name=\"description\" content=\"Descubre recursos y servicios de apoyo destinados a fortalecer a las familias y promover su bienestar.\" \/>\n<meta name=\"robots\" content=\"index, follow, max-snippet:-1, max-image-preview:large, max-video-preview:-1\" \/>\n<link rel=\"canonical\" href=\"https:\/\/www.linncasa.org\/es\/recursos-familias\/\" \/>\n<meta property=\"og:locale\" content=\"es_ES\" \/>\n<meta property=\"og:type\" content=\"article\" \/>\n<meta property=\"og:title\" content=\"Recursos: Familias - Casa of Linn County, Oregon\" \/>\n<meta property=\"og:description\" content=\"Descubre recursos y servicios de apoyo destinados a fortalecer a las familias y promover su bienestar.\" \/>\n<meta property=\"og:url\" content=\"https:\/\/www.linncasa.org\/es\/recursos-familias\/\" \/>\n<meta property=\"og:site_name\" content=\"Casa of Linn County, Oregon\" \/>\n<meta property=\"article:publisher\" content=\"https:\/\/www.facebook.com\/CasaOfLinnCounty\/\" \/>\n<meta property=\"article:modified_time\" content=\"2025-04-30T06:35:09+00:00\" \/>\n<meta name=\"twitter:card\" content=\"summary_large_image\" \/>\n<meta name=\"twitter:label1\" content=\"Tiempo de lectura\" \/>\n\t<meta name=\"twitter:data1\" content=\"1 minuto\" \/>\n<script type=\"application\/ld+json\" class=\"yoast-schema-graph\">{\"@context\":\"https:\/\/schema.org\",\"@graph\":[{\"@type\":\"WebPage\",\"@id\":\"https:\/\/www.linncasa.org\/es\/recursos-familias\/\",\"url\":\"https:\/\/www.linncasa.org\/es\/recursos-familias\/\",\"name\":\"Recursos: Familias - Casa of Linn County, Oregon\",\"isPartOf\":{\"@id\":\"https:\/\/www.linncasa.org\/es\/#website\"},\"datePublished\":\"2020-02-25T08:02:34+00:00\",\"dateModified\":\"2025-04-30T06:35:09+00:00\",\"description\":\"Descubre recursos y servicios de apoyo destinados a fortalecer a las familias y promover su bienestar.\",\"breadcrumb\":{\"@id\":\"https:\/\/www.linncasa.org\/es\/recursos-familias\/#breadcrumb\"},\"inLanguage\":\"es\",\"potentialAction\":[{\"@type\":\"ReadAction\",\"target\":[\"https:\/\/www.linncasa.org\/es\/recursos-familias\/\"]}]},{\"@type\":\"BreadcrumbList\",\"@id\":\"https:\/\/www.linncasa.org\/es\/recursos-familias\/#breadcrumb\",\"itemListElement\":[{\"@type\":\"ListItem\",\"position\":1,\"name\":\"Home\",\"item\":\"https:\/\/www.linncasa.org\/es\/\"},{\"@type\":\"ListItem\",\"position\":2,\"name\":\"Recursos: Familias\"}]},{\"@type\":\"WebSite\",\"@id\":\"https:\/\/www.linncasa.org\/es\/#website\",\"url\":\"https:\/\/www.linncasa.org\/es\/\",\"name\":\"CASA of Linn County\",\"description\":\"Change a Child&#039;s Story\u2122\",\"publisher\":{\"@id\":\"https:\/\/www.linncasa.org\/es\/#organization\"},\"potentialAction\":[{\"@type\":\"SearchAction\",\"target\":{\"@type\":\"EntryPoint\",\"urlTemplate\":\"https:\/\/www.linncasa.org\/es\/?s={search_term_string}\"},\"query-input\":{\"@type\":\"PropertyValueSpecification\",\"valueRequired\":true,\"valueName\":\"search_term_string\"}}],\"inLanguage\":\"es\"},{\"@type\":\"Organization\",\"@id\":\"https:\/\/www.linncasa.org\/es\/#organization\",\"name\":\"CASA of Linn County\",\"url\":\"https:\/\/www.linncasa.org\/es\/\",\"logo\":{\"@type\":\"ImageObject\",\"inLanguage\":\"es\",\"@id\":\"https:\/\/www.linncasa.org\/es\/#\/schema\/logo\/image\/\",\"url\":\"https:\/\/www.linncasa.org\/wp-content\/uploads\/2024\/03\/LINNCOUNTY_v_RedBlue.png\",\"contentUrl\":\"https:\/\/www.linncasa.org\/wp-content\/uploads\/2024\/03\/LINNCOUNTY_v_RedBlue.png\",\"width\":623,\"height\":630,\"caption\":\"CASA of Linn County\"},\"image\":{\"@id\":\"https:\/\/www.linncasa.org\/es\/#\/schema\/logo\/image\/\"},\"sameAs\":[\"https:\/\/www.facebook.com\/CasaOfLinnCounty\/\"]}]}<\/script>\n<!-- \/ Yoast SEO plugin. -->","yoast_head_json":{"title":"Recursos: Familias - Casa of Linn County, Oregon","description":"Descubre recursos y servicios de apoyo destinados a fortalecer a las familias y promover su bienestar.","robots":{"index":"index","follow":"follow","max-snippet":"max-snippet:-1","max-image-preview":"max-image-preview:large","max-video-preview":"max-video-preview:-1"},"canonical":"https:\/\/www.linncasa.org\/es\/recursos-familias\/","og_locale":"es_ES","og_type":"article","og_title":"Recursos: Familias - Casa of Linn County, Oregon","og_description":"Descubre recursos y servicios de apoyo destinados a fortalecer a las familias y promover su bienestar.","og_url":"https:\/\/www.linncasa.org\/es\/recursos-familias\/","og_site_name":"Casa of Linn County, Oregon","article_publisher":"https:\/\/www.facebook.com\/CasaOfLinnCounty\/","article_modified_time":"2025-04-30T06:35:09+00:00","twitter_card":"summary_large_image","twitter_misc":{"Tiempo de lectura":"1 minuto"},"schema":{"@context":"https:\/\/schema.org","@graph":[{"@type":"WebPage","@id":"https:\/\/www.linncasa.org\/es\/recursos-familias\/","url":"https:\/\/www.linncasa.org\/es\/recursos-familias\/","name":"Recursos: Familias - Casa of Linn County, Oregon","isPartOf":{"@id":"https:\/\/www.linncasa.org\/es\/#website"},"datePublished":"2020-02-25T08:02:34+00:00","dateModified":"2025-04-30T06:35:09+00:00","description":"Descubre recursos y servicios de apoyo destinados a fortalecer a las familias y promover su bienestar.","breadcrumb":{"@id":"https:\/\/www.linncasa.org\/es\/recursos-familias\/#breadcrumb"},"inLanguage":"es","potentialAction":[{"@type":"ReadAction","target":["https:\/\/www.linncasa.org\/es\/recursos-familias\/"]}]},{"@type":"BreadcrumbList","@id":"https:\/\/www.linncasa.org\/es\/recursos-familias\/#breadcrumb","itemListElement":[{"@type":"ListItem","position":1,"name":"Home","item":"https:\/\/www.linncasa.org\/es\/"},{"@type":"ListItem","position":2,"name":"Recursos: Familias"}]},{"@type":"WebSite","@id":"https:\/\/www.linncasa.org\/es\/#website","url":"https:\/\/www.linncasa.org\/es\/","name":"CASA of Linn County","description":"Change a Child&#039;s Story\u2122","publisher":{"@id":"https:\/\/www.linncasa.org\/es\/#organization"},"potentialAction":[{"@type":"SearchAction","target":{"@type":"EntryPoint","urlTemplate":"https:\/\/www.linncasa.org\/es\/?s={search_term_string}"},"query-input":{"@type":"PropertyValueSpecification","valueRequired":true,"valueName":"search_term_string"}}],"inLanguage":"es"},{"@type":"Organization","@id":"https:\/\/www.linncasa.org\/es\/#organization","name":"CASA of Linn County","url":"https:\/\/www.linncasa.org\/es\/","logo":{"@type":"ImageObject","inLanguage":"es","@id":"https:\/\/www.linncasa.org\/es\/#\/schema\/logo\/image\/","url":"https:\/\/www.linncasa.org\/wp-content\/uploads\/2024\/03\/LINNCOUNTY_v_RedBlue.png","contentUrl":"https:\/\/www.linncasa.org\/wp-content\/uploads\/2024\/03\/LINNCOUNTY_v_RedBlue.png","width":623,"height":630,"caption":"CASA of Linn County"},"image":{"@id":"https:\/\/www.linncasa.org\/es\/#\/schema\/logo\/image\/"},"sameAs":["https:\/\/www.facebook.com\/CasaOfLinnCounty\/"]}]}},"_links":{"self":[{"href":"https:\/\/www.linncasa.org\/es\/wp-json\/wp\/v2\/pages\/3239","targetHints":{"allow":["GET"]}}],"collection":[{"href":"https:\/\/www.linncasa.org\/es\/wp-json\/wp\/v2\/pages"}],"about":[{"href":"https:\/\/www.linncasa.org\/es\/wp-json\/wp\/v2\/types\/page"}],"author":[{"embeddable":true,"href":"https:\/\/www.linncasa.org\/es\/wp-json\/wp\/v2\/users\/5"}],"replies":[{"embeddable":true,"href":"https:\/\/www.linncasa.org\/es\/wp-json\/wp\/v2\/comments?post=3239"}],"version-history":[{"count":1,"href":"https:\/\/www.linncasa.org\/es\/wp-json\/wp\/v2\/pages\/3239\/revisions"}],"predecessor-version":[{"id":3242,"href":"https:\/\/www.linncasa.org\/es\/wp-json\/wp\/v2\/pages\/3239\/revisions\/3242"}],"wp:attachment":[{"href":"https:\/\/www.linncasa.org\/es\/wp-json\/wp\/v2\/media?parent=3239"}],"curies":[{"name":"wp","href":"https:\/\/api.w.org\/{rel}","templated":true}]}}