{"id":3244,"date":"2020-02-25T00:08:25","date_gmt":"2020-02-25T08:08:25","guid":{"rendered":"https:\/\/www.linncasa.org\/recursos-salud-mental\/"},"modified":"2025-04-29T23:35:10","modified_gmt":"2025-04-30T06:35:10","slug":"recursos-salud-mental","status":"publish","type":"page","link":"https:\/\/www.linncasa.org\/es\/recursos-salud-mental\/","title":{"rendered":"Recursos: Salud mental"},"content":{"rendered":"\n<p style=\"font-size:25px\" class=\"has-text-color has-vivid-red-color\"><strong>Art\u00edculos<\/strong><\/p>\n\n<p>Gu\u00eda: <a href=\"https:\/\/advocacyinaction.casaforchildren.org\/cms\/wp-content\/uploads\/2018\/11\/Psychotropic-Medication.pdf\">La medicaci\u00f3n psicotr\u00f3pica y los ni\u00f1os en r\u00e9gimen de acogida<\/a> (6 p\u00e1ginas)<\/p>\n\n<p>Gu\u00eda: <a href=\"https:\/\/advocacyinaction.casaforchildren.org\/cms\/wp-content\/uploads\/2018\/11\/Youth_s-and-Children_s-Mental-Health-Substance-Abuse.pdf\">Problemas de abuso de sustancias, conducta y salud mental entre los ni\u00f1os y j\u00f3venes en r\u00e9gimen de acogida<\/a> (7 p\u00e1ginas)<\/p>\n\n<p style=\"font-size:25px\" class=\"has-text-color has-vivid-red-color\"><strong>V\u00eddeos\/Webinarios<\/strong><\/p>\n\n<p>Videoteca: <a href=\"https:\/\/child.tcu.edu\/resources\/videos\/#sthash.giFm0zBQ.KCY5vK6l.dpbs\">Intervenci\u00f3n relacional basada en la confianza<\/a> <\/p>\n\n<p>Webinar: <a href=\"https:\/\/register.gotowebinar.com\/recording\/7298227624950965761\">Ansiedad y depresi\u00f3n en j\u00f3venes acogidos y adoptados<\/a> (70 minutos)<\/p>\n","protected":false},"excerpt":{"rendered":"<p>Art\u00edculos Gu\u00eda: La medicaci\u00f3n psicotr\u00f3pica y los ni\u00f1os en r\u00e9gimen de acogida (6 p\u00e1ginas) Gu\u00eda: Problemas de abuso de sustancias, conducta y salud mental entre los ni\u00f1os y j\u00f3venes en r\u00e9gimen de acogida (7 p\u00e1ginas) V\u00eddeos\/Webinarios Videoteca: Intervenci\u00f3n relacional basada en la confianza Webinar: Ansiedad y depresi\u00f3n en j\u00f3venes acogidos y adoptados (70 minutos)<\/p>\n","protected":false},"author":5,"featured_media":0,"parent":0,"menu_order":0,"comment_status":"closed","ping_status":"closed","template":"","meta":{"_et_pb_use_builder":"","_et_pb_old_content":"","_et_gb_content_width":"","footnotes":""},"class_list":["post-3244","page","type-page","status-publish","hentry"],"yoast_head":"<!-- This site is optimized with the Yoast SEO plugin v27.2 - https:\/\/yoast.com\/product\/yoast-seo-wordpress\/ -->\n<title>Recursos: Salud mental - Casa of Linn County, Oregon<\/title>\n<meta name=\"description\" content=\"Accede a recursos y servicios de apoyo destinados a promover la salud mental y el bienestar de los ni\u00f1os, las familias y los cuidadores implicados en el sistema de bienestar infantil.\" \/>\n<meta name=\"robots\" content=\"index, follow, max-snippet:-1, max-image-preview:large, max-video-preview:-1\" \/>\n<link rel=\"canonical\" href=\"https:\/\/www.linncasa.org\/es\/recursos-salud-mental\/\" \/>\n<meta property=\"og:locale\" content=\"es_ES\" \/>\n<meta property=\"og:type\" content=\"article\" \/>\n<meta property=\"og:title\" content=\"Recursos: Salud mental - Casa of Linn County, Oregon\" \/>\n<meta property=\"og:description\" content=\"Accede a recursos y servicios de apoyo destinados a promover la salud mental y el bienestar de los ni\u00f1os, las familias y los cuidadores implicados en el sistema de bienestar infantil.\" \/>\n<meta property=\"og:url\" content=\"https:\/\/www.linncasa.org\/es\/recursos-salud-mental\/\" \/>\n<meta property=\"og:site_name\" content=\"Casa of Linn County, Oregon\" \/>\n<meta property=\"article:publisher\" content=\"https:\/\/www.facebook.com\/CasaOfLinnCounty\/\" \/>\n<meta property=\"article:modified_time\" content=\"2025-04-30T06:35:10+00:00\" \/>\n<meta name=\"twitter:card\" content=\"summary_large_image\" \/>\n<script type=\"application\/ld+json\" class=\"yoast-schema-graph\">{\"@context\":\"https:\/\/schema.org\",\"@graph\":[{\"@type\":\"WebPage\",\"@id\":\"https:\/\/www.linncasa.org\/es\/recursos-salud-mental\/\",\"url\":\"https:\/\/www.linncasa.org\/es\/recursos-salud-mental\/\",\"name\":\"Recursos: Salud mental - Casa of Linn County, Oregon\",\"isPartOf\":{\"@id\":\"https:\/\/www.linncasa.org\/es\/#website\"},\"datePublished\":\"2020-02-25T08:08:25+00:00\",\"dateModified\":\"2025-04-30T06:35:10+00:00\",\"description\":\"Accede a recursos y servicios de apoyo destinados a promover la salud mental y el bienestar de los ni\u00f1os, las familias y los cuidadores implicados en el sistema de bienestar infantil.\",\"breadcrumb\":{\"@id\":\"https:\/\/www.linncasa.org\/es\/recursos-salud-mental\/#breadcrumb\"},\"inLanguage\":\"es\",\"potentialAction\":[{\"@type\":\"ReadAction\",\"target\":[\"https:\/\/www.linncasa.org\/es\/recursos-salud-mental\/\"]}]},{\"@type\":\"BreadcrumbList\",\"@id\":\"https:\/\/www.linncasa.org\/es\/recursos-salud-mental\/#breadcrumb\",\"itemListElement\":[{\"@type\":\"ListItem\",\"position\":1,\"name\":\"Home\",\"item\":\"https:\/\/www.linncasa.org\/es\/\"},{\"@type\":\"ListItem\",\"position\":2,\"name\":\"Recursos: Salud mental\"}]},{\"@type\":\"WebSite\",\"@id\":\"https:\/\/www.linncasa.org\/es\/#website\",\"url\":\"https:\/\/www.linncasa.org\/es\/\",\"name\":\"CASA of Linn County\",\"description\":\"Change a Child&#039;s Story\u2122\",\"publisher\":{\"@id\":\"https:\/\/www.linncasa.org\/es\/#organization\"},\"potentialAction\":[{\"@type\":\"SearchAction\",\"target\":{\"@type\":\"EntryPoint\",\"urlTemplate\":\"https:\/\/www.linncasa.org\/es\/?s={search_term_string}\"},\"query-input\":{\"@type\":\"PropertyValueSpecification\",\"valueRequired\":true,\"valueName\":\"search_term_string\"}}],\"inLanguage\":\"es\"},{\"@type\":\"Organization\",\"@id\":\"https:\/\/www.linncasa.org\/es\/#organization\",\"name\":\"CASA of Linn County\",\"url\":\"https:\/\/www.linncasa.org\/es\/\",\"logo\":{\"@type\":\"ImageObject\",\"inLanguage\":\"es\",\"@id\":\"https:\/\/www.linncasa.org\/es\/#\/schema\/logo\/image\/\",\"url\":\"https:\/\/www.linncasa.org\/wp-content\/uploads\/2024\/03\/LINNCOUNTY_v_RedBlue.png\",\"contentUrl\":\"https:\/\/www.linncasa.org\/wp-content\/uploads\/2024\/03\/LINNCOUNTY_v_RedBlue.png\",\"width\":623,\"height\":630,\"caption\":\"CASA of Linn County\"},\"image\":{\"@id\":\"https:\/\/www.linncasa.org\/es\/#\/schema\/logo\/image\/\"},\"sameAs\":[\"https:\/\/www.facebook.com\/CasaOfLinnCounty\/\"]}]}<\/script>\n<!-- \/ Yoast SEO plugin. -->","yoast_head_json":{"title":"Recursos: Salud mental - Casa of Linn County, Oregon","description":"Accede a recursos y servicios de apoyo destinados a promover la salud mental y el bienestar de los ni\u00f1os, las familias y los cuidadores implicados en el sistema de bienestar infantil.","robots":{"index":"index","follow":"follow","max-snippet":"max-snippet:-1","max-image-preview":"max-image-preview:large","max-video-preview":"max-video-preview:-1"},"canonical":"https:\/\/www.linncasa.org\/es\/recursos-salud-mental\/","og_locale":"es_ES","og_type":"article","og_title":"Recursos: Salud mental - Casa of Linn County, Oregon","og_description":"Accede a recursos y servicios de apoyo destinados a promover la salud mental y el bienestar de los ni\u00f1os, las familias y los cuidadores implicados en el sistema de bienestar infantil.","og_url":"https:\/\/www.linncasa.org\/es\/recursos-salud-mental\/","og_site_name":"Casa of Linn County, Oregon","article_publisher":"https:\/\/www.facebook.com\/CasaOfLinnCounty\/","article_modified_time":"2025-04-30T06:35:10+00:00","twitter_card":"summary_large_image","schema":{"@context":"https:\/\/schema.org","@graph":[{"@type":"WebPage","@id":"https:\/\/www.linncasa.org\/es\/recursos-salud-mental\/","url":"https:\/\/www.linncasa.org\/es\/recursos-salud-mental\/","name":"Recursos: Salud mental - Casa of Linn County, Oregon","isPartOf":{"@id":"https:\/\/www.linncasa.org\/es\/#website"},"datePublished":"2020-02-25T08:08:25+00:00","dateModified":"2025-04-30T06:35:10+00:00","description":"Accede a recursos y servicios de apoyo destinados a promover la salud mental y el bienestar de los ni\u00f1os, las familias y los cuidadores implicados en el sistema de bienestar infantil.","breadcrumb":{"@id":"https:\/\/www.linncasa.org\/es\/recursos-salud-mental\/#breadcrumb"},"inLanguage":"es","potentialAction":[{"@type":"ReadAction","target":["https:\/\/www.linncasa.org\/es\/recursos-salud-mental\/"]}]},{"@type":"BreadcrumbList","@id":"https:\/\/www.linncasa.org\/es\/recursos-salud-mental\/#breadcrumb","itemListElement":[{"@type":"ListItem","position":1,"name":"Home","item":"https:\/\/www.linncasa.org\/es\/"},{"@type":"ListItem","position":2,"name":"Recursos: Salud mental"}]},{"@type":"WebSite","@id":"https:\/\/www.linncasa.org\/es\/#website","url":"https:\/\/www.linncasa.org\/es\/","name":"CASA of Linn County","description":"Change a Child&#039;s Story\u2122","publisher":{"@id":"https:\/\/www.linncasa.org\/es\/#organization"},"potentialAction":[{"@type":"SearchAction","target":{"@type":"EntryPoint","urlTemplate":"https:\/\/www.linncasa.org\/es\/?s={search_term_string}"},"query-input":{"@type":"PropertyValueSpecification","valueRequired":true,"valueName":"search_term_string"}}],"inLanguage":"es"},{"@type":"Organization","@id":"https:\/\/www.linncasa.org\/es\/#organization","name":"CASA of Linn County","url":"https:\/\/www.linncasa.org\/es\/","logo":{"@type":"ImageObject","inLanguage":"es","@id":"https:\/\/www.linncasa.org\/es\/#\/schema\/logo\/image\/","url":"https:\/\/www.linncasa.org\/wp-content\/uploads\/2024\/03\/LINNCOUNTY_v_RedBlue.png","contentUrl":"https:\/\/www.linncasa.org\/wp-content\/uploads\/2024\/03\/LINNCOUNTY_v_RedBlue.png","width":623,"height":630,"caption":"CASA of Linn County"},"image":{"@id":"https:\/\/www.linncasa.org\/es\/#\/schema\/logo\/image\/"},"sameAs":["https:\/\/www.facebook.com\/CasaOfLinnCounty\/"]}]}},"_links":{"self":[{"href":"https:\/\/www.linncasa.org\/es\/wp-json\/wp\/v2\/pages\/3244","targetHints":{"allow":["GET"]}}],"collection":[{"href":"https:\/\/www.linncasa.org\/es\/wp-json\/wp\/v2\/pages"}],"about":[{"href":"https:\/\/www.linncasa.org\/es\/wp-json\/wp\/v2\/types\/page"}],"author":[{"embeddable":true,"href":"https:\/\/www.linncasa.org\/es\/wp-json\/wp\/v2\/users\/5"}],"replies":[{"embeddable":true,"href":"https:\/\/www.linncasa.org\/es\/wp-json\/wp\/v2\/comments?post=3244"}],"version-history":[{"count":1,"href":"https:\/\/www.linncasa.org\/es\/wp-json\/wp\/v2\/pages\/3244\/revisions"}],"predecessor-version":[{"id":3245,"href":"https:\/\/www.linncasa.org\/es\/wp-json\/wp\/v2\/pages\/3244\/revisions\/3245"}],"wp:attachment":[{"href":"https:\/\/www.linncasa.org\/es\/wp-json\/wp\/v2\/media?parent=3244"}],"curies":[{"name":"wp","href":"https:\/\/api.w.org\/{rel}","templated":true}]}}