{"id":3248,"date":"2020-02-25T19:05:16","date_gmt":"2020-02-26T03:05:16","guid":{"rendered":"https:\/\/www.linncasa.org\/recursos-abuso-y-negligencia\/"},"modified":"2025-04-29T23:35:11","modified_gmt":"2025-04-30T06:35:11","slug":"recursos-abuso-y-negligencia","status":"publish","type":"page","link":"https:\/\/www.linncasa.org\/es\/recursos-abuso-y-negligencia\/","title":{"rendered":"Recursos: Abuso y Negligencia"},"content":{"rendered":"\n<p style=\"font-size:25px\" class=\"has-text-color has-vivid-red-color\"><strong>Art\u00edculos\/Gu\u00edas<\/strong><\/p>\n\n<p>Libro de datos: <a href=\"https:\/\/www.oregon.gov\/DHS\/CHILDREN\/CHILD-ABUSE\/Documents\/2018-Child-Welfare-Data-Book.pdf\">Libro de Datos sobre Bienestar Infantil de Oreg\u00f3n 2018<\/a> (39 p\u00e1ginas)<\/p>\n\n<p>Gu\u00eda: <a href=\"https:\/\/advocacyinaction.casaforchildren.org\/cms\/wp-content\/uploads\/2018\/11\/Assess-Needs-of-Young-Child-Impact-by-Abuse-Neglect.pdf\">Evaluaci\u00f3n de las Necesidades de los Ni\u00f1os Peque\u00f1os Afectados por el Maltrato y la Negligencia<\/a> (8 p\u00e1ginas)<\/p>\n\n<p>Informe: <a href=\"https:\/\/www.oregon.gov\/DHS\/CHILDREN\/CHILD-ABUSE\/Documents\/ORCAH%20Annual%20Report%202019.pdf\">Informe Anual de la L\u00ednea Directa de Oreg\u00f3n contra el Maltrato<\/a> Infantil (17 p\u00e1ginas)<\/p>\n\n<p>Gu\u00eda: <a href=\"https:\/\/www.oregon.gov\/DHS\/CHILDREN\/Documents\/child-welfare-practices-abuse.pdf\">Pr\u00e1cticas de Bienestar Infantil del DHS de Oreg\u00f3n para Casos de Abuso Sexual Infantil<\/a> (181 p\u00e1ginas)<\/p>\n\n<p>Gu\u00eda: <a href=\"https:\/\/advocacyinaction.casaforchildren.org\/cms\/wp-content\/uploads\/2018\/11\/Preventing-Intergenerational-Transmission-of-Child-Neglect.pdf\">Prevenir la transmisi\u00f3n intergeneracional de la negligencia<\/a> infantil (11 p\u00e1ginas)<\/p>\n\n<p style=\"font-size:25px\" class=\"has-text-color has-vivid-red-color\"><strong>V\u00eddeos\/Webinarios<\/strong><\/p>\n\n<p>Webinar: <a href=\"https:\/\/rcdvcpc.org\/resources\/resource-library\/resource\/webinar-child-abuse-neglect-and-domestic-violence-dispelling-the-myths-enhancing-practice.html\">Maltrato infantil, abandono y violencia dom\u00e9stica: Disipar los mitos, mejorar la pr\u00e1ctica<\/a> (90 minutos)<\/p>\n\n<p>V\u00eddeo: <a href=\"https:\/\/www.pbs.org\/video\/new-mexico-pbs-public-square-public-square-june-2013\/\">Impacto de la violencia dom\u00e9stica en los ni\u00f1os<\/a> (57 minutos)<\/p>\n\n<p>Biblioteca de seminarios web: <a href=\"https:\/\/www.nationalcac.org\/online-training-catalog\/\">Centro Nacional de Defensa de los Ni\u00f1os<\/a><\/p>\n","protected":false},"excerpt":{"rendered":"<p>Art\u00edculos\/Gu\u00edas Libro de datos: Libro de Datos sobre Bienestar Infantil de Oreg\u00f3n 2018 (39 p\u00e1ginas) Gu\u00eda: Evaluaci\u00f3n de las Necesidades de los Ni\u00f1os Peque\u00f1os Afectados por el Maltrato y la Negligencia (8 p\u00e1ginas) Informe: Informe Anual de la L\u00ednea Directa de Oreg\u00f3n contra el Maltrato Infantil (17 p\u00e1ginas) Gu\u00eda: Pr\u00e1cticas de Bienestar Infantil del DHS [&hellip;]<\/p>\n","protected":false},"author":5,"featured_media":0,"parent":0,"menu_order":0,"comment_status":"closed","ping_status":"closed","template":"","meta":{"_et_pb_use_builder":"","_et_pb_old_content":"","_et_gb_content_width":"","footnotes":""},"class_list":["post-3248","page","type-page","status-publish","hentry"],"yoast_head":"<!-- This site is optimized with the Yoast SEO plugin v27.2 - https:\/\/yoast.com\/product\/yoast-seo-wordpress\/ -->\n<title>Nuestros recursos en CASA del condado de Linn<\/title>\n<meta name=\"description\" content=\"Explora nuestra completa colecci\u00f3n de recursos dise\u00f1ados para apoyar a los ni\u00f1os, las familias y los voluntarios que participan en CASA del condado de Linn.\" \/>\n<meta name=\"robots\" content=\"index, follow, max-snippet:-1, max-image-preview:large, max-video-preview:-1\" \/>\n<link rel=\"canonical\" href=\"https:\/\/www.linncasa.org\/es\/recursos-abuso-y-negligencia\/\" \/>\n<meta property=\"og:locale\" content=\"es_ES\" \/>\n<meta property=\"og:type\" content=\"article\" \/>\n<meta property=\"og:title\" content=\"Nuestros recursos en CASA del condado de Linn\" \/>\n<meta property=\"og:description\" content=\"Explora nuestra completa colecci\u00f3n de recursos dise\u00f1ados para apoyar a los ni\u00f1os, las familias y los voluntarios que participan en CASA del condado de Linn.\" \/>\n<meta property=\"og:url\" content=\"https:\/\/www.linncasa.org\/es\/recursos-abuso-y-negligencia\/\" \/>\n<meta property=\"og:site_name\" content=\"Casa of Linn County, Oregon\" \/>\n<meta property=\"article:publisher\" content=\"https:\/\/www.facebook.com\/CasaOfLinnCounty\/\" \/>\n<meta property=\"article:modified_time\" content=\"2025-04-30T06:35:11+00:00\" \/>\n<meta name=\"twitter:card\" content=\"summary_large_image\" \/>\n<meta name=\"twitter:label1\" content=\"Tiempo de lectura\" \/>\n\t<meta name=\"twitter:data1\" content=\"1 minuto\" \/>\n<script type=\"application\/ld+json\" class=\"yoast-schema-graph\">{\"@context\":\"https:\/\/schema.org\",\"@graph\":[{\"@type\":\"WebPage\",\"@id\":\"https:\/\/www.linncasa.org\/es\/recursos-abuso-y-negligencia\/\",\"url\":\"https:\/\/www.linncasa.org\/es\/recursos-abuso-y-negligencia\/\",\"name\":\"Nuestros recursos en CASA del condado de Linn\",\"isPartOf\":{\"@id\":\"https:\/\/www.linncasa.org\/es\/#website\"},\"datePublished\":\"2020-02-26T03:05:16+00:00\",\"dateModified\":\"2025-04-30T06:35:11+00:00\",\"description\":\"Explora nuestra completa colecci\u00f3n de recursos dise\u00f1ados para apoyar a los ni\u00f1os, las familias y los voluntarios que participan en CASA del condado de Linn.\",\"breadcrumb\":{\"@id\":\"https:\/\/www.linncasa.org\/es\/recursos-abuso-y-negligencia\/#breadcrumb\"},\"inLanguage\":\"es\",\"potentialAction\":[{\"@type\":\"ReadAction\",\"target\":[\"https:\/\/www.linncasa.org\/es\/recursos-abuso-y-negligencia\/\"]}]},{\"@type\":\"BreadcrumbList\",\"@id\":\"https:\/\/www.linncasa.org\/es\/recursos-abuso-y-negligencia\/#breadcrumb\",\"itemListElement\":[{\"@type\":\"ListItem\",\"position\":1,\"name\":\"Home\",\"item\":\"https:\/\/www.linncasa.org\/es\/\"},{\"@type\":\"ListItem\",\"position\":2,\"name\":\"Recursos: Abuso y Negligencia\"}]},{\"@type\":\"WebSite\",\"@id\":\"https:\/\/www.linncasa.org\/es\/#website\",\"url\":\"https:\/\/www.linncasa.org\/es\/\",\"name\":\"CASA of Linn County\",\"description\":\"Change a Child&#039;s Story\u2122\",\"publisher\":{\"@id\":\"https:\/\/www.linncasa.org\/es\/#organization\"},\"potentialAction\":[{\"@type\":\"SearchAction\",\"target\":{\"@type\":\"EntryPoint\",\"urlTemplate\":\"https:\/\/www.linncasa.org\/es\/?s={search_term_string}\"},\"query-input\":{\"@type\":\"PropertyValueSpecification\",\"valueRequired\":true,\"valueName\":\"search_term_string\"}}],\"inLanguage\":\"es\"},{\"@type\":\"Organization\",\"@id\":\"https:\/\/www.linncasa.org\/es\/#organization\",\"name\":\"CASA of Linn County\",\"url\":\"https:\/\/www.linncasa.org\/es\/\",\"logo\":{\"@type\":\"ImageObject\",\"inLanguage\":\"es\",\"@id\":\"https:\/\/www.linncasa.org\/es\/#\/schema\/logo\/image\/\",\"url\":\"https:\/\/www.linncasa.org\/wp-content\/uploads\/2024\/03\/LINNCOUNTY_v_RedBlue.png\",\"contentUrl\":\"https:\/\/www.linncasa.org\/wp-content\/uploads\/2024\/03\/LINNCOUNTY_v_RedBlue.png\",\"width\":623,\"height\":630,\"caption\":\"CASA of Linn County\"},\"image\":{\"@id\":\"https:\/\/www.linncasa.org\/es\/#\/schema\/logo\/image\/\"},\"sameAs\":[\"https:\/\/www.facebook.com\/CasaOfLinnCounty\/\"]}]}<\/script>\n<!-- \/ Yoast SEO plugin. -->","yoast_head_json":{"title":"Nuestros recursos en CASA del condado de Linn","description":"Explora nuestra completa colecci\u00f3n de recursos dise\u00f1ados para apoyar a los ni\u00f1os, las familias y los voluntarios que participan en CASA del condado de Linn.","robots":{"index":"index","follow":"follow","max-snippet":"max-snippet:-1","max-image-preview":"max-image-preview:large","max-video-preview":"max-video-preview:-1"},"canonical":"https:\/\/www.linncasa.org\/es\/recursos-abuso-y-negligencia\/","og_locale":"es_ES","og_type":"article","og_title":"Nuestros recursos en CASA del condado de Linn","og_description":"Explora nuestra completa colecci\u00f3n de recursos dise\u00f1ados para apoyar a los ni\u00f1os, las familias y los voluntarios que participan en CASA del condado de Linn.","og_url":"https:\/\/www.linncasa.org\/es\/recursos-abuso-y-negligencia\/","og_site_name":"Casa of Linn County, Oregon","article_publisher":"https:\/\/www.facebook.com\/CasaOfLinnCounty\/","article_modified_time":"2025-04-30T06:35:11+00:00","twitter_card":"summary_large_image","twitter_misc":{"Tiempo de lectura":"1 minuto"},"schema":{"@context":"https:\/\/schema.org","@graph":[{"@type":"WebPage","@id":"https:\/\/www.linncasa.org\/es\/recursos-abuso-y-negligencia\/","url":"https:\/\/www.linncasa.org\/es\/recursos-abuso-y-negligencia\/","name":"Nuestros recursos en CASA del condado de Linn","isPartOf":{"@id":"https:\/\/www.linncasa.org\/es\/#website"},"datePublished":"2020-02-26T03:05:16+00:00","dateModified":"2025-04-30T06:35:11+00:00","description":"Explora nuestra completa colecci\u00f3n de recursos dise\u00f1ados para apoyar a los ni\u00f1os, las familias y los voluntarios que participan en CASA del condado de Linn.","breadcrumb":{"@id":"https:\/\/www.linncasa.org\/es\/recursos-abuso-y-negligencia\/#breadcrumb"},"inLanguage":"es","potentialAction":[{"@type":"ReadAction","target":["https:\/\/www.linncasa.org\/es\/recursos-abuso-y-negligencia\/"]}]},{"@type":"BreadcrumbList","@id":"https:\/\/www.linncasa.org\/es\/recursos-abuso-y-negligencia\/#breadcrumb","itemListElement":[{"@type":"ListItem","position":1,"name":"Home","item":"https:\/\/www.linncasa.org\/es\/"},{"@type":"ListItem","position":2,"name":"Recursos: Abuso y Negligencia"}]},{"@type":"WebSite","@id":"https:\/\/www.linncasa.org\/es\/#website","url":"https:\/\/www.linncasa.org\/es\/","name":"CASA of Linn County","description":"Change a Child&#039;s Story\u2122","publisher":{"@id":"https:\/\/www.linncasa.org\/es\/#organization"},"potentialAction":[{"@type":"SearchAction","target":{"@type":"EntryPoint","urlTemplate":"https:\/\/www.linncasa.org\/es\/?s={search_term_string}"},"query-input":{"@type":"PropertyValueSpecification","valueRequired":true,"valueName":"search_term_string"}}],"inLanguage":"es"},{"@type":"Organization","@id":"https:\/\/www.linncasa.org\/es\/#organization","name":"CASA of Linn County","url":"https:\/\/www.linncasa.org\/es\/","logo":{"@type":"ImageObject","inLanguage":"es","@id":"https:\/\/www.linncasa.org\/es\/#\/schema\/logo\/image\/","url":"https:\/\/www.linncasa.org\/wp-content\/uploads\/2024\/03\/LINNCOUNTY_v_RedBlue.png","contentUrl":"https:\/\/www.linncasa.org\/wp-content\/uploads\/2024\/03\/LINNCOUNTY_v_RedBlue.png","width":623,"height":630,"caption":"CASA of Linn County"},"image":{"@id":"https:\/\/www.linncasa.org\/es\/#\/schema\/logo\/image\/"},"sameAs":["https:\/\/www.facebook.com\/CasaOfLinnCounty\/"]}]}},"_links":{"self":[{"href":"https:\/\/www.linncasa.org\/es\/wp-json\/wp\/v2\/pages\/3248","targetHints":{"allow":["GET"]}}],"collection":[{"href":"https:\/\/www.linncasa.org\/es\/wp-json\/wp\/v2\/pages"}],"about":[{"href":"https:\/\/www.linncasa.org\/es\/wp-json\/wp\/v2\/types\/page"}],"author":[{"embeddable":true,"href":"https:\/\/www.linncasa.org\/es\/wp-json\/wp\/v2\/users\/5"}],"replies":[{"embeddable":true,"href":"https:\/\/www.linncasa.org\/es\/wp-json\/wp\/v2\/comments?post=3248"}],"version-history":[{"count":1,"href":"https:\/\/www.linncasa.org\/es\/wp-json\/wp\/v2\/pages\/3248\/revisions"}],"predecessor-version":[{"id":3251,"href":"https:\/\/www.linncasa.org\/es\/wp-json\/wp\/v2\/pages\/3248\/revisions\/3251"}],"wp:attachment":[{"href":"https:\/\/www.linncasa.org\/es\/wp-json\/wp\/v2\/media?parent=3248"}],"curies":[{"name":"wp","href":"https:\/\/api.w.org\/{rel}","templated":true}]}}