{"id":3249,"date":"2020-02-25T00:04:26","date_gmt":"2020-02-25T08:04:26","guid":{"rendered":"https:\/\/www.linncasa.org\/recursos-lgbtq\/"},"modified":"2025-04-29T23:35:11","modified_gmt":"2025-04-30T06:35:11","slug":"recursos-lgbtq","status":"publish","type":"page","link":"https:\/\/www.linncasa.org\/es\/recursos-lgbtq\/","title":{"rendered":"Recursos: LGBTQ"},"content":{"rendered":"\n<p style=\"font-size:25px\" class=\"has-text-color has-vivid-red-color\"><strong>Art\u00edculos\/Gu\u00edas<\/strong><\/p>\n\n<p>Gu\u00eda: <a href=\"https:\/\/familyproject.sfsu.edu\/sites\/default\/files\/FAP_English%20Booklet_pst.pdf\">Familias solidarias, ni\u00f1os sanos: Ayudar a las familias con hijos lesbianas, gays, bisexuales y transexuales<\/a> (24 p\u00e1ginas)<\/p>\n\n<p>Gu\u00eda: <a href=\"https:\/\/cssp.org\/wp-content\/uploads\/2018\/08\/Out-of-the-Shadows-Supporting-LGBTQ-youth-in-child-welfare-through-cross-system-collaboration-web.pdf\">Fuera de las sombras: Apoyar a los J\u00f3venes LGBTQ en el Bienestar Infantil mediante la Colaboraci\u00f3n entre Sistemas<\/a> (36 p\u00e1ginas)<\/p>\n\n<p>Gu\u00eda:<a href=\"https:\/\/learn.texascasa.org\/resource\/serving-lgbtq-youth-promising-practices-in-adoption-and-foster-care\"> Servir a los J\u00f3venes LGBTQ: Pr\u00e1cticas prometedoras en adopci\u00f3n y acogida<\/a> (142 p\u00e1ginas)<\/p>\n\n<p>Gu\u00eda: <a href=\"https:\/\/familyproject.sfsu.edu\/sites\/default\/files\/bestpracticeslgbtyouth.pdf\">Atender a los j\u00f3venes LGBT que reciben asistencia fuera del hogar<\/a> (96 p\u00e1ginas)<\/p>\n\n<p style=\"font-size:25px\" class=\"has-text-color has-vivid-red-color\"><strong>V\u00eddeos\/Webinarios<\/strong><\/p>\n\n<p>Webinar: <a href=\"https:\/\/learn.texascasa.org\/resource\/affirming-care-for-transgender-and-gender-expansive-youth\">Afirmaci\u00f3n de la Atenci\u00f3n a J\u00f3venes Transexuales y con Expansi\u00f3n de G\u00e9nero<\/a> (90 minutos)<\/p>\n\n<p>V\u00eddeo: <a href=\"https:\/\/www.youtube.com\/watch?v=nuSikwpqazA\">La Juventud Invisible del Acogimiento Familiar: Voces LGBTQ<\/a> (28 minutos)<\/p>\n\n<p>Webinar: <a href=\"https:\/\/learn.texascasa.org\/resource\/serving-lgbtq-youth-in-residential-and-child-welfare-settings\">Atender a j\u00f3venes LBGTQ en entornos residenciales y de bienestar infantil<\/a> (90 minutos)<\/p>\n\n<p>V\u00eddeo: <a href=\"https:\/\/www.nctsn.org\/resources\/lgbtq-youth-voices-trauma-lives-promise\">J\u00f3venes LGBTQ: Voces de Trauma, Vidas de Promesa<\/a> (14 minutos)<\/p>\n","protected":false},"excerpt":{"rendered":"<p>Art\u00edculos\/Gu\u00edas Gu\u00eda: Familias solidarias, ni\u00f1os sanos: Ayudar a las familias con hijos lesbianas, gays, bisexuales y transexuales (24 p\u00e1ginas) Gu\u00eda: Fuera de las sombras: Apoyar a los J\u00f3venes LGBTQ en el Bienestar Infantil mediante la Colaboraci\u00f3n entre Sistemas (36 p\u00e1ginas) Gu\u00eda: Servir a los J\u00f3venes LGBTQ: Pr\u00e1cticas prometedoras en adopci\u00f3n y acogida (142 p\u00e1ginas) Gu\u00eda: [&hellip;]<\/p>\n","protected":false},"author":5,"featured_media":0,"parent":0,"menu_order":0,"comment_status":"closed","ping_status":"closed","template":"","meta":{"_et_pb_use_builder":"","_et_pb_old_content":"","_et_gb_content_width":"","footnotes":""},"class_list":["post-3249","page","type-page","status-publish","hentry"],"yoast_head":"<!-- This site is optimized with the Yoast SEO plugin v27.2 - https:\/\/yoast.com\/product\/yoast-seo-wordpress\/ -->\n<title>Recursos: LGBTQ - Casa of Linn County, Oregon<\/title>\n<meta name=\"description\" content=\"Explora los recursos y servicios de apoyo adaptados a la comunidad LGBTQ+ en el contexto del bienestar y la defensa de la infancia.\" \/>\n<meta name=\"robots\" content=\"index, follow, max-snippet:-1, max-image-preview:large, max-video-preview:-1\" \/>\n<link rel=\"canonical\" href=\"https:\/\/www.linncasa.org\/es\/recursos-lgbtq\/\" \/>\n<meta property=\"og:locale\" content=\"es_ES\" \/>\n<meta property=\"og:type\" content=\"article\" \/>\n<meta property=\"og:title\" content=\"Recursos: LGBTQ - Casa of Linn County, Oregon\" \/>\n<meta property=\"og:description\" content=\"Explora los recursos y servicios de apoyo adaptados a la comunidad LGBTQ+ en el contexto del bienestar y la defensa de la infancia.\" \/>\n<meta property=\"og:url\" content=\"https:\/\/www.linncasa.org\/es\/recursos-lgbtq\/\" \/>\n<meta property=\"og:site_name\" content=\"Casa of Linn County, Oregon\" \/>\n<meta property=\"article:publisher\" content=\"https:\/\/www.facebook.com\/CasaOfLinnCounty\/\" \/>\n<meta property=\"article:modified_time\" content=\"2025-04-30T06:35:11+00:00\" \/>\n<meta name=\"twitter:card\" content=\"summary_large_image\" \/>\n<meta name=\"twitter:label1\" content=\"Tiempo de lectura\" \/>\n\t<meta name=\"twitter:data1\" content=\"1 minuto\" \/>\n<script type=\"application\/ld+json\" class=\"yoast-schema-graph\">{\"@context\":\"https:\/\/schema.org\",\"@graph\":[{\"@type\":\"WebPage\",\"@id\":\"https:\/\/www.linncasa.org\/es\/recursos-lgbtq\/\",\"url\":\"https:\/\/www.linncasa.org\/es\/recursos-lgbtq\/\",\"name\":\"Recursos: LGBTQ - Casa of Linn County, Oregon\",\"isPartOf\":{\"@id\":\"https:\/\/www.linncasa.org\/es\/#website\"},\"datePublished\":\"2020-02-25T08:04:26+00:00\",\"dateModified\":\"2025-04-30T06:35:11+00:00\",\"description\":\"Explora los recursos y servicios de apoyo adaptados a la comunidad LGBTQ+ en el contexto del bienestar y la defensa de la infancia.\",\"breadcrumb\":{\"@id\":\"https:\/\/www.linncasa.org\/es\/recursos-lgbtq\/#breadcrumb\"},\"inLanguage\":\"es\",\"potentialAction\":[{\"@type\":\"ReadAction\",\"target\":[\"https:\/\/www.linncasa.org\/es\/recursos-lgbtq\/\"]}]},{\"@type\":\"BreadcrumbList\",\"@id\":\"https:\/\/www.linncasa.org\/es\/recursos-lgbtq\/#breadcrumb\",\"itemListElement\":[{\"@type\":\"ListItem\",\"position\":1,\"name\":\"Home\",\"item\":\"https:\/\/www.linncasa.org\/es\/\"},{\"@type\":\"ListItem\",\"position\":2,\"name\":\"Recursos: LGBTQ\"}]},{\"@type\":\"WebSite\",\"@id\":\"https:\/\/www.linncasa.org\/es\/#website\",\"url\":\"https:\/\/www.linncasa.org\/es\/\",\"name\":\"CASA of Linn County\",\"description\":\"Change a Child&#039;s Story\u2122\",\"publisher\":{\"@id\":\"https:\/\/www.linncasa.org\/es\/#organization\"},\"potentialAction\":[{\"@type\":\"SearchAction\",\"target\":{\"@type\":\"EntryPoint\",\"urlTemplate\":\"https:\/\/www.linncasa.org\/es\/?s={search_term_string}\"},\"query-input\":{\"@type\":\"PropertyValueSpecification\",\"valueRequired\":true,\"valueName\":\"search_term_string\"}}],\"inLanguage\":\"es\"},{\"@type\":\"Organization\",\"@id\":\"https:\/\/www.linncasa.org\/es\/#organization\",\"name\":\"CASA of Linn County\",\"url\":\"https:\/\/www.linncasa.org\/es\/\",\"logo\":{\"@type\":\"ImageObject\",\"inLanguage\":\"es\",\"@id\":\"https:\/\/www.linncasa.org\/es\/#\/schema\/logo\/image\/\",\"url\":\"https:\/\/www.linncasa.org\/wp-content\/uploads\/2024\/03\/LINNCOUNTY_v_RedBlue.png\",\"contentUrl\":\"https:\/\/www.linncasa.org\/wp-content\/uploads\/2024\/03\/LINNCOUNTY_v_RedBlue.png\",\"width\":623,\"height\":630,\"caption\":\"CASA of Linn County\"},\"image\":{\"@id\":\"https:\/\/www.linncasa.org\/es\/#\/schema\/logo\/image\/\"},\"sameAs\":[\"https:\/\/www.facebook.com\/CasaOfLinnCounty\/\"]}]}<\/script>\n<!-- \/ Yoast SEO plugin. -->","yoast_head_json":{"title":"Recursos: LGBTQ - Casa of Linn County, Oregon","description":"Explora los recursos y servicios de apoyo adaptados a la comunidad LGBTQ+ en el contexto del bienestar y la defensa de la infancia.","robots":{"index":"index","follow":"follow","max-snippet":"max-snippet:-1","max-image-preview":"max-image-preview:large","max-video-preview":"max-video-preview:-1"},"canonical":"https:\/\/www.linncasa.org\/es\/recursos-lgbtq\/","og_locale":"es_ES","og_type":"article","og_title":"Recursos: LGBTQ - Casa of Linn County, Oregon","og_description":"Explora los recursos y servicios de apoyo adaptados a la comunidad LGBTQ+ en el contexto del bienestar y la defensa de la infancia.","og_url":"https:\/\/www.linncasa.org\/es\/recursos-lgbtq\/","og_site_name":"Casa of Linn County, Oregon","article_publisher":"https:\/\/www.facebook.com\/CasaOfLinnCounty\/","article_modified_time":"2025-04-30T06:35:11+00:00","twitter_card":"summary_large_image","twitter_misc":{"Tiempo de lectura":"1 minuto"},"schema":{"@context":"https:\/\/schema.org","@graph":[{"@type":"WebPage","@id":"https:\/\/www.linncasa.org\/es\/recursos-lgbtq\/","url":"https:\/\/www.linncasa.org\/es\/recursos-lgbtq\/","name":"Recursos: LGBTQ - Casa of Linn County, Oregon","isPartOf":{"@id":"https:\/\/www.linncasa.org\/es\/#website"},"datePublished":"2020-02-25T08:04:26+00:00","dateModified":"2025-04-30T06:35:11+00:00","description":"Explora los recursos y servicios de apoyo adaptados a la comunidad LGBTQ+ en el contexto del bienestar y la defensa de la infancia.","breadcrumb":{"@id":"https:\/\/www.linncasa.org\/es\/recursos-lgbtq\/#breadcrumb"},"inLanguage":"es","potentialAction":[{"@type":"ReadAction","target":["https:\/\/www.linncasa.org\/es\/recursos-lgbtq\/"]}]},{"@type":"BreadcrumbList","@id":"https:\/\/www.linncasa.org\/es\/recursos-lgbtq\/#breadcrumb","itemListElement":[{"@type":"ListItem","position":1,"name":"Home","item":"https:\/\/www.linncasa.org\/es\/"},{"@type":"ListItem","position":2,"name":"Recursos: LGBTQ"}]},{"@type":"WebSite","@id":"https:\/\/www.linncasa.org\/es\/#website","url":"https:\/\/www.linncasa.org\/es\/","name":"CASA of Linn County","description":"Change a Child&#039;s Story\u2122","publisher":{"@id":"https:\/\/www.linncasa.org\/es\/#organization"},"potentialAction":[{"@type":"SearchAction","target":{"@type":"EntryPoint","urlTemplate":"https:\/\/www.linncasa.org\/es\/?s={search_term_string}"},"query-input":{"@type":"PropertyValueSpecification","valueRequired":true,"valueName":"search_term_string"}}],"inLanguage":"es"},{"@type":"Organization","@id":"https:\/\/www.linncasa.org\/es\/#organization","name":"CASA of Linn County","url":"https:\/\/www.linncasa.org\/es\/","logo":{"@type":"ImageObject","inLanguage":"es","@id":"https:\/\/www.linncasa.org\/es\/#\/schema\/logo\/image\/","url":"https:\/\/www.linncasa.org\/wp-content\/uploads\/2024\/03\/LINNCOUNTY_v_RedBlue.png","contentUrl":"https:\/\/www.linncasa.org\/wp-content\/uploads\/2024\/03\/LINNCOUNTY_v_RedBlue.png","width":623,"height":630,"caption":"CASA of Linn County"},"image":{"@id":"https:\/\/www.linncasa.org\/es\/#\/schema\/logo\/image\/"},"sameAs":["https:\/\/www.facebook.com\/CasaOfLinnCounty\/"]}]}},"_links":{"self":[{"href":"https:\/\/www.linncasa.org\/es\/wp-json\/wp\/v2\/pages\/3249","targetHints":{"allow":["GET"]}}],"collection":[{"href":"https:\/\/www.linncasa.org\/es\/wp-json\/wp\/v2\/pages"}],"about":[{"href":"https:\/\/www.linncasa.org\/es\/wp-json\/wp\/v2\/types\/page"}],"author":[{"embeddable":true,"href":"https:\/\/www.linncasa.org\/es\/wp-json\/wp\/v2\/users\/5"}],"replies":[{"embeddable":true,"href":"https:\/\/www.linncasa.org\/es\/wp-json\/wp\/v2\/comments?post=3249"}],"version-history":[{"count":1,"href":"https:\/\/www.linncasa.org\/es\/wp-json\/wp\/v2\/pages\/3249\/revisions"}],"predecessor-version":[{"id":3252,"href":"https:\/\/www.linncasa.org\/es\/wp-json\/wp\/v2\/pages\/3249\/revisions\/3252"}],"wp:attachment":[{"href":"https:\/\/www.linncasa.org\/es\/wp-json\/wp\/v2\/media?parent=3249"}],"curies":[{"name":"wp","href":"https:\/\/api.w.org\/{rel}","templated":true}]}}