{"id":3250,"date":"2020-02-25T00:03:38","date_gmt":"2020-02-25T08:03:38","guid":{"rendered":"https:\/\/www.linncasa.org\/recursos-competencia-cultural-y-humildad\/"},"modified":"2025-04-29T23:35:11","modified_gmt":"2025-04-30T06:35:11","slug":"recursos-competencia-cultural-y-humildad","status":"publish","type":"page","link":"https:\/\/www.linncasa.org\/es\/recursos-competencia-cultural-y-humildad\/","title":{"rendered":"Recursos: Competencia cultural y humildad"},"content":{"rendered":"\n<p style=\"font-size:25px\" class=\"has-text-color has-vivid-red-color\"><strong>Art\u00edculos\/Gu\u00edas<\/strong><\/p>\n\n<p>Gu\u00eda: <a href=\"https:\/\/www.ilrc.org\/sites\/default\/files\/documents\/youth_handbook-2015-06_05-en.pdf\">Vivir en Estados Unidos: Gu\u00eda para j\u00f3venes inmigrantes<\/a> (42 p\u00e1ginas)<\/p>\n\n<p>Hoja informativa: <a href=\"http:\/\/www.cacf.org\/documents\/FS_Abuse.pdf\">Comprender los problemas del maltrato y el abandono y las familias asi\u00e1tico-americanas<\/a> (3 p\u00e1ginas)<\/p>\n\n<p>Gu\u00eda: <a href=\"https:\/\/advocacyinaction.casaforchildren.org\/cms\/wp-content\/uploads\/2018\/11\/Cultural-Awareness-Bias-Reducing-Disproportionality-Disparity.pdf\">Conciencia Cultural y Prejuicios: Reducir la desproporcionalidad y la disparidad<\/a> (7 p\u00e1ginas)<\/p>\n\n<p>Resumen tem\u00e1tico: <a href=\"https:\/\/www.childwelfare.gov\/pubpdfs\/racial_disproportionality.pdf\">Desproporcionalidad y disparidad raciales en el bienestar infantil<\/a> (22 p\u00e1ginas)<\/p>\n\n<p>Gu\u00eda: <a href=\"http:\/\/centerforchildwelfare.fmhi.usf.edu\/kb\/cultcomp\/Practice%20Guide%20for%20African%20American%20families.pdf\">Gu\u00eda Pr\u00e1ctica para Trabajar con Familias Afroamericanas en el Sistema de Bienestar<\/a> Infantil (24 p\u00e1ginas)<\/p>\n\n<p>Gu\u00eda: <a href=\"https:\/\/learn.texascasa.org\/resource\/connecting-across-culture-and-difference-in-casa-advocacy\">Conectar a trav\u00e9s de las culturas en la defensa de CASA<\/a> (10 p\u00e1ginas)<\/p>\n\n<p style=\"font-size:25px\" class=\"has-text-color has-vivid-red-color\"><strong>V\u00eddeos\/Webinarios<\/strong><\/p>\n\n<p>Charla TED: <a href=\"https:\/\/www.ted.com\/talks\/jessica_pryce_to_transform_child_welfare_take_race_out_of_the_equation?language=en#t-449291\">Para transformar el bienestar infantil, elimina la raza de la ecuaci\u00f3n<\/a> (7 minutos)<\/p>\n\n<p>V\u00eddeo: <a href=\"https:\/\/www.youtube.com\/watch?v=XmFNIHNlaI0\">Defensa sin prejuicios<\/a> (4 minutos)<\/p>\n\n<p>Test interactivo: <a href=\"https:\/\/implicit.harvard.edu\/implicit\/\">Test de prejuicios impl\u00edcitos de Harvard<\/a><\/p>\n\n<p>V\u00eddeo: <a href=\"https:\/\/www.youtube.com\/watch?v=pIhlT_zFxcs\">Comprender la cultura de la discapacidad y el orgullo<\/a> (50 minutos)<\/p>\n\n<p>Charla TED: <a href=\"https:\/\/www.youtube.com\/watch?v=f_Q1idxiEnw\">El trauma de ser negro en un hogar de acogida<\/a> (11 minutos)<\/p>\n\n<p>V\u00eddeo: <a href=\"https:\/\/study.com\/academy\/lesson\/cultural-humility-definition-example.html\">Humildad cultural<\/a> (5 minutos)<\/p>\n\n<p>Webinar: <a href=\"https:\/\/www.youtube.com\/watch?v=8hGjeTeYU0Q\">Trabajar eficazmente con familias culturalmente diversas de ni\u00f1os y j\u00f3venes con problemas de salud mental<\/a> (53 minutos)<\/p>\n\n<p>V\u00eddeo: <a href=\"https:\/\/www.youtube.com\/watch?time_continue=4&amp;v=7diOf9m6pFM\">Saber qui\u00e9n eres: La raza importa<\/a> (14 minutos)<\/p>\n\n<p>V\u00eddeo: <a href=\"https:\/\/www.cultureunplugged.com\/documentary\/watch-online\/play\/51562\/Struggle-for-Identity--Issues-in-Transracial-Adoption-Special-Edition\">Lucha por la identidad: Problemas de la adopci\u00f3n transracial<\/a> (20 minutos)<\/p>\n","protected":false},"excerpt":{"rendered":"<p>Art\u00edculos\/Gu\u00edas Gu\u00eda: Vivir en Estados Unidos: Gu\u00eda para j\u00f3venes inmigrantes (42 p\u00e1ginas) Hoja informativa: Comprender los problemas del maltrato y el abandono y las familias asi\u00e1tico-americanas (3 p\u00e1ginas) Gu\u00eda: Conciencia Cultural y Prejuicios: Reducir la desproporcionalidad y la disparidad (7 p\u00e1ginas) Resumen tem\u00e1tico: Desproporcionalidad y disparidad raciales en el bienestar infantil (22 p\u00e1ginas) Gu\u00eda: Gu\u00eda [&hellip;]<\/p>\n","protected":false},"author":5,"featured_media":0,"parent":0,"menu_order":0,"comment_status":"closed","ping_status":"closed","template":"","meta":{"_et_pb_use_builder":"","_et_pb_old_content":"","_et_gb_content_width":"","footnotes":""},"class_list":["post-3250","page","type-page","status-publish","hentry"],"yoast_head":"<!-- This site is optimized with the Yoast SEO plugin v27.2 - https:\/\/yoast.com\/product\/yoast-seo-wordpress\/ -->\n<title>Recursos: Competencia cultural y humildad | CASA del condado de Linn<\/title>\n<meta name=\"description\" content=\"Explora recursos e informaci\u00f3n sobre competencia cultural y humildad en el contexto de la defensa de los ni\u00f1os y los servicios sociales.\" \/>\n<meta name=\"robots\" content=\"index, follow, max-snippet:-1, max-image-preview:large, max-video-preview:-1\" \/>\n<link rel=\"canonical\" href=\"https:\/\/www.linncasa.org\/es\/recursos-competencia-cultural-y-humildad\/\" \/>\n<meta property=\"og:locale\" content=\"es_ES\" \/>\n<meta property=\"og:type\" content=\"article\" \/>\n<meta property=\"og:title\" content=\"Recursos: Competencia cultural y humildad | CASA del condado de Linn\" \/>\n<meta property=\"og:description\" content=\"Explora recursos e informaci\u00f3n sobre competencia cultural y humildad en el contexto de la defensa de los ni\u00f1os y los servicios sociales.\" \/>\n<meta property=\"og:url\" content=\"https:\/\/www.linncasa.org\/es\/recursos-competencia-cultural-y-humildad\/\" \/>\n<meta property=\"og:site_name\" content=\"Casa of Linn County, Oregon\" \/>\n<meta property=\"article:publisher\" content=\"https:\/\/www.facebook.com\/CasaOfLinnCounty\/\" \/>\n<meta property=\"article:modified_time\" content=\"2025-04-30T06:35:11+00:00\" \/>\n<meta name=\"twitter:card\" content=\"summary_large_image\" \/>\n<meta name=\"twitter:label1\" content=\"Tiempo de lectura\" \/>\n\t<meta name=\"twitter:data1\" content=\"1 minuto\" \/>\n<script type=\"application\/ld+json\" class=\"yoast-schema-graph\">{\"@context\":\"https:\/\/schema.org\",\"@graph\":[{\"@type\":\"WebPage\",\"@id\":\"https:\/\/www.linncasa.org\/es\/recursos-competencia-cultural-y-humildad\/\",\"url\":\"https:\/\/www.linncasa.org\/es\/recursos-competencia-cultural-y-humildad\/\",\"name\":\"Recursos: Competencia cultural y humildad | CASA del condado de Linn\",\"isPartOf\":{\"@id\":\"https:\/\/www.linncasa.org\/es\/#website\"},\"datePublished\":\"2020-02-25T08:03:38+00:00\",\"dateModified\":\"2025-04-30T06:35:11+00:00\",\"description\":\"Explora recursos e informaci\u00f3n sobre competencia cultural y humildad en el contexto de la defensa de los ni\u00f1os y los servicios sociales.\",\"breadcrumb\":{\"@id\":\"https:\/\/www.linncasa.org\/es\/recursos-competencia-cultural-y-humildad\/#breadcrumb\"},\"inLanguage\":\"es\",\"potentialAction\":[{\"@type\":\"ReadAction\",\"target\":[\"https:\/\/www.linncasa.org\/es\/recursos-competencia-cultural-y-humildad\/\"]}]},{\"@type\":\"BreadcrumbList\",\"@id\":\"https:\/\/www.linncasa.org\/es\/recursos-competencia-cultural-y-humildad\/#breadcrumb\",\"itemListElement\":[{\"@type\":\"ListItem\",\"position\":1,\"name\":\"Home\",\"item\":\"https:\/\/www.linncasa.org\/es\/\"},{\"@type\":\"ListItem\",\"position\":2,\"name\":\"Recursos: Competencia cultural y humildad\"}]},{\"@type\":\"WebSite\",\"@id\":\"https:\/\/www.linncasa.org\/es\/#website\",\"url\":\"https:\/\/www.linncasa.org\/es\/\",\"name\":\"CASA of Linn County\",\"description\":\"Change a Child&#039;s Story\u2122\",\"publisher\":{\"@id\":\"https:\/\/www.linncasa.org\/es\/#organization\"},\"potentialAction\":[{\"@type\":\"SearchAction\",\"target\":{\"@type\":\"EntryPoint\",\"urlTemplate\":\"https:\/\/www.linncasa.org\/es\/?s={search_term_string}\"},\"query-input\":{\"@type\":\"PropertyValueSpecification\",\"valueRequired\":true,\"valueName\":\"search_term_string\"}}],\"inLanguage\":\"es\"},{\"@type\":\"Organization\",\"@id\":\"https:\/\/www.linncasa.org\/es\/#organization\",\"name\":\"CASA of Linn County\",\"url\":\"https:\/\/www.linncasa.org\/es\/\",\"logo\":{\"@type\":\"ImageObject\",\"inLanguage\":\"es\",\"@id\":\"https:\/\/www.linncasa.org\/es\/#\/schema\/logo\/image\/\",\"url\":\"https:\/\/www.linncasa.org\/wp-content\/uploads\/2024\/03\/LINNCOUNTY_v_RedBlue.png\",\"contentUrl\":\"https:\/\/www.linncasa.org\/wp-content\/uploads\/2024\/03\/LINNCOUNTY_v_RedBlue.png\",\"width\":623,\"height\":630,\"caption\":\"CASA of Linn County\"},\"image\":{\"@id\":\"https:\/\/www.linncasa.org\/es\/#\/schema\/logo\/image\/\"},\"sameAs\":[\"https:\/\/www.facebook.com\/CasaOfLinnCounty\/\"]}]}<\/script>\n<!-- \/ Yoast SEO plugin. -->","yoast_head_json":{"title":"Recursos: Competencia cultural y humildad | CASA del condado de Linn","description":"Explora recursos e informaci\u00f3n sobre competencia cultural y humildad en el contexto de la defensa de los ni\u00f1os y los servicios sociales.","robots":{"index":"index","follow":"follow","max-snippet":"max-snippet:-1","max-image-preview":"max-image-preview:large","max-video-preview":"max-video-preview:-1"},"canonical":"https:\/\/www.linncasa.org\/es\/recursos-competencia-cultural-y-humildad\/","og_locale":"es_ES","og_type":"article","og_title":"Recursos: Competencia cultural y humildad | CASA del condado de Linn","og_description":"Explora recursos e informaci\u00f3n sobre competencia cultural y humildad en el contexto de la defensa de los ni\u00f1os y los servicios sociales.","og_url":"https:\/\/www.linncasa.org\/es\/recursos-competencia-cultural-y-humildad\/","og_site_name":"Casa of Linn County, Oregon","article_publisher":"https:\/\/www.facebook.com\/CasaOfLinnCounty\/","article_modified_time":"2025-04-30T06:35:11+00:00","twitter_card":"summary_large_image","twitter_misc":{"Tiempo de lectura":"1 minuto"},"schema":{"@context":"https:\/\/schema.org","@graph":[{"@type":"WebPage","@id":"https:\/\/www.linncasa.org\/es\/recursos-competencia-cultural-y-humildad\/","url":"https:\/\/www.linncasa.org\/es\/recursos-competencia-cultural-y-humildad\/","name":"Recursos: Competencia cultural y humildad | CASA del condado de Linn","isPartOf":{"@id":"https:\/\/www.linncasa.org\/es\/#website"},"datePublished":"2020-02-25T08:03:38+00:00","dateModified":"2025-04-30T06:35:11+00:00","description":"Explora recursos e informaci\u00f3n sobre competencia cultural y humildad en el contexto de la defensa de los ni\u00f1os y los servicios sociales.","breadcrumb":{"@id":"https:\/\/www.linncasa.org\/es\/recursos-competencia-cultural-y-humildad\/#breadcrumb"},"inLanguage":"es","potentialAction":[{"@type":"ReadAction","target":["https:\/\/www.linncasa.org\/es\/recursos-competencia-cultural-y-humildad\/"]}]},{"@type":"BreadcrumbList","@id":"https:\/\/www.linncasa.org\/es\/recursos-competencia-cultural-y-humildad\/#breadcrumb","itemListElement":[{"@type":"ListItem","position":1,"name":"Home","item":"https:\/\/www.linncasa.org\/es\/"},{"@type":"ListItem","position":2,"name":"Recursos: Competencia cultural y humildad"}]},{"@type":"WebSite","@id":"https:\/\/www.linncasa.org\/es\/#website","url":"https:\/\/www.linncasa.org\/es\/","name":"CASA of Linn County","description":"Change a Child&#039;s Story\u2122","publisher":{"@id":"https:\/\/www.linncasa.org\/es\/#organization"},"potentialAction":[{"@type":"SearchAction","target":{"@type":"EntryPoint","urlTemplate":"https:\/\/www.linncasa.org\/es\/?s={search_term_string}"},"query-input":{"@type":"PropertyValueSpecification","valueRequired":true,"valueName":"search_term_string"}}],"inLanguage":"es"},{"@type":"Organization","@id":"https:\/\/www.linncasa.org\/es\/#organization","name":"CASA of Linn County","url":"https:\/\/www.linncasa.org\/es\/","logo":{"@type":"ImageObject","inLanguage":"es","@id":"https:\/\/www.linncasa.org\/es\/#\/schema\/logo\/image\/","url":"https:\/\/www.linncasa.org\/wp-content\/uploads\/2024\/03\/LINNCOUNTY_v_RedBlue.png","contentUrl":"https:\/\/www.linncasa.org\/wp-content\/uploads\/2024\/03\/LINNCOUNTY_v_RedBlue.png","width":623,"height":630,"caption":"CASA of Linn County"},"image":{"@id":"https:\/\/www.linncasa.org\/es\/#\/schema\/logo\/image\/"},"sameAs":["https:\/\/www.facebook.com\/CasaOfLinnCounty\/"]}]}},"_links":{"self":[{"href":"https:\/\/www.linncasa.org\/es\/wp-json\/wp\/v2\/pages\/3250","targetHints":{"allow":["GET"]}}],"collection":[{"href":"https:\/\/www.linncasa.org\/es\/wp-json\/wp\/v2\/pages"}],"about":[{"href":"https:\/\/www.linncasa.org\/es\/wp-json\/wp\/v2\/types\/page"}],"author":[{"embeddable":true,"href":"https:\/\/www.linncasa.org\/es\/wp-json\/wp\/v2\/users\/5"}],"replies":[{"embeddable":true,"href":"https:\/\/www.linncasa.org\/es\/wp-json\/wp\/v2\/comments?post=3250"}],"version-history":[{"count":1,"href":"https:\/\/www.linncasa.org\/es\/wp-json\/wp\/v2\/pages\/3250\/revisions"}],"predecessor-version":[{"id":3253,"href":"https:\/\/www.linncasa.org\/es\/wp-json\/wp\/v2\/pages\/3250\/revisions\/3253"}],"wp:attachment":[{"href":"https:\/\/www.linncasa.org\/es\/wp-json\/wp\/v2\/media?parent=3250"}],"curies":[{"name":"wp","href":"https:\/\/api.w.org\/{rel}","templated":true}]}}