{"id":3257,"date":"2020-02-25T19:09:17","date_gmt":"2020-02-26T03:09:17","guid":{"rendered":"https:\/\/www.linncasa.org\/recursos-autocuidado\/"},"modified":"2025-04-29T23:35:17","modified_gmt":"2025-04-30T06:35:17","slug":"recursos-autocuidado","status":"publish","type":"page","link":"https:\/\/www.linncasa.org\/es\/recursos-autocuidado\/","title":{"rendered":"Recursos: Autocuidado"},"content":{"rendered":"\n<p style=\"font-size:25px\" class=\"has-text-color has-vivid-red-color\"><strong>Art\u00edculos\/Gu\u00edas<\/strong><\/p>\n\n<p>Gu\u00eda: <a href=\"http:\/\/www.compassionfatigue.org\/pages\/Top12SelfCareTips.pdf\">Transformar la Fatiga de Compasi\u00f3n en Satisfacci\u00f3n de Compasi\u00f3n: Los 12 mejores consejos de autocuidado para los ayudantes<\/a> (7 p\u00e1ginas)<\/p>\n\n<p>Art\u00edculo: <a href=\"https:\/\/www.tendacademy.ca\/what-is-compassion-fatigue\/\">\u00bfQu\u00e9 es la Fatiga de Compasi\u00f3n?<\/a> (2019, Academia TEND)<\/p>\n\n<p style=\"font-size:25px\" class=\"has-text-color has-vivid-red-color\"><strong>V\u00eddeos\/Webinarios<\/strong><\/p>\n\n<p>Charla TED: <a href=\"https:\/\/www.youtube.com\/watch?v=IcaUA6A37q8\">El l\u00edmite de la compasi\u00f3n<\/a> (18 minutos)<\/p>\n","protected":false},"excerpt":{"rendered":"<p>Art\u00edculos\/Gu\u00edas Gu\u00eda: Transformar la Fatiga de Compasi\u00f3n en Satisfacci\u00f3n de Compasi\u00f3n: Los 12 mejores consejos de autocuidado para los ayudantes (7 p\u00e1ginas) Art\u00edculo: \u00bfQu\u00e9 es la Fatiga de Compasi\u00f3n? (2019, Academia TEND) V\u00eddeos\/Webinarios Charla TED: El l\u00edmite de la compasi\u00f3n (18 minutos)<\/p>\n","protected":false},"author":5,"featured_media":0,"parent":0,"menu_order":0,"comment_status":"closed","ping_status":"closed","template":"","meta":{"_et_pb_use_builder":"","_et_pb_old_content":"","_et_gb_content_width":"","footnotes":""},"class_list":["post-3257","page","type-page","status-publish","hentry"],"yoast_head":"<!-- This site is optimized with the Yoast SEO plugin v27.2 - https:\/\/yoast.com\/product\/yoast-seo-wordpress\/ -->\n<title>Recursos de autocuidado para nuestros voluntarios CASA<\/title>\n<meta name=\"description\" content=\"Explora recursos y estrategias para practicar el autocuidado y promover el bienestar de cuidadores, profesionales y personas implicadas en el sistema de bienestar infantil.\" \/>\n<meta name=\"robots\" content=\"index, follow, max-snippet:-1, max-image-preview:large, max-video-preview:-1\" \/>\n<link rel=\"canonical\" href=\"https:\/\/www.linncasa.org\/es\/recursos-autocuidado\/\" \/>\n<meta property=\"og:locale\" content=\"es_ES\" \/>\n<meta property=\"og:type\" content=\"article\" \/>\n<meta property=\"og:title\" content=\"Recursos de autocuidado para nuestros voluntarios CASA\" \/>\n<meta property=\"og:description\" content=\"Explora recursos y estrategias para practicar el autocuidado y promover el bienestar de cuidadores, profesionales y personas implicadas en el sistema de bienestar infantil.\" \/>\n<meta property=\"og:url\" content=\"https:\/\/www.linncasa.org\/es\/recursos-autocuidado\/\" \/>\n<meta property=\"og:site_name\" content=\"Casa of Linn County, Oregon\" \/>\n<meta property=\"article:publisher\" content=\"https:\/\/www.facebook.com\/CasaOfLinnCounty\/\" \/>\n<meta property=\"article:modified_time\" content=\"2025-04-30T06:35:17+00:00\" \/>\n<meta name=\"twitter:card\" content=\"summary_large_image\" \/>\n<script type=\"application\/ld+json\" class=\"yoast-schema-graph\">{\"@context\":\"https:\/\/schema.org\",\"@graph\":[{\"@type\":\"WebPage\",\"@id\":\"https:\/\/www.linncasa.org\/es\/recursos-autocuidado\/\",\"url\":\"https:\/\/www.linncasa.org\/es\/recursos-autocuidado\/\",\"name\":\"Recursos de autocuidado para nuestros voluntarios CASA\",\"isPartOf\":{\"@id\":\"https:\/\/www.linncasa.org\/es\/#website\"},\"datePublished\":\"2020-02-26T03:09:17+00:00\",\"dateModified\":\"2025-04-30T06:35:17+00:00\",\"description\":\"Explora recursos y estrategias para practicar el autocuidado y promover el bienestar de cuidadores, profesionales y personas implicadas en el sistema de bienestar infantil.\",\"breadcrumb\":{\"@id\":\"https:\/\/www.linncasa.org\/es\/recursos-autocuidado\/#breadcrumb\"},\"inLanguage\":\"es\",\"potentialAction\":[{\"@type\":\"ReadAction\",\"target\":[\"https:\/\/www.linncasa.org\/es\/recursos-autocuidado\/\"]}]},{\"@type\":\"BreadcrumbList\",\"@id\":\"https:\/\/www.linncasa.org\/es\/recursos-autocuidado\/#breadcrumb\",\"itemListElement\":[{\"@type\":\"ListItem\",\"position\":1,\"name\":\"Home\",\"item\":\"https:\/\/www.linncasa.org\/es\/\"},{\"@type\":\"ListItem\",\"position\":2,\"name\":\"Recursos: Autocuidado\"}]},{\"@type\":\"WebSite\",\"@id\":\"https:\/\/www.linncasa.org\/es\/#website\",\"url\":\"https:\/\/www.linncasa.org\/es\/\",\"name\":\"CASA of Linn County\",\"description\":\"Change a Child&#039;s Story\u2122\",\"publisher\":{\"@id\":\"https:\/\/www.linncasa.org\/es\/#organization\"},\"potentialAction\":[{\"@type\":\"SearchAction\",\"target\":{\"@type\":\"EntryPoint\",\"urlTemplate\":\"https:\/\/www.linncasa.org\/es\/?s={search_term_string}\"},\"query-input\":{\"@type\":\"PropertyValueSpecification\",\"valueRequired\":true,\"valueName\":\"search_term_string\"}}],\"inLanguage\":\"es\"},{\"@type\":\"Organization\",\"@id\":\"https:\/\/www.linncasa.org\/es\/#organization\",\"name\":\"CASA of Linn County\",\"url\":\"https:\/\/www.linncasa.org\/es\/\",\"logo\":{\"@type\":\"ImageObject\",\"inLanguage\":\"es\",\"@id\":\"https:\/\/www.linncasa.org\/es\/#\/schema\/logo\/image\/\",\"url\":\"https:\/\/www.linncasa.org\/wp-content\/uploads\/2024\/03\/LINNCOUNTY_v_RedBlue.png\",\"contentUrl\":\"https:\/\/www.linncasa.org\/wp-content\/uploads\/2024\/03\/LINNCOUNTY_v_RedBlue.png\",\"width\":623,\"height\":630,\"caption\":\"CASA of Linn County\"},\"image\":{\"@id\":\"https:\/\/www.linncasa.org\/es\/#\/schema\/logo\/image\/\"},\"sameAs\":[\"https:\/\/www.facebook.com\/CasaOfLinnCounty\/\"]}]}<\/script>\n<!-- \/ Yoast SEO plugin. -->","yoast_head_json":{"title":"Recursos de autocuidado para nuestros voluntarios CASA","description":"Explora recursos y estrategias para practicar el autocuidado y promover el bienestar de cuidadores, profesionales y personas implicadas en el sistema de bienestar infantil.","robots":{"index":"index","follow":"follow","max-snippet":"max-snippet:-1","max-image-preview":"max-image-preview:large","max-video-preview":"max-video-preview:-1"},"canonical":"https:\/\/www.linncasa.org\/es\/recursos-autocuidado\/","og_locale":"es_ES","og_type":"article","og_title":"Recursos de autocuidado para nuestros voluntarios CASA","og_description":"Explora recursos y estrategias para practicar el autocuidado y promover el bienestar de cuidadores, profesionales y personas implicadas en el sistema de bienestar infantil.","og_url":"https:\/\/www.linncasa.org\/es\/recursos-autocuidado\/","og_site_name":"Casa of Linn County, Oregon","article_publisher":"https:\/\/www.facebook.com\/CasaOfLinnCounty\/","article_modified_time":"2025-04-30T06:35:17+00:00","twitter_card":"summary_large_image","schema":{"@context":"https:\/\/schema.org","@graph":[{"@type":"WebPage","@id":"https:\/\/www.linncasa.org\/es\/recursos-autocuidado\/","url":"https:\/\/www.linncasa.org\/es\/recursos-autocuidado\/","name":"Recursos de autocuidado para nuestros voluntarios CASA","isPartOf":{"@id":"https:\/\/www.linncasa.org\/es\/#website"},"datePublished":"2020-02-26T03:09:17+00:00","dateModified":"2025-04-30T06:35:17+00:00","description":"Explora recursos y estrategias para practicar el autocuidado y promover el bienestar de cuidadores, profesionales y personas implicadas en el sistema de bienestar infantil.","breadcrumb":{"@id":"https:\/\/www.linncasa.org\/es\/recursos-autocuidado\/#breadcrumb"},"inLanguage":"es","potentialAction":[{"@type":"ReadAction","target":["https:\/\/www.linncasa.org\/es\/recursos-autocuidado\/"]}]},{"@type":"BreadcrumbList","@id":"https:\/\/www.linncasa.org\/es\/recursos-autocuidado\/#breadcrumb","itemListElement":[{"@type":"ListItem","position":1,"name":"Home","item":"https:\/\/www.linncasa.org\/es\/"},{"@type":"ListItem","position":2,"name":"Recursos: Autocuidado"}]},{"@type":"WebSite","@id":"https:\/\/www.linncasa.org\/es\/#website","url":"https:\/\/www.linncasa.org\/es\/","name":"CASA of Linn County","description":"Change a Child&#039;s Story\u2122","publisher":{"@id":"https:\/\/www.linncasa.org\/es\/#organization"},"potentialAction":[{"@type":"SearchAction","target":{"@type":"EntryPoint","urlTemplate":"https:\/\/www.linncasa.org\/es\/?s={search_term_string}"},"query-input":{"@type":"PropertyValueSpecification","valueRequired":true,"valueName":"search_term_string"}}],"inLanguage":"es"},{"@type":"Organization","@id":"https:\/\/www.linncasa.org\/es\/#organization","name":"CASA of Linn County","url":"https:\/\/www.linncasa.org\/es\/","logo":{"@type":"ImageObject","inLanguage":"es","@id":"https:\/\/www.linncasa.org\/es\/#\/schema\/logo\/image\/","url":"https:\/\/www.linncasa.org\/wp-content\/uploads\/2024\/03\/LINNCOUNTY_v_RedBlue.png","contentUrl":"https:\/\/www.linncasa.org\/wp-content\/uploads\/2024\/03\/LINNCOUNTY_v_RedBlue.png","width":623,"height":630,"caption":"CASA of Linn County"},"image":{"@id":"https:\/\/www.linncasa.org\/es\/#\/schema\/logo\/image\/"},"sameAs":["https:\/\/www.facebook.com\/CasaOfLinnCounty\/"]}]}},"_links":{"self":[{"href":"https:\/\/www.linncasa.org\/es\/wp-json\/wp\/v2\/pages\/3257","targetHints":{"allow":["GET"]}}],"collection":[{"href":"https:\/\/www.linncasa.org\/es\/wp-json\/wp\/v2\/pages"}],"about":[{"href":"https:\/\/www.linncasa.org\/es\/wp-json\/wp\/v2\/types\/page"}],"author":[{"embeddable":true,"href":"https:\/\/www.linncasa.org\/es\/wp-json\/wp\/v2\/users\/5"}],"replies":[{"embeddable":true,"href":"https:\/\/www.linncasa.org\/es\/wp-json\/wp\/v2\/comments?post=3257"}],"version-history":[{"count":1,"href":"https:\/\/www.linncasa.org\/es\/wp-json\/wp\/v2\/pages\/3257\/revisions"}],"predecessor-version":[{"id":3265,"href":"https:\/\/www.linncasa.org\/es\/wp-json\/wp\/v2\/pages\/3257\/revisions\/3265"}],"wp:attachment":[{"href":"https:\/\/www.linncasa.org\/es\/wp-json\/wp\/v2\/media?parent=3257"}],"curies":[{"name":"wp","href":"https:\/\/api.w.org\/{rel}","templated":true}]}}